{"id":18962,"date":"2021-10-19T14:33:26","date_gmt":"2021-10-19T17:33:26","guid":{"rendered":"https:\/\/wp.ufpel.edu.br\/progep\/?page_id=18962"},"modified":"2025-06-30T14:19:13","modified_gmt":"2025-06-30T17:19:13","slug":"o-que-um-mastologista-gostaria-que-todos-soubessem-sobre-o-cancer-de-mama","status":"publish","type":"page","link":"https:\/\/wp.ufpel.edu.br\/progep\/o-que-um-mastologista-gostaria-que-todos-soubessem-sobre-o-cancer-de-mama\/","title":{"rendered":"Capacita\u00e7\u00e3o: O que um mastologista gostaria que todos soubessem sobre o c\u00e2ncer de mama"},"content":{"rendered":"\r\n<p><strong>Facilitador:\u00a0<\/strong>Thiago Gonzalez Barbosa e Silva (Professor da Faculdade de Medicina)<\/p>\r\n\r\n\r\n\r\n<p><strong>Data:<\/strong> 29\/10\/2021 (sexta-feira)<\/p>\r\n\r\n\r\n\r\n<p><strong>Hora:\u00a0<\/strong>das 14h \u00e0s 16h<\/p>\r\n\r\n\r\n\r\n<p><strong>Realiza\u00e7\u00e3o:<\/strong>\u00a0plataforma Webconf da UFPel (na modalidade\u00a0<em>on-line)<\/em><\/p>\r\n\r\n\r\n\r\n<p><strong>Ementa:\u00a0<\/strong>Palestra e discuss\u00e3o sobre t\u00f3picos relacionados ao c\u00e2ncer de mama (como rastreamento, diagn\u00f3stico e tratamento), tentando esclarecer mitos e verdades sobre a doen\u00e7a<\/p>\r\n\r\n\r\n\r\n<p><strong>P\u00fablico Alvo<\/strong>: Servidores docentes e TAE\u2019s ativos*<\/p>\r\n\r\n\r\n\r\n<p><strong>Per\u00edodo de inscri\u00e7\u00e3o<\/strong>: 19\/10 a 27\/10\/2021<\/p>\r\n\r\n\r\n\r\n<p><strong>Divulga\u00e7\u00e3o das inscri\u00e7\u00f5es homologadas<\/strong>: 28\/10**, nesta p\u00e1gina.<\/p>\r\n\r\n\r\n\r\n<p>*Considerando a Pol\u00edtica Nacional de Desenvolvimento de Pessoas, conforme Decreto n\u00ba 9.991\/19, somente ser\u00e3o certificados os servidores p\u00fablicos pertencentes ao Quadro Efetivo da UFPel.<\/p>\r\n\r\n\r\n\r\n<p>**Quando homologadas as inscri\u00e7\u00f5es, os selecionados receber\u00e3o e-mail com instru\u00e7\u00f5es de acesso \u00e0 sala de Webconf da UFPel.<\/p>\r\n\r\n\r\n\r\n<p>&nbsp;<\/p>\r\n\r\n\r\n\r\n<p>&nbsp;<\/p>\r\n\r\n\r\n\r\n<p>&nbsp;<\/p>\r\n\r\n\r\n\r\n<p>&nbsp;<\/p>\r\n\r\n\r\n\r\n<p>&nbsp;<\/p>\r\n","protected":false},"excerpt":{"rendered":"<p>Facilitador:\u00a0Thiago Gonzalez Barbosa e Silva (Professor da Faculdade de Medicina) Data: 29\/10\/2021 (sexta-feira) Hora:\u00a0das 14h \u00e0s 16h Realiza\u00e7\u00e3o:\u00a0plataforma Webconf da UFPel (na modalidade\u00a0on-line) Ementa:\u00a0Palestra e discuss\u00e3o sobre t\u00f3picos relacionados ao c\u00e2ncer de mama (como rastreamento, diagn\u00f3stico e tratamento), tentando esclarecer mitos e verdades sobre a doen\u00e7a P\u00fablico Alvo: Servidores docentes e TAE\u2019s ativos* Per\u00edodo de [&hellip;]<\/p>\n","protected":false},"author":21,"featured_media":0,"parent":0,"menu_order":0,"comment_status":"closed","ping_status":"closed","template":"","meta":{"footnotes":""},"class_list":["post-18962","page","type-page","status-publish","hentry"],"_links":{"self":[{"href":"https:\/\/wp.ufpel.edu.br\/progep\/wp-json\/wp\/v2\/pages\/18962","targetHints":{"allow":["GET"]}}],"collection":[{"href":"https:\/\/wp.ufpel.edu.br\/progep\/wp-json\/wp\/v2\/pages"}],"about":[{"href":"https:\/\/wp.ufpel.edu.br\/progep\/wp-json\/wp\/v2\/types\/page"}],"author":[{"embeddable":true,"href":"https:\/\/wp.ufpel.edu.br\/progep\/wp-json\/wp\/v2\/users\/21"}],"replies":[{"embeddable":true,"href":"https:\/\/wp.ufpel.edu.br\/progep\/wp-json\/wp\/v2\/comments?post=18962"}],"version-history":[{"count":5,"href":"https:\/\/wp.ufpel.edu.br\/progep\/wp-json\/wp\/v2\/pages\/18962\/revisions"}],"predecessor-version":[{"id":33993,"href":"https:\/\/wp.ufpel.edu.br\/progep\/wp-json\/wp\/v2\/pages\/18962\/revisions\/33993"}],"wp:attachment":[{"href":"https:\/\/wp.ufpel.edu.br\/progep\/wp-json\/wp\/v2\/media?parent=18962"}],"curies":[{"name":"wp","href":"https:\/\/api.w.org\/{rel}","templated":true}]}}