{"id":18929,"date":"2021-10-18T15:11:54","date_gmt":"2021-10-18T18:11:54","guid":{"rendered":"https:\/\/wp.ufpel.edu.br\/progep\/?page_id=18929"},"modified":"2021-10-18T16:36:56","modified_gmt":"2021-10-18T19:36:56","slug":"mes-do-servidor-atividade-cultural","status":"publish","type":"page","link":"https:\/\/wp.ufpel.edu.br\/progep\/mes-do-servidor-atividade-cultural\/","title":{"rendered":"M\u00caS DO SERVIDOR- ATIVIDADE CULTURAL"},"content":{"rendered":"\n<p>\u201cTu conheces o patrim\u00f4nio edificado da UFPel?<\/p>\n\n\n\n<div class=\"wp-block-image\"><figure class=\"alignleft is-resized\"><a href=\"https:\/\/wp.ufpel.edu.br\/progep\/files\/2021\/10\/Grande-Hotel-scaled.jpg\"><img src=\"https:\/\/wp.ufpel.edu.br\/progep\/files\/2021\/10\/Grande-Hotel-scaled.jpg\" alt=\"\" class=\"wp-image-18918\" width=\"400\" height=\"460\" \/><\/a><\/figure><\/div>\n\n\n\n<p class=\"has-text-align-left\">O projeto de extens\u00e3o \u201cVisitas monitoradas pelos pr\u00e9dios da Universidade Federal de Pelotas\u201d apresenta um ROTEIRO VIRTUAL por alguns pr\u00e9dios da UFPel para que possas conhecer um pouco mais da nossa Universidade. &nbsp;Coaduna-se com o prop\u00f3sito do estudo, ampliar o conhecimento sobre o patrim\u00f4nio cultural edificado da UFPel.<\/p>\n\n\n\n<p class=\"has-text-align-left\"><br>O ROTEIRO foi elaborado pela bolsista do projeto Hellen Bitencourt e orientado pela professora Dalila M\u00fcller e conta com fotografias atuais e antigas, hist\u00f3ria do pr\u00e9dio e narrativas sobre os mesmos.<br><\/p>\n\n\n\n<p class=\"has-text-align-left\">Faz esse tour conosco!<br><\/p>\n\n\n\n<p class=\"has-text-align-left\">Bom passeio!<\/p>\n\n\n\n<p class=\"has-text-align-left\">Todas as atividades (podcast, v\u00eddeo, roteiro virtual,&nbsp; facebook, Instagram est\u00e3o no link:<br><br><a href=\"https:\/\/linktr.ee\/projetovisitasmonitoradas\" target=\"_blank\" rel=\"noreferrer noopener\">https:\/\/linktr.ee\/projetovisitasmonitoradas<\/a><\/p>\n\n\n\n<p class=\"has-text-align-left\"><br><br><br><br><br><\/p>\n\n\n\n<div class=\"wp-block-columns is-layout-flex wp-container-core-columns-is-layout-9d6595d7 wp-block-columns-is-layout-flex\">\n<div class=\"wp-block-column is-layout-flow wp-block-column-is-layout-flow\" style=\"flex-basis:100%\">\n<div class=\"wp-block-columns is-layout-flex wp-container-core-columns-is-layout-9d6595d7 wp-block-columns-is-layout-flex\">\n<div class=\"wp-block-column is-layout-flow wp-block-column-is-layout-flow\" style=\"flex-basis:50%\">\n<figure class=\"wp-block-embed is-type-rich is-provider-spotify wp-block-embed-spotify wp-embed-aspect-21-9 wp-has-aspect-ratio\"><div class=\"wp-block-embed__wrapper\">\nhttps:\/\/open.spotify.com\/show\/2I7Urb6atSWP7ToN2CDOoA\n<\/div><\/figure>\n\n\n\n<p><\/p>\n<\/div>\n\n\n\n<div class=\"wp-block-column is-layout-flow wp-block-column-is-layout-flow\" style=\"flex-basis:50%\">\n<figure class=\"wp-block-image size-large\"><a href=\"https:\/\/earth.google.com\/web\/@-31.77094961,-52.34281913,14.34218517a,4103.58456788d,30y,0h,0t,0r\/data=MicKJQojCiExY0pBZ3UzWHhYUjBZSDBoSEdDeTktcVlyY19QWm52ZWI?fbclid=IwAR2Pv77hL_Yb0FZntWZyfxPbWmzpIpxVPZZ5yWOpIon-no_k4oIMU09U3xs\"><img width=\"1024\" height=\"515\" src=\"https:\/\/wp.ufpel.edu.br\/progep\/files\/2021\/10\/fundo_google-1024x515.png\" alt=\"\" class=\"wp-image-18937\" srcset=\"https:\/\/wp.ufpel.edu.br\/progep\/files\/2021\/10\/fundo_google-1024x515.png 1024w, https:\/\/wp.ufpel.edu.br\/progep\/files\/2021\/10\/fundo_google-400x201.png 400w, https:\/\/wp.ufpel.edu.br\/progep\/files\/2021\/10\/fundo_google-768x386.png 768w, https:\/\/wp.ufpel.edu.br\/progep\/files\/2021\/10\/fundo_google-1536x773.png 1536w, https:\/\/wp.ufpel.edu.br\/progep\/files\/2021\/10\/fundo_google.png 1920w\" sizes=\"(max-width: 1024px) 100vw, 1024px\" \/><\/a><\/figure>\n<\/div>\n<\/div>\n<\/div>\n<\/div>\n\n\n\n<hr class=\"wp-block-separator has-text-color has-background has-vivid-cyan-blue-background-color has-vivid-cyan-blue-color\" \/>\n\n\n\n<div class=\"wp-block-image\"><figure class=\"alignright is-resized\"><a href=\"https:\/\/wp.ufpel.edu.br\/progep\/files\/2021\/10\/museu-do-doce-scaled.jpg\"><img src=\"https:\/\/wp.ufpel.edu.br\/progep\/files\/2021\/10\/museu-do-doce-scaled.jpg\" alt=\"\" class=\"wp-image-18919\" width=\"427\" height=\"324\" \/><\/a><\/figure><\/div>\n\n\n\n<p><strong>O Museu do Doce, a hist\u00f3ria e a cultura em torno das tradi\u00e7\u00f5es doceiras de Pelotas e regi\u00e3o: visita remota em homenagem ao dia do servidor na UFPel<\/strong><\/p>\n\n\n\n<p>Antes de come\u00e7armos nossa visita remota ao Museu do Doce e imers\u00e3o na hist\u00f3ria e cultura das tradi\u00e7\u00f5es doceira locais, te convidamos a assistir esse v\u00eddeo breve com a apresenta\u00e7\u00e3o da proposta.<\/p>\n\n\n\n<p><\/p>\n\n\n\n<figure class=\"wp-block-embed is-type-wp-embed is-provider-midia-incorporada wp-block-embed-midia-incorporada\"><div class=\"wp-block-embed__wrapper\">\n<blockquote class=\"wp-embedded-content\" data-secret=\"aWOWrlM3ZE\"><a href=\"https:\/\/wp.ufpel.edu.br\/museudodoce\/visita-remota\/\">VISITA REMOTA<\/a><\/blockquote><iframe class=\"wp-embedded-content\" sandbox=\"allow-scripts\" security=\"restricted\" style=\"position: absolute; clip: rect(1px, 1px, 1px, 1px);\" title=\"&#8220;VISITA REMOTA&#8221; &#8212; Museu do Doce - UFPel\" src=\"https:\/\/wp.ufpel.edu.br\/museudodoce\/visita-remota\/embed\/#?secret=kFnRW5SFuc#?secret=aWOWrlM3ZE\" data-secret=\"aWOWrlM3ZE\" width=\"500\" height=\"282\" frameborder=\"0\" marginwidth=\"0\" marginheight=\"0\" scrolling=\"no\"><\/iframe>\n<\/div><\/figure>\n\n\n\n<p><\/p>\n\n\n\n<figure class=\"wp-block-embed is-type-video is-provider-youtube wp-block-embed-youtube wp-embed-aspect-16-9 wp-has-aspect-ratio\"><div class=\"wp-block-embed__wrapper\">\n<iframe title=\"Visita Remota ao Museu do Doce da UFPel - Introdu\u00e7\u00e3o.\" width=\"500\" height=\"281\" src=\"https:\/\/www.youtube.com\/embed\/-UF9oO1ixzM?feature=oembed\" frameborder=\"0\" allow=\"accelerometer; autoplay; clipboard-write; encrypted-media; gyroscope; picture-in-picture; web-share\" referrerpolicy=\"strict-origin-when-cross-origin\" allowfullscreen><\/iframe>\n<\/div><\/figure>\n\n\n\n<p><\/p>\n\n\n\n<p>As tradi\u00e7\u00f5es doceiras de Pelotas e antiga Pelotas s\u00e3o patrim\u00f4nio cultural imaterial do Brasil. Um patrim\u00f4nio imaterial \u00e9 algo din\u00e2mico e socialmente ativo, dessa forma, n\u00e3o fica restrito a um museu. Esse \u00e9 o caso das tradi\u00e7\u00f5es doceiras locais, cujas manifesta\u00e7\u00f5es podem ser encontradas desde o Mercado Central da cidade de Pelotas-RS, onde \u00e9 poss\u00edvel provar os doces t\u00edpicos, at\u00e9 a hist\u00f3ria e a mem\u00f3ria dessas tradi\u00e7\u00f5es, que s\u00e3o apreens\u00edveis em locais como o Museu do Doce (ICH-UFPel). Abaixo indicamos um programa que foi recentemente veiculado pela TV Brasil. Aproveitem para conhecer n\u00e3o somente a hist\u00f3ria dessas tradi\u00e7\u00f5es, como tamb\u00e9m aspectos da hist\u00f3ria do Rio Grande do Sul e do Brasil ao assistirem ao epis\u00f3dio da s\u00e9rie \u201cConhecendo Museus\u201d que destacou o Museu do Doce e a pr\u00f3pria hist\u00f3ria das tradi\u00e7\u00f5es doceiras locais.<\/p>\n\n\n\n<p>O link para o programa est\u00e1 livremente dispon\u00edvel abaixo:<\/p>\n\n\n\n<figure class=\"wp-block-embed is-type-video is-provider-youtube wp-block-embed-youtube wp-embed-aspect-16-9 wp-has-aspect-ratio\"><div class=\"wp-block-embed__wrapper\">\n<iframe title=\"Conhecendo Museus | Epis\u00f3dio: MUSEU DO DOCE\" width=\"500\" height=\"281\" src=\"https:\/\/www.youtube.com\/embed\/qQiyYUqMC5o?feature=oembed\" frameborder=\"0\" allow=\"accelerometer; autoplay; clipboard-write; encrypted-media; gyroscope; picture-in-picture; web-share\" referrerpolicy=\"strict-origin-when-cross-origin\" allowfullscreen><\/iframe>\n<\/div><\/figure>\n\n\n\n<p>As tradi\u00e7\u00f5es doceiras de Pelotas passaram por todo esse processo que gerou, dentre outros produtos, o filme intitulado \u201cO sal e o a\u00e7\u00facar: as tradi\u00e7\u00f5es doceiras em Pelotas e antiga Pelotas\u201d. Esse longa-metragem apresenta um fant\u00e1stico panorama sobre o tema, com informa\u00e7\u00f5es hist\u00f3ricas, sociais, culturais, art\u00edsticas, dentre outras.&nbsp;O filme est\u00e1 livremente dispon\u00edvel abaixo.<\/p>\n\n\n\n<figure class=\"wp-block-embed is-type-video is-provider-vimeo wp-block-embed-vimeo wp-embed-aspect-16-9 wp-has-aspect-ratio\"><div class=\"wp-block-embed__wrapper\">\n<iframe title=\"O Sal e o Ac\u0327u\u0301car_vers\u00e3o longa-metragem\" src=\"https:\/\/player.vimeo.com\/video\/257075389?dnt=1&amp;app_id=122963\" width=\"500\" height=\"281\" frameborder=\"0\" allow=\"autoplay; fullscreen; picture-in-picture; clipboard-write\"><\/iframe>\n<\/div><\/figure>\n\n\n\n<p>O dossi\u00ea est\u00e1 livremente dispon\u00edvel a partir do link: <\/p>\n\n\n\n<p><a rel=\"noreferrer noopener\" href=\"http:\/\/portal.iphan.gov.br\/uploads\/ckfinder\/arquivos\/Dossie_%20tradicoes_doceiras_de_pelotas_antiga_pelotas.pdf\" target=\"_blank\">Dossi\u00ea de Registro da Regi\u00e3o Doceira de Pelotas e Antiga Pelotas<\/a><\/p>\n\n\n\n<p>Existem muitos subtemas e abordagens poss\u00edveis em torno das tradi\u00e7\u00f5es doceiras de Pelotas e regi\u00e3o. Te convidamos a visitar nossa exposi\u00e7\u00e3o virtual intitulada \u201cPercursos remotos, tradi\u00e7\u00e3o e mem\u00f3ria nas f\u00e1bricas de doce em conserva de Pelotas-RS\u201d. Ao clicar no link abaixo voc\u00ea poder\u00e1 conhecer mais a respeito das f\u00e1bricas de doces em conversa de Pelotas e regi\u00e3o. Diversos empreendimentos est\u00e3o geolocalizados nessa exposi\u00e7\u00e3o, que apresenta tamb\u00e9m textos e imagens informativas. Bom passeio virtual!<\/p>\n\n\n\n<p>Exposi\u00e7\u00e3o livremente dispon\u00edvel em: <a rel=\"noreferrer noopener\" href=\"https:\/\/wp.ufpel.edu.br\/museudodoce\/exposicao-virtual\/\" target=\"_blank\">Museu do Doce &#8211; Exposi\u00e7\u00e3o Virtual<\/a><\/p>\n\n\n\n<p>As tradi\u00e7\u00f5es doceiras de Pelotas s\u00e3o objeto de estudo de diversos pesquisadores, s\u00e3o foco de atua\u00e7\u00e3o de muitos profissionais. O olhar de diferentes campos do conhecimento enriquece nossa experi\u00eancia sobre o tema. Te convidamos a ler algumas entrevistas j\u00e1 conduzidas pelo Museu do Doce. Essas entrevistas podem ser acessadas a partir do link abaixo. Elas foram feitas com pesquisadores que participaram da realiza\u00e7\u00e3o do Invent\u00e1rio Nacional de Refer\u00eancias Culturais.<\/p>\n\n\n\n<p>Entrevistas dispon\u00edveis em: <a href=\"https:\/\/wp.ufpel.edu.br\/museudodoce\/entrevistas\/\">Museu do Doce &#8211; Entrevistas<\/a><\/p>\n\n\n\n<p>Voc\u00ea ficou com vontade de aprender mais sobre o passado e o presente das tradi\u00e7\u00f5es doceiras locais? Esse assunto \u00e9 realmente fascinante e se destaca pela grande possibilidade de abordagens e diferentes inser\u00e7\u00f5es\/rela\u00e7\u00f5es acad\u00eamicas. O Museu do Doce busca aglutinar diferentes informa\u00e7\u00f5es, textos e outras refer\u00eancias que j\u00e1 foram publicadas sobre o doce e sobre o museu em sua p\u00e1gina. Essa \u00e9 uma lista din\u00e2mica, pois regularmente \u00e9 atualizada, de modo que novos t\u00edtulos venham a surgir. Acesse o link abaixo para explorar mais conte\u00fados.<\/p>\n\n\n\n<p>\u201cPublica\u00e7\u00f5es de refer\u00eancias\u201d dispon\u00edvel em: <a href=\"https:\/\/wp.ufpel.edu.br\/museudodoce\/estudos-e-publicacoes-sobre-as-tradicoes-doceiras\/\">Museu do Doce &#8211; Estudos e Publica\u00e7\u00f5es sobre as Tradi\u00e7\u00f5es Doceiras<\/a><\/p>\n\n\n\n<p>Estamos chegando ao fim desse percurso remoto proposto pelo Museu do Doce em homenagem ao Dia do Servidor na UFPel. Para finalizar te convidados a acessar o site do Museu do Doce e explorar suas diferentes p\u00e1ginas. Voc\u00ea ir\u00e1 encontrar l\u00e1 mais publica\u00e7\u00f5es realizadas pelo museu para que o p\u00fablico possa acessar em casa a materiais sobre as tradi\u00e7\u00f5es doceiras locais. Esses mesmos conte\u00fados s\u00e3o tamb\u00e9m veiculados nas p\u00e1ginas do Museu do Doce nas redes sociais. Te convidamos a acompanhar o museu junto ao Instagram e Facebook, sempre temos novidades por l\u00e1! Enquanto n\u00e3o podemos nos encontrar pessoalmente, seguimos nossos percursos remotos dessa forma e l\u00e1 te aguardamos!<\/p>\n","protected":false},"excerpt":{"rendered":"<p>\u201cTu conheces o patrim\u00f4nio edificado da UFPel? O projeto de extens\u00e3o \u201cVisitas monitoradas pelos pr\u00e9dios da Universidade Federal de Pelotas\u201d apresenta um ROTEIRO VIRTUAL por alguns pr\u00e9dios da UFPel para que possas conhecer um pouco mais da nossa Universidade. &nbsp;Coaduna-se com o prop\u00f3sito do estudo, ampliar o conhecimento sobre o patrim\u00f4nio cultural edificado da UFPel. [&hellip;]<\/p>\n","protected":false},"author":667,"featured_media":0,"parent":0,"menu_order":0,"comment_status":"closed","ping_status":"closed","template":"","meta":{"footnotes":""},"class_list":["post-18929","page","type-page","status-publish","hentry"],"_links":{"self":[{"href":"https:\/\/wp.ufpel.edu.br\/progep\/wp-json\/wp\/v2\/pages\/18929","targetHints":{"allow":["GET"]}}],"collection":[{"href":"https:\/\/wp.ufpel.edu.br\/progep\/wp-json\/wp\/v2\/pages"}],"about":[{"href":"https:\/\/wp.ufpel.edu.br\/progep\/wp-json\/wp\/v2\/types\/page"}],"author":[{"embeddable":true,"href":"https:\/\/wp.ufpel.edu.br\/progep\/wp-json\/wp\/v2\/users\/667"}],"replies":[{"embeddable":true,"href":"https:\/\/wp.ufpel.edu.br\/progep\/wp-json\/wp\/v2\/comments?post=18929"}],"version-history":[{"count":7,"href":"https:\/\/wp.ufpel.edu.br\/progep\/wp-json\/wp\/v2\/pages\/18929\/revisions"}],"predecessor-version":[{"id":18952,"href":"https:\/\/wp.ufpel.edu.br\/progep\/wp-json\/wp\/v2\/pages\/18929\/revisions\/18952"}],"wp:attachment":[{"href":"https:\/\/wp.ufpel.edu.br\/progep\/wp-json\/wp\/v2\/media?parent=18929"}],"curies":[{"name":"wp","href":"https:\/\/api.w.org\/{rel}","templated":true}]}}