{"id":18859,"date":"2021-10-07T18:11:09","date_gmt":"2021-10-07T21:11:09","guid":{"rendered":"https:\/\/wp.ufpel.edu.br\/progep\/?page_id=18859"},"modified":"2025-06-30T14:19:01","modified_gmt":"2025-06-30T17:19:01","slug":"2a-edicao-workshop-emi-english-as-a-medium-of-instruction","status":"publish","type":"page","link":"https:\/\/wp.ufpel.edu.br\/progep\/2a-edicao-workshop-emi-english-as-a-medium-of-instruction\/","title":{"rendered":"Capacita\u00e7\u00e3o: Capacita\u00e7\u00e3o: 2\u00aa edi\u00e7\u00e3o Workshop EMI &#8211; English as a medium of instruction"},"content":{"rendered":"<p><strong>Ministrante: <\/strong>Simone Sarmento (Professora da Universidade Federal do Rio Grande do Sul)<\/p>\n<p><b>Modalidade: <\/b>online<\/p>\n<p><strong>Carga hor\u00e1ria:<\/strong> 20 horas<\/p>\n<p><strong>Per\u00edodo<\/strong>: 27 de outubro a <span style=\"background-color: #ffffff\">19 de novembro de 2021<br \/>\nOs encontros s\u00edncronos ser\u00e3o realizados nos seguinte dias e hor\u00e1rios:<\/span><\/p>\n<ul>\n<li><span style=\"background-color: #ffffff\"><strong>29 de outubro<\/strong>, sexta-feira, das 14h \u00e0s 17h30;<\/span><\/li>\n<li><span style=\"background-color: #ffffff\"><strong>12 de novembro<\/strong>, sexta-feira, das 14h \u00e0s 17h30;<\/span><\/li>\n<li><span style=\"background-color: #ffffff\"><strong>19 de novembro<\/strong>, sexta-feira, das 14h \u00e0s 17h30.<\/span><\/li>\n<\/ul>\n<p class=\"v1MsoNormal\"><strong>Realiza\u00e7\u00e3o<\/strong>: Plataforma e-projeto da UFPel<\/p>\n<p><strong>S\u00famula<\/strong>:<br \/>\nConceitos-chave sobre ingl\u00eas como meio de instru\u00e7\u00e3o (EMI) e metodologias ativas;<br \/>\nAn\u00e1lise de necessidades;<br \/>\nDesenvolvimento de planos de curso em EMI;<br \/>\nElabora\u00e7\u00e3o de grades de avalia\u00e7\u00e3o<\/p>\n<p><b><strong>Avalia\u00e7\u00e3o: <\/strong><\/b>Frequ\u00eancia m\u00ednima de 75%. Participa\u00e7\u00e3o nos f\u00f3runs 50%; Entrega e apresenta\u00e7\u00e3o de trabalhos 50%<\/p>\n<p class=\"v1MsoNormal\"><strong>P\u00fablico Alvo<\/strong>: Docentes da UFPel vinculados a Programas de P\u00f3s-Gradua\u00e7\u00e3o <em>stricto sensu<\/em><\/p>\n<p><strong>N\u00famero de vagas:<\/strong> 30 vagas<\/p>\n<p><strong>Per\u00edodo de inscri\u00e7\u00e3o<\/strong>: <span style=\"background-color: #ffffff\">07\/10 a 15\/10\/2021<\/span><\/p>\n<p><strong>Resultado preliminar<\/strong>:<span style=\"background-color: #ffffff\"> 18\/10\/2021,<\/span> nesta p\u00e1gina e no site da CRInter (ufpel.edu.br\/crinter)<\/p>\n<p><strong>Resultado final<\/strong>: <span style=\"background-color: #ffffff\">20\/10\/2021<\/span>*<\/p>\n<p><span style=\"color: #0000ff;font-size: 14pt\"><strong><a style=\"color: #0000ff\" href=\"https:\/\/wp.ufpel.edu.br\/progep\/files\/2021\/10\/SEI_UFPel-1418589-Edital_EMI.pdf\"><span style=\"font-size: 12pt\">EDITAL N\u00ba. 13\/2021 &#8211; EMI<\/span><\/a><\/strong><\/span><\/p>\n<p>O resultado da sele\u00e7\u00e3o para vagas na 2\u00aa edi\u00e7\u00e3o do Workshop EMI podem ser acessados <strong><span style=\"color: #ff6600\"><a style=\"color: #ff6600\" href=\"https:\/\/wp.ufpel.edu.br\/crinter\/2021\/10\/18\/resultado-2a-edicao-do-workshop-emi\/\">AQUI<\/a><\/span><\/strong>.<\/p>\n<p>** Quando homologadas as inscri\u00e7\u00f5es, os selecionados receber\u00e3o e-mail com instru\u00e7\u00f5es de acesso \u00e0 Plataforma e-projeto da UFPel.<\/p>\n","protected":false},"excerpt":{"rendered":"<p>Ministrante: Simone Sarmento (Professora da Universidade Federal do Rio Grande do Sul) Modalidade: online Carga hor\u00e1ria: 20 horas Per\u00edodo: 27 de outubro a 19 de novembro de 2021 Os encontros s\u00edncronos ser\u00e3o realizados nos seguinte dias e hor\u00e1rios: 29 de outubro, sexta-feira, das 14h \u00e0s 17h30; 12 de novembro, sexta-feira, das 14h \u00e0s 17h30; 19 [&hellip;]<\/p>\n","protected":false},"author":21,"featured_media":0,"parent":0,"menu_order":0,"comment_status":"closed","ping_status":"closed","template":"","meta":{"footnotes":""},"class_list":["post-18859","page","type-page","status-publish","hentry"],"_links":{"self":[{"href":"https:\/\/wp.ufpel.edu.br\/progep\/wp-json\/wp\/v2\/pages\/18859","targetHints":{"allow":["GET"]}}],"collection":[{"href":"https:\/\/wp.ufpel.edu.br\/progep\/wp-json\/wp\/v2\/pages"}],"about":[{"href":"https:\/\/wp.ufpel.edu.br\/progep\/wp-json\/wp\/v2\/types\/page"}],"author":[{"embeddable":true,"href":"https:\/\/wp.ufpel.edu.br\/progep\/wp-json\/wp\/v2\/users\/21"}],"replies":[{"embeddable":true,"href":"https:\/\/wp.ufpel.edu.br\/progep\/wp-json\/wp\/v2\/comments?post=18859"}],"version-history":[{"count":11,"href":"https:\/\/wp.ufpel.edu.br\/progep\/wp-json\/wp\/v2\/pages\/18859\/revisions"}],"predecessor-version":[{"id":33992,"href":"https:\/\/wp.ufpel.edu.br\/progep\/wp-json\/wp\/v2\/pages\/18859\/revisions\/33992"}],"wp:attachment":[{"href":"https:\/\/wp.ufpel.edu.br\/progep\/wp-json\/wp\/v2\/media?parent=18859"}],"curies":[{"name":"wp","href":"https:\/\/api.w.org\/{rel}","templated":true}]}}