{"id":18808,"date":"2021-10-04T11:23:20","date_gmt":"2021-10-04T14:23:20","guid":{"rendered":"https:\/\/wp.ufpel.edu.br\/progep\/?page_id=18808"},"modified":"2025-06-30T14:17:58","modified_gmt":"2025-06-30T17:17:58","slug":"palestra-lacos-e-conexoes-na-ufpel-quem-fui-quem-sou-e-quem-serei","status":"publish","type":"page","link":"https:\/\/wp.ufpel.edu.br\/progep\/palestra-lacos-e-conexoes-na-ufpel-quem-fui-quem-sou-e-quem-serei\/","title":{"rendered":"Capacita\u00e7\u00e3o: Palestra: La\u00e7os e conex\u00f5es na UFPel: quem fui, quem sou e quem serei"},"content":{"rendered":"<p><strong>Palestrante: <\/strong>Andreia Silveira Athaydes (Rela\u00e7\u00f5es P\u00fablicas e Professora da Institui\u00e7\u00e3o Faculdades Integradas de Taquara\/ FACCAT)<\/p>\n<p><strong>Ementa:<\/strong> O intuito desta palestra \u00e9 vivenciarmos um momento para reflex\u00e3o sobre a trajet\u00f3ria das atitudes, pensamentos e conhecimentos de cada servidor antes, durante e ap\u00f3s pandemia.<\/p>\n<p><strong>Data:<\/strong> 27\/10\/2021 (quarta-feira)<\/p>\n<p><strong>Hora:\u00a0<\/strong>das 14h \u00e0s 15h30<\/p>\n<p><strong>Realiza\u00e7\u00e3o:<\/strong>\u00a0plataforma Webconf da UFPel (na modalidade\u00a0<em>on-line)<\/em><\/p>\n<p><strong>P\u00fablico Alvo<\/strong>: Servidores docentes e TAE\u2019s ativos*<\/p>\n<p><strong>Per\u00edodo de inscri\u00e7\u00e3o<\/strong>: 04 \/10 a 25\/10\/2021<\/p>\n<p><strong>Divulga\u00e7\u00e3o das inscri\u00e7\u00f5es homologadas<\/strong>: 26\/10**, nesta p\u00e1gina.<\/p>\n<p>*Considerando a Pol\u00edtica Nacional de Desenvolvimento de Pessoas, conforme Decreto n\u00ba 9.991\/19, somente ser\u00e3o certificados os servidores p\u00fablicos pertencentes ao Quadro Efetivo da UFPel.<\/p>\n<p>**Quando homologadas as inscri\u00e7\u00f5es, os selecionados receber\u00e3o e-mail com instru\u00e7\u00f5es de acesso \u00e0 sala de Webconf da UFPel.<\/p>\n<p><a href=\"https:\/\/wp.ufpel.edu.br\/progep\/files\/2021\/10\/Palestra-Encerramento.pdf\"><span style=\"color: #ff6600\">INSCRI\u00c7\u00d5ES HOMOLOGADAS<\/span><\/a><span style=\"color: #ff6600\">:<\/span><\/p>\n\n\n<p><\/p>\n","protected":false},"excerpt":{"rendered":"<p>Palestrante: Andreia Silveira Athaydes (Rela\u00e7\u00f5es P\u00fablicas e Professora da Institui\u00e7\u00e3o Faculdades Integradas de Taquara\/ FACCAT) Ementa: O intuito desta palestra \u00e9 vivenciarmos um momento para reflex\u00e3o sobre a trajet\u00f3ria das atitudes, pensamentos e conhecimentos de cada servidor antes, durante e ap\u00f3s pandemia. Data: 27\/10\/2021 (quarta-feira) Hora:\u00a0das 14h \u00e0s 15h30 Realiza\u00e7\u00e3o:\u00a0plataforma Webconf da UFPel (na modalidade\u00a0on-line) [&hellip;]<\/p>\n","protected":false},"author":21,"featured_media":0,"parent":0,"menu_order":0,"comment_status":"closed","ping_status":"closed","template":"","meta":{"footnotes":""},"class_list":["post-18808","page","type-page","status-publish","hentry"],"_links":{"self":[{"href":"https:\/\/wp.ufpel.edu.br\/progep\/wp-json\/wp\/v2\/pages\/18808","targetHints":{"allow":["GET"]}}],"collection":[{"href":"https:\/\/wp.ufpel.edu.br\/progep\/wp-json\/wp\/v2\/pages"}],"about":[{"href":"https:\/\/wp.ufpel.edu.br\/progep\/wp-json\/wp\/v2\/types\/page"}],"author":[{"embeddable":true,"href":"https:\/\/wp.ufpel.edu.br\/progep\/wp-json\/wp\/v2\/users\/21"}],"replies":[{"embeddable":true,"href":"https:\/\/wp.ufpel.edu.br\/progep\/wp-json\/wp\/v2\/comments?post=18808"}],"version-history":[{"count":11,"href":"https:\/\/wp.ufpel.edu.br\/progep\/wp-json\/wp\/v2\/pages\/18808\/revisions"}],"predecessor-version":[{"id":33988,"href":"https:\/\/wp.ufpel.edu.br\/progep\/wp-json\/wp\/v2\/pages\/18808\/revisions\/33988"}],"wp:attachment":[{"href":"https:\/\/wp.ufpel.edu.br\/progep\/wp-json\/wp\/v2\/media?parent=18808"}],"curies":[{"name":"wp","href":"https:\/\/api.w.org\/{rel}","templated":true}]}}