{"id":18806,"date":"2021-10-04T11:05:19","date_gmt":"2021-10-04T14:05:19","guid":{"rendered":"https:\/\/wp.ufpel.edu.br\/progep\/?page_id=18806"},"modified":"2025-06-30T14:17:48","modified_gmt":"2025-06-30T17:17:48","slug":"roda-de-conversa-por-que-devemos-desenvolver-a-competencia-comunicativa","status":"publish","type":"page","link":"https:\/\/wp.ufpel.edu.br\/progep\/roda-de-conversa-por-que-devemos-desenvolver-a-competencia-comunicativa\/","title":{"rendered":"Capacita\u00e7\u00e3o: Roda de Conversa: Por que devemos desenvolver a compet\u00eancia comunicativa?"},"content":{"rendered":"<p><strong>Facilitador(a):\u00a0<\/strong>Larissa Tha\u00eds Donalonso Siqueira (Professora da Universidade Estadual Paulista &#8211; UNESP)<\/p>\n<p><strong>Data: <span style=\"color: #ff0000\">26\/10\/2021 (ter\u00e7a-feira) NOVA DATA<\/span><\/strong><\/p>\n<p><strong>Hora:\u00a0<\/strong>das 16h \u00e0s 18h\u00a0 <strong><span style=\"color: #ff0000\">NOVO HOR\u00c1RIO<\/span><\/strong><\/p>\n<p><strong>Realiza\u00e7\u00e3o:<\/strong>\u00a0plataforma Webconf da UFPel (na modalidade\u00a0<em>on-line)<\/em><\/p>\n<p><strong>Ementa: <\/strong>A atividade ir\u00e1 abordar os seguinte temas:<\/p>\n<ol>\n<li>O que \u00e9 comunica\u00e7\u00e3o<\/li>\n<li>Por que se comunicar<\/li>\n<li>Ru\u00eddos da comunica\u00e7\u00e3o<\/li>\n<li>Quais os recursos utilizados para nos comunicar<\/li>\n<li>Comunica\u00e7\u00e3o nas rela\u00e7\u00f5es interpessoais e sua import\u00e2ncia no trabalho<\/li>\n<\/ol>\n<p><strong>P\u00fablico Alvo<\/strong>: Servidores docentes e TAE\u2019s ativos*<\/p>\n<p><strong>N\u00famero de vagas:<\/strong>\u00a050 vagas (limitadas por ordem de inscri\u00e7\u00e3o)**<\/p>\n<p><strong>Per\u00edodo de inscri\u00e7\u00e3o<\/strong>: 04 \/10 a 24\/10\/2021<\/p>\n<p><strong>Divulga\u00e7\u00e3o das inscri\u00e7\u00f5es homologadas<\/strong>: 25\/10***, nesta p\u00e1gina.<\/p>\n<p>*Considerando a Pol\u00edtica Nacional de Desenvolvimento de Pessoas, conforme Decreto n\u00ba 9.991\/19, somente ser\u00e3o certificados os servidores p\u00fablicos pertencentes ao Quadro Efetivo da UFPel.<\/p>\n<p>**Vagas destinadas a servidores pertencentes ao Quadro Efetivo da UFPel.<\/p>\n<p>***Quando homologadas as inscri\u00e7\u00f5es, os selecionados receber\u00e3o e-mail com instru\u00e7\u00f5es de acesso \u00e0 sala de Webconf da UFPel.<\/p>\n<p><strong><span style=\"color: #ff6600\"><a style=\"color: #ff6600\" href=\"https:\/\/wp.ufpel.edu.br\/progep\/files\/2021\/10\/Roda-de-Conversa-Por-que-devemos-desenvolver-a-competencia-comunicativa.pdf\">INSCRI\u00c7\u00d5ES HOMOLOGADAS<\/a><\/span><\/strong><\/p>\n","protected":false},"excerpt":{"rendered":"<p>Facilitador(a):\u00a0Larissa Tha\u00eds Donalonso Siqueira (Professora da Universidade Estadual Paulista &#8211; UNESP) Data: 26\/10\/2021 (ter\u00e7a-feira) NOVA DATA Hora:\u00a0das 16h \u00e0s 18h\u00a0 NOVO HOR\u00c1RIO Realiza\u00e7\u00e3o:\u00a0plataforma Webconf da UFPel (na modalidade\u00a0on-line) Ementa: A atividade ir\u00e1 abordar os seguinte temas: O que \u00e9 comunica\u00e7\u00e3o Por que se comunicar Ru\u00eddos da comunica\u00e7\u00e3o Quais os recursos utilizados para nos comunicar Comunica\u00e7\u00e3o [&hellip;]<\/p>\n","protected":false},"author":21,"featured_media":0,"parent":0,"menu_order":0,"comment_status":"closed","ping_status":"closed","template":"","meta":{"footnotes":""},"class_list":["post-18806","page","type-page","status-publish","hentry"],"_links":{"self":[{"href":"https:\/\/wp.ufpel.edu.br\/progep\/wp-json\/wp\/v2\/pages\/18806","targetHints":{"allow":["GET"]}}],"collection":[{"href":"https:\/\/wp.ufpel.edu.br\/progep\/wp-json\/wp\/v2\/pages"}],"about":[{"href":"https:\/\/wp.ufpel.edu.br\/progep\/wp-json\/wp\/v2\/types\/page"}],"author":[{"embeddable":true,"href":"https:\/\/wp.ufpel.edu.br\/progep\/wp-json\/wp\/v2\/users\/21"}],"replies":[{"embeddable":true,"href":"https:\/\/wp.ufpel.edu.br\/progep\/wp-json\/wp\/v2\/comments?post=18806"}],"version-history":[{"count":11,"href":"https:\/\/wp.ufpel.edu.br\/progep\/wp-json\/wp\/v2\/pages\/18806\/revisions"}],"predecessor-version":[{"id":33986,"href":"https:\/\/wp.ufpel.edu.br\/progep\/wp-json\/wp\/v2\/pages\/18806\/revisions\/33986"}],"wp:attachment":[{"href":"https:\/\/wp.ufpel.edu.br\/progep\/wp-json\/wp\/v2\/media?parent=18806"}],"curies":[{"name":"wp","href":"https:\/\/api.w.org\/{rel}","templated":true}]}}