{"id":18676,"date":"2021-09-22T17:39:21","date_gmt":"2021-09-22T20:39:21","guid":{"rendered":"https:\/\/wp.ufpel.edu.br\/progep\/?page_id=18676"},"modified":"2025-06-30T14:16:39","modified_gmt":"2025-06-30T17:16:39","slug":"oficina-de-yoga-turma-1","status":"publish","type":"page","link":"https:\/\/wp.ufpel.edu.br\/progep\/oficina-de-yoga-turma-1\/","title":{"rendered":"Capacita\u00e7\u00e3o: Oficina de Yoga &#8211; Turma 1"},"content":{"rendered":"<p><strong>Facilitador(a): <\/strong> Ani\u00ea Coutinho de Oliveira (Professora da Escola Superior de Educa\u00e7\u00e3o F\u00edsica\/ UFPEL)<\/p>\n<p><strong>Data:<\/strong> 06\/10\/2021 (quarta-feira)<\/p>\n<p><strong>Hora:\u00a0<\/strong>das 17h \u00e0s 18h<\/p>\n<p><strong>Realiza\u00e7\u00e3o:<\/strong>\u00a0plataforma Webconf da UFPel (na modalidade\u00a0<em>on-line)<\/em><\/p>\n<p><strong>Ementa: <\/strong>Aula de yoga atrav\u00e9s de mantras iniciais e finais, posturas, t\u00e9cnicas respirat\u00f3rias e relaxamento.<\/p>\n<p><strong>P\u00fablico Alvo<\/strong>: Servidores docentes e TAE\u2019s ativos*<\/p>\n<p><strong>Per\u00edodo de inscri\u00e7\u00e3o<\/strong>: 23\/09 a 04\/10\/2021<\/p>\n<p><strong>Divulga\u00e7\u00e3o das inscri\u00e7\u00f5es homologadas<\/strong>: 05\/10**, nesta p\u00e1gina.<\/p>\n<p>*Considerando a Pol\u00edtica Nacional de Desenvolvimento de Pessoas, conforme Decreto n\u00ba 9.991\/19, somente ser\u00e3o certificados os servidores p\u00fablicos pertencentes ao Quadro Efetivo da UFPel.<\/p>\n<p>**Quando homologadas as inscri\u00e7\u00f5es, os selecionados receber\u00e3o e-mail com instru\u00e7\u00f5es de acesso \u00e0 sala de Webconf da UFPel.<\/p>\n<p><span style=\"color: #ff6600\"><a style=\"color: #ff6600\" href=\"https:\/\/wp.ufpel.edu.br\/progep\/files\/2021\/10\/Oficina-YOGA-T1-Homologacao.pdf\">INSCRI\u00c7\u00d5ES HOMOLOGADAS<\/a>:<\/span><\/p>\n","protected":false},"excerpt":{"rendered":"<p>Facilitador(a): Ani\u00ea Coutinho de Oliveira (Professora da Escola Superior de Educa\u00e7\u00e3o F\u00edsica\/ UFPEL) Data: 06\/10\/2021 (quarta-feira) Hora:\u00a0das 17h \u00e0s 18h Realiza\u00e7\u00e3o:\u00a0plataforma Webconf da UFPel (na modalidade\u00a0on-line) Ementa: Aula de yoga atrav\u00e9s de mantras iniciais e finais, posturas, t\u00e9cnicas respirat\u00f3rias e relaxamento. P\u00fablico Alvo: Servidores docentes e TAE\u2019s ativos* Per\u00edodo de inscri\u00e7\u00e3o: 23\/09 a 04\/10\/2021 Divulga\u00e7\u00e3o [&hellip;]<\/p>\n","protected":false},"author":21,"featured_media":0,"parent":0,"menu_order":0,"comment_status":"closed","ping_status":"closed","template":"","meta":{"footnotes":""},"class_list":["post-18676","page","type-page","status-publish","hentry"],"_links":{"self":[{"href":"https:\/\/wp.ufpel.edu.br\/progep\/wp-json\/wp\/v2\/pages\/18676","targetHints":{"allow":["GET"]}}],"collection":[{"href":"https:\/\/wp.ufpel.edu.br\/progep\/wp-json\/wp\/v2\/pages"}],"about":[{"href":"https:\/\/wp.ufpel.edu.br\/progep\/wp-json\/wp\/v2\/types\/page"}],"author":[{"embeddable":true,"href":"https:\/\/wp.ufpel.edu.br\/progep\/wp-json\/wp\/v2\/users\/21"}],"replies":[{"embeddable":true,"href":"https:\/\/wp.ufpel.edu.br\/progep\/wp-json\/wp\/v2\/comments?post=18676"}],"version-history":[{"count":5,"href":"https:\/\/wp.ufpel.edu.br\/progep\/wp-json\/wp\/v2\/pages\/18676\/revisions"}],"predecessor-version":[{"id":33980,"href":"https:\/\/wp.ufpel.edu.br\/progep\/wp-json\/wp\/v2\/pages\/18676\/revisions\/33980"}],"wp:attachment":[{"href":"https:\/\/wp.ufpel.edu.br\/progep\/wp-json\/wp\/v2\/media?parent=18676"}],"curies":[{"name":"wp","href":"https:\/\/api.w.org\/{rel}","templated":true}]}}