{"id":18661,"date":"2021-09-22T17:15:43","date_gmt":"2021-09-22T20:15:43","guid":{"rendered":"https:\/\/wp.ufpel.edu.br\/progep\/?page_id=18661"},"modified":"2025-06-30T14:16:14","modified_gmt":"2025-06-30T17:16:14","slug":"palestra-de-abertura-mes-do-servidor","status":"publish","type":"page","link":"https:\/\/wp.ufpel.edu.br\/progep\/palestra-de-abertura-mes-do-servidor\/","title":{"rendered":"Capacita\u00e7\u00e3o: Palestra de Abertura &#8211; M\u00eas do Servidor 2021"},"content":{"rendered":"<p><strong>Tema:<\/strong> Fortalecendo la\u00e7os, ampliando conex\u00f5es!<\/p>\n<p><strong>Palestrantes: <\/strong>Isabela Fernandes Andrade (Reitora da UFPEL), Ursula Rosa da Silva (Vice-Reitora da UFPEL) e Paulo Roberto Ferreira Junior (Pr\u00f3-Reitor da Pr\u00f3-Reitoria de Planejamento e Desenvolvimento &#8211; UFPEL)<\/p>\n<p><strong>Data:<\/strong> 04\/10\/2021 (segunda-feira)<\/p>\n<p><strong>Hora:\u00a0<\/strong>das 14h \u00e0s 15h30<\/p>\n<p><strong>Realiza\u00e7\u00e3o:<\/strong> Transmiss\u00e3o: P\u00e1gina Oficial da UFPel no YouTube<\/p>\n<p><strong>P\u00fablico Alvo<\/strong>: Servidores docentes e TAE\u2019s ativos*<\/p>\n<p><strong>Per\u00edodo de inscri\u00e7\u00e3o<\/strong>: 23\/09 a 01\/10\/2021<\/p>\n<p><strong>Divulga\u00e7\u00e3o das inscri\u00e7\u00f5es homologadas<\/strong>: 01\/10**, nesta p\u00e1gina.<\/p>\n<p>*Considerando a Pol\u00edtica Nacional de Desenvolvimento de Pessoas, conforme Decreto n\u00ba 9.991\/19, somente ser\u00e3o certificados os servidores p\u00fablicos pertencentes ao Quadro Efetivo da UFPel.<\/p>\n<p>**Quando homologadas as inscri\u00e7\u00f5es, os selecionados receber\u00e3o e-mail com instru\u00e7\u00f5es de acesso \u00e0 sala de Webconf da UFPel.<\/p>\n<p><strong><span style=\"color: #ff6600\"><a style=\"color: #ff6600\" href=\"https:\/\/wp.ufpel.edu.br\/progep\/files\/2021\/10\/Palestra-Abertura.pdf\">INSCRI\u00c7\u00d5ES HOMOLOGADAS<\/a><\/span><\/strong><\/p>\n<p>&nbsp;<\/p>\n","protected":false},"excerpt":{"rendered":"<p>Tema: Fortalecendo la\u00e7os, ampliando conex\u00f5es! Palestrantes: Isabela Fernandes Andrade (Reitora da UFPEL), Ursula Rosa da Silva (Vice-Reitora da UFPEL) e Paulo Roberto Ferreira Junior (Pr\u00f3-Reitor da Pr\u00f3-Reitoria de Planejamento e Desenvolvimento &#8211; UFPEL) Data: 04\/10\/2021 (segunda-feira) Hora:\u00a0das 14h \u00e0s 15h30 Realiza\u00e7\u00e3o: Transmiss\u00e3o: P\u00e1gina Oficial da UFPel no YouTube P\u00fablico Alvo: Servidores docentes e TAE\u2019s ativos* [&hellip;]<\/p>\n","protected":false},"author":21,"featured_media":0,"parent":0,"menu_order":0,"comment_status":"closed","ping_status":"closed","template":"","meta":{"footnotes":""},"class_list":["post-18661","page","type-page","status-publish","hentry"],"_links":{"self":[{"href":"https:\/\/wp.ufpel.edu.br\/progep\/wp-json\/wp\/v2\/pages\/18661","targetHints":{"allow":["GET"]}}],"collection":[{"href":"https:\/\/wp.ufpel.edu.br\/progep\/wp-json\/wp\/v2\/pages"}],"about":[{"href":"https:\/\/wp.ufpel.edu.br\/progep\/wp-json\/wp\/v2\/types\/page"}],"author":[{"embeddable":true,"href":"https:\/\/wp.ufpel.edu.br\/progep\/wp-json\/wp\/v2\/users\/21"}],"replies":[{"embeddable":true,"href":"https:\/\/wp.ufpel.edu.br\/progep\/wp-json\/wp\/v2\/comments?post=18661"}],"version-history":[{"count":14,"href":"https:\/\/wp.ufpel.edu.br\/progep\/wp-json\/wp\/v2\/pages\/18661\/revisions"}],"predecessor-version":[{"id":33975,"href":"https:\/\/wp.ufpel.edu.br\/progep\/wp-json\/wp\/v2\/pages\/18661\/revisions\/33975"}],"wp:attachment":[{"href":"https:\/\/wp.ufpel.edu.br\/progep\/wp-json\/wp\/v2\/media?parent=18661"}],"curies":[{"name":"wp","href":"https:\/\/api.w.org\/{rel}","templated":true}]}}