{"id":18602,"date":"2021-10-05T10:43:29","date_gmt":"2021-10-05T13:43:29","guid":{"rendered":"https:\/\/wp.ufpel.edu.br\/progep\/?page_id=18602"},"modified":"2025-06-30T14:18:07","modified_gmt":"2025-06-30T17:18:07","slug":"oficina-educacao-financeira","status":"publish","type":"page","link":"https:\/\/wp.ufpel.edu.br\/progep\/oficina-educacao-financeira\/","title":{"rendered":"Capacita\u00e7\u00e3o: Oficina: Educa\u00e7\u00e3o Financeira"},"content":{"rendered":"<p><strong>Facilitador: <\/strong>\u00a0Leonardo Pinto Ortiz<\/p>\n<p><strong>Data:<\/strong> 13\/10\/2021 (quarta-feira)<\/p>\n<p><strong>Hora:\u00a0<\/strong>das 14h \u00e0s 15h30min<\/p>\n<p><strong>Realiza\u00e7\u00e3o:<\/strong>\u00a0plataforma Webconf da UFPel (na modalidade\u00a0<em>on-line)<\/em><\/p>\n<p style=\"text-align: justify\"><strong>Ementa: <\/strong>Compreendendo alguns conceitos sobre Educa\u00e7\u00e3o Financeira; Poupan\u00e7a; Tesouro Direto; Cart\u00e3o de Cr\u00e9dito como aliado; Fundos de Investimentos; Fundos Imobili\u00e1rios e Bolsa de Valores.<strong><br \/>\n<\/strong><\/p>\n<p><strong>P\u00fablico Alvo<\/strong>: Servidores docentes e TAE\u2019s ativos*<\/p>\n<p><strong>N\u00famero de vagas<\/strong>: 50 vagas (limitadas por ordem de inscri\u00e7\u00e3o)**<\/p>\n<p><strong>Per\u00edodo de inscri\u00e7\u00e3o<\/strong>: 04\/10 a 10\/10\/2021<\/p>\n<p><strong>Divulga\u00e7\u00e3o das inscri\u00e7\u00f5es homologadas<\/strong>: 11\/10**, nesta p\u00e1gina.<\/p>\n<p>*Considerando a Pol\u00edtica Nacional de Desenvolvimento de Pessoas, conforme Decreto n\u00ba 9.991\/19, somente ser\u00e3o certificados os servidores p\u00fablicos pertencentes ao Quadro Efetivo da UFPel.<\/p>\n<p>**Vagas destinadas a servidores pertencentes ao Quadro Efetivo da UFPel.<\/p>\n<p>***Quando homologadas as inscri\u00e7\u00f5es, os selecionados receber\u00e3o e-mail com instru\u00e7\u00f5es de acesso \u00e0 sala de Webconf da UFPel.<\/p>\n<p><strong><span style=\"color: #ff6600\"><a style=\"color: #ff6600\" href=\"https:\/\/wp.ufpel.edu.br\/progep\/files\/2021\/10\/Roda-de-Conversa-Educacao-Financeira.pdf\">INSCRI\u00c7\u00d5ES HOMOLOGADAS<\/a><\/span><\/strong><\/p>\n<p>&nbsp;<\/p>\n","protected":false},"excerpt":{"rendered":"<p>Facilitador: \u00a0Leonardo Pinto Ortiz Data: 13\/10\/2021 (quarta-feira) Hora:\u00a0das 14h \u00e0s 15h30min Realiza\u00e7\u00e3o:\u00a0plataforma Webconf da UFPel (na modalidade\u00a0on-line) Ementa: Compreendendo alguns conceitos sobre Educa\u00e7\u00e3o Financeira; Poupan\u00e7a; Tesouro Direto; Cart\u00e3o de Cr\u00e9dito como aliado; Fundos de Investimentos; Fundos Imobili\u00e1rios e Bolsa de Valores. P\u00fablico Alvo: Servidores docentes e TAE\u2019s ativos* N\u00famero de vagas: 50 vagas (limitadas por [&hellip;]<\/p>\n","protected":false},"author":21,"featured_media":0,"parent":0,"menu_order":0,"comment_status":"closed","ping_status":"closed","template":"","meta":{"footnotes":""},"class_list":["post-18602","page","type-page","status-publish","hentry"],"_links":{"self":[{"href":"https:\/\/wp.ufpel.edu.br\/progep\/wp-json\/wp\/v2\/pages\/18602","targetHints":{"allow":["GET"]}}],"collection":[{"href":"https:\/\/wp.ufpel.edu.br\/progep\/wp-json\/wp\/v2\/pages"}],"about":[{"href":"https:\/\/wp.ufpel.edu.br\/progep\/wp-json\/wp\/v2\/types\/page"}],"author":[{"embeddable":true,"href":"https:\/\/wp.ufpel.edu.br\/progep\/wp-json\/wp\/v2\/users\/21"}],"replies":[{"embeddable":true,"href":"https:\/\/wp.ufpel.edu.br\/progep\/wp-json\/wp\/v2\/comments?post=18602"}],"version-history":[{"count":6,"href":"https:\/\/wp.ufpel.edu.br\/progep\/wp-json\/wp\/v2\/pages\/18602\/revisions"}],"predecessor-version":[{"id":33990,"href":"https:\/\/wp.ufpel.edu.br\/progep\/wp-json\/wp\/v2\/pages\/18602\/revisions\/33990"}],"wp:attachment":[{"href":"https:\/\/wp.ufpel.edu.br\/progep\/wp-json\/wp\/v2\/media?parent=18602"}],"curies":[{"name":"wp","href":"https:\/\/api.w.org\/{rel}","templated":true}]}}