{"id":18596,"date":"2021-10-04T11:04:07","date_gmt":"2021-10-04T14:04:07","guid":{"rendered":"https:\/\/wp.ufpel.edu.br\/progep\/?page_id=18596"},"modified":"2025-06-30T14:17:43","modified_gmt":"2025-06-30T17:17:43","slug":"oficina-como-aprimorar-seus-videos","status":"publish","type":"page","link":"https:\/\/wp.ufpel.edu.br\/progep\/oficina-como-aprimorar-seus-videos\/","title":{"rendered":"Capacita\u00e7\u00e3o: Oficina: Como aprimorar seus v\u00eddeos"},"content":{"rendered":"<p><strong>Facilitador: <\/strong>Felipe Estrela Campal (Operador de C\u00e2mera de Cinema e TV do Centro de Letras e Comunica\u00e7\u00e3o)<strong><br \/><\/strong><\/p>\n<p><strong>Data:<\/strong> 26\/10\/2021 (ter\u00e7a-feira)<\/p>\n<p><strong>Hora:\u00a0<\/strong>das 10h \u00e0s 11h30min<\/p>\n<p><strong>Realiza\u00e7\u00e3o:<\/strong>\u00a0plataforma Webconf da UFPel (na modalidade\u00a0<em>on-line)<\/em><\/p>\n<p><strong>Ementa:\u00a0<\/strong>A oficina tem como objetivo o aprimoramento da capta\u00e7\u00e3o da imagem para as transmiss\u00f5es de v\u00eddeo-aulas e reuni\u00f5es. Ser\u00e3o abordados os seguintes t\u00f3picos:<br \/>&#8211; Processo de capta\u00e7\u00e3o de imagem digital;<br \/>&#8211; Compreender a luz ambiente;<br \/>&#8211; Dicas b\u00e1sicas de composi\u00e7\u00e3o;<br \/>&#8211; Exerc\u00edcio pr\u00e1tico.<\/p>\n<p><strong>P\u00fablico Alvo<\/strong>: Servidores docentes e TAE\u2019s ativos*<\/p>\n<p><strong>N\u00famero de vagas:<\/strong> 50 vagas (limitadas por ordem de inscri\u00e7\u00e3o)**<\/p>\n<p><strong>Per\u00edodo de inscri\u00e7\u00e3o<\/strong>: 04\/10 a 24\/10\/2021<\/p>\n<p><strong>Divulga\u00e7\u00e3o das inscri\u00e7\u00f5es homologadas<\/strong>: 25\/10**, nesta p\u00e1gina.<\/p>\n<p>*Considerando a Pol\u00edtica Nacional de Desenvolvimento de Pessoas, conforme Decreto n\u00ba 9.991\/19, somente ser\u00e3o certificados os servidores p\u00fablicos pertencentes ao Quadro Efetivo da UFPel.<\/p>\n<p>**Vagas destinadas a servidores pertencentes ao Quadro Efetivo da UFPel.<\/p>\n<p><strong><span style=\"color: #ff6600\"><a style=\"color: #ff6600\" href=\"https:\/\/wp.ufpel.edu.br\/progep\/files\/2021\/10\/Oficina-Como-aprimorar-seus-videos.pdf\">INSCRI\u00c7\u00d5ES HOMOLOGADAS<\/a><\/span><\/strong><\/p>\n<p>**Quando homologadas as inscri\u00e7\u00f5es, os selecionados receber\u00e3o e-mail com instru\u00e7\u00f5es de acesso \u00e0 sala de Webconf da UFPel.<\/p>\n\n\n<p><\/p>\n","protected":false},"excerpt":{"rendered":"<p>Facilitador: Felipe Estrela Campal (Operador de C\u00e2mera de Cinema e TV do Centro de Letras e Comunica\u00e7\u00e3o) Data: 26\/10\/2021 (ter\u00e7a-feira) Hora:\u00a0das 10h \u00e0s 11h30min Realiza\u00e7\u00e3o:\u00a0plataforma Webconf da UFPel (na modalidade\u00a0on-line) Ementa:\u00a0A oficina tem como objetivo o aprimoramento da capta\u00e7\u00e3o da imagem para as transmiss\u00f5es de v\u00eddeo-aulas e reuni\u00f5es. Ser\u00e3o abordados os seguintes t\u00f3picos:&#8211; Processo de [&hellip;]<\/p>\n","protected":false},"author":21,"featured_media":0,"parent":0,"menu_order":0,"comment_status":"closed","ping_status":"closed","template":"","meta":{"footnotes":""},"class_list":["post-18596","page","type-page","status-publish","hentry"],"_links":{"self":[{"href":"https:\/\/wp.ufpel.edu.br\/progep\/wp-json\/wp\/v2\/pages\/18596","targetHints":{"allow":["GET"]}}],"collection":[{"href":"https:\/\/wp.ufpel.edu.br\/progep\/wp-json\/wp\/v2\/pages"}],"about":[{"href":"https:\/\/wp.ufpel.edu.br\/progep\/wp-json\/wp\/v2\/types\/page"}],"author":[{"embeddable":true,"href":"https:\/\/wp.ufpel.edu.br\/progep\/wp-json\/wp\/v2\/users\/21"}],"replies":[{"embeddable":true,"href":"https:\/\/wp.ufpel.edu.br\/progep\/wp-json\/wp\/v2\/comments?post=18596"}],"version-history":[{"count":8,"href":"https:\/\/wp.ufpel.edu.br\/progep\/wp-json\/wp\/v2\/pages\/18596\/revisions"}],"predecessor-version":[{"id":33985,"href":"https:\/\/wp.ufpel.edu.br\/progep\/wp-json\/wp\/v2\/pages\/18596\/revisions\/33985"}],"wp:attachment":[{"href":"https:\/\/wp.ufpel.edu.br\/progep\/wp-json\/wp\/v2\/media?parent=18596"}],"curies":[{"name":"wp","href":"https:\/\/api.w.org\/{rel}","templated":true}]}}