{"id":18590,"date":"2021-10-05T10:43:09","date_gmt":"2021-10-05T13:43:09","guid":{"rendered":"https:\/\/wp.ufpel.edu.br\/progep\/?page_id=18590"},"modified":"2025-06-30T14:18:03","modified_gmt":"2025-06-30T17:18:03","slug":"oficina-a-imagem-fotografica-como-linguagem-meio-de-expressao-e-comunicacao","status":"publish","type":"page","link":"https:\/\/wp.ufpel.edu.br\/progep\/oficina-a-imagem-fotografica-como-linguagem-meio-de-expressao-e-comunicacao\/","title":{"rendered":"Capacita\u00e7\u00e3o: Oficina: A imagem fotogr\u00e1fica como linguagem, meio de express\u00e3o e comunica\u00e7\u00e3o."},"content":{"rendered":"<p><strong>Facilitadora:\u00a0<\/strong> Katia Helena Rodrigues Dias (Fot\u00f3grafa da Coordena\u00e7\u00e3o de Comunica\u00e7\u00e3o Social\/GR)<\/p>\n<p><strong>Data:<\/strong> 13\/10\/2021 (quarta-feira)<\/p>\n<p><strong>Hora:\u00a0<\/strong>das 09h \u00e0s 10h30min<\/p>\n<p><strong>Realiza\u00e7\u00e3o:<\/strong>\u00a0plataforma Webconf da UFPel (na modalidade\u00a0<em>on-line)<\/em><\/p>\n<p><strong>Ementa:\u00a0<\/strong> A atividade abordar\u00e1 reflex\u00f5es em torno da imagem fotogr\u00e1fica de forma conceitual e ilustrativa com destaque aos conte\u00fados relativos \u00e0 linguagem, composi\u00e7\u00e3o e t\u00e9cnica fotogr\u00e1fica. A oficina tem como objetivo apresentar um panorama geral da linguagem fotogr\u00e1fica e abordar\u00e1 os seguintes temas:<br \/>\n1 \u2013 Um pouco de hist\u00f3ria e algumas curiosidades;<br \/>\n2 \u2013 Fundamentos da linguagem fotogr\u00e1fica;<br \/>\n3 \u2013 Luz, c\u00e2mera e a\u00e7\u00e3o: a c\u00e2mera e suas fun\u00e7\u00f5es.<br \/>\nA oficina ser\u00e1 organizada em duas partes, a primeira a ministrante apresentar\u00e1 os t\u00f3picos acima elencados e a segunda parte ser\u00e1 reservada para conversa e troca com o p\u00fablico participante.<\/p>\n<p><strong>P\u00fablico Alvo<\/strong>: Servidores docentes e TAE\u2019s ativos*<\/p>\n<p><strong>N\u00famero de vagas:<\/strong> 70 vagas (limitadas por ordem de inscri\u00e7\u00e3o)**<\/p>\n<p><strong>Per\u00edodo de inscri\u00e7\u00e3o<\/strong>:04\/10\u00a0 a 10\/10\/2021<\/p>\n<p><strong>Divulga\u00e7\u00e3o das inscri\u00e7\u00f5es homologadas<\/strong>: 11\/10***, nesta p\u00e1gina.<\/p>\n<p>*Considerando a Pol\u00edtica Nacional de Desenvolvimento de Pessoas, conforme Decreto n\u00ba 9.991\/19, somente ser\u00e3o certificados os servidores p\u00fablicos pertencentes ao Quadro Efetivo da UFPel.<\/p>\n<p>**Vagas destinadas a servidores pertencentes ao Quadro Efetivo da UFPel.<\/p>\n<p>***Quando homologadas as inscri\u00e7\u00f5es, os selecionados receber\u00e3o e-mail com instru\u00e7\u00f5es de acesso \u00e0 sala de Webconf da UFPel.<\/p>\n<p><strong><span style=\"color: #ff6600\"><a style=\"color: #ff6600\" href=\"https:\/\/wp.ufpel.edu.br\/progep\/files\/2021\/10\/Oficina-A-imagem-fotografica.pdf\">INSCRI\u00c7\u00d5ES HOMOLOGADAS<\/a><\/span><\/strong><\/p>\n<p>&nbsp;<\/p>\n","protected":false},"excerpt":{"rendered":"<p>Facilitadora:\u00a0 Katia Helena Rodrigues Dias (Fot\u00f3grafa da Coordena\u00e7\u00e3o de Comunica\u00e7\u00e3o Social\/GR) Data: 13\/10\/2021 (quarta-feira) Hora:\u00a0das 09h \u00e0s 10h30min Realiza\u00e7\u00e3o:\u00a0plataforma Webconf da UFPel (na modalidade\u00a0on-line) Ementa:\u00a0 A atividade abordar\u00e1 reflex\u00f5es em torno da imagem fotogr\u00e1fica de forma conceitual e ilustrativa com destaque aos conte\u00fados relativos \u00e0 linguagem, composi\u00e7\u00e3o e t\u00e9cnica fotogr\u00e1fica. A oficina tem como objetivo [&hellip;]<\/p>\n","protected":false},"author":21,"featured_media":0,"parent":0,"menu_order":0,"comment_status":"closed","ping_status":"closed","template":"","meta":{"footnotes":""},"class_list":["post-18590","page","type-page","status-publish","hentry"],"_links":{"self":[{"href":"https:\/\/wp.ufpel.edu.br\/progep\/wp-json\/wp\/v2\/pages\/18590","targetHints":{"allow":["GET"]}}],"collection":[{"href":"https:\/\/wp.ufpel.edu.br\/progep\/wp-json\/wp\/v2\/pages"}],"about":[{"href":"https:\/\/wp.ufpel.edu.br\/progep\/wp-json\/wp\/v2\/types\/page"}],"author":[{"embeddable":true,"href":"https:\/\/wp.ufpel.edu.br\/progep\/wp-json\/wp\/v2\/users\/21"}],"replies":[{"embeddable":true,"href":"https:\/\/wp.ufpel.edu.br\/progep\/wp-json\/wp\/v2\/comments?post=18590"}],"version-history":[{"count":7,"href":"https:\/\/wp.ufpel.edu.br\/progep\/wp-json\/wp\/v2\/pages\/18590\/revisions"}],"predecessor-version":[{"id":33989,"href":"https:\/\/wp.ufpel.edu.br\/progep\/wp-json\/wp\/v2\/pages\/18590\/revisions\/33989"}],"wp:attachment":[{"href":"https:\/\/wp.ufpel.edu.br\/progep\/wp-json\/wp\/v2\/media?parent=18590"}],"curies":[{"name":"wp","href":"https:\/\/api.w.org\/{rel}","templated":true}]}}