{"id":18587,"date":"2021-10-05T10:44:11","date_gmt":"2021-10-05T13:44:11","guid":{"rendered":"https:\/\/wp.ufpel.edu.br\/progep\/?page_id=18587"},"modified":"2025-06-30T14:18:55","modified_gmt":"2025-06-30T17:18:55","slug":"oficina-de-gastronomia-sobremesas-praticas-e-versateis","status":"publish","type":"page","link":"https:\/\/wp.ufpel.edu.br\/progep\/oficina-de-gastronomia-sobremesas-praticas-e-versateis\/","title":{"rendered":"Capacita\u00e7\u00e3o: Oficina de Gastronomia: Sobremesas Pr\u00e1ticas e Vers\u00e1teis"},"content":{"rendered":"<p><strong>Facilitador:\u00a0<\/strong>Alcides Gomes Neto\u00a0 (Professor da Faculdade de Nutri\u00e7\u00e3o)<\/p>\n<p><strong>Data:<\/strong> 14\/10\/2021 (quinta-feira)<\/p>\n<p><strong>Hora:\u00a0<\/strong>das 15h \u00e0s18h<\/p>\n<p><strong>Realiza\u00e7\u00e3o:<\/strong>\u00a0plataforma Webconf da UFPel (na modalidade\u00a0<em>on-line)<\/em><\/p>\n<p><strong>Ementa:\u00a0<\/strong>Al\u00e9m da &#8220;Troca de Receitas&#8221;, nesta oficina teremos receita de Banoffee, Crumble e Strogonoff de Bis!<\/p>\n<p><strong>P\u00fablico Alvo<\/strong>: Servidores docentes e TAE\u2019s ativos*<\/p>\n<p><strong>N\u00famero de vagas:<\/strong> 70 vagas (limitadas por ordem de inscri\u00e7\u00e3o)**<\/p>\n<p><strong>Per\u00edodo de inscri\u00e7\u00e3o<\/strong>: 04\/10 a 12\/10\/2021<\/p>\n<p><strong>Divulga\u00e7\u00e3o das inscri\u00e7\u00f5es homologadas<\/strong>:13\/10***, nesta p\u00e1gina.<\/p>\n<p>*Considerando a Pol\u00edtica Nacional de Desenvolvimento de Pessoas, conforme Decreto n\u00ba 9.991\/19, somente ser\u00e3o certificados os servidores p\u00fablicos pertencentes ao Quadro Efetivo da UFPel.<\/p>\n<p>**Vagas destinadas a servidores pertencentes ao Quadro Efetivo da UFPel.<\/p>\n<p>***Quando homologadas as inscri\u00e7\u00f5es, os selecionados receber\u00e3o e-mail com instru\u00e7\u00f5es de acesso \u00e0 sala de Webconf da UFPel.<\/p>\n<p><span style=\"color: #ff6600\"><a style=\"color: #ff6600\" href=\"https:\/\/wp.ufpel.edu.br\/progep\/files\/2021\/10\/14-10-21-Homologacao.pdf\">INSCRI\u00c7\u00d5ES HOMOLOGADAS:<\/a><\/span><\/p>\n","protected":false},"excerpt":{"rendered":"<p>Facilitador:\u00a0Alcides Gomes Neto\u00a0 (Professor da Faculdade de Nutri\u00e7\u00e3o) Data: 14\/10\/2021 (quinta-feira) Hora:\u00a0das 15h \u00e0s18h Realiza\u00e7\u00e3o:\u00a0plataforma Webconf da UFPel (na modalidade\u00a0on-line) Ementa:\u00a0Al\u00e9m da &#8220;Troca de Receitas&#8221;, nesta oficina teremos receita de Banoffee, Crumble e Strogonoff de Bis! P\u00fablico Alvo: Servidores docentes e TAE\u2019s ativos* N\u00famero de vagas: 70 vagas (limitadas por ordem de inscri\u00e7\u00e3o)** Per\u00edodo de [&hellip;]<\/p>\n","protected":false},"author":21,"featured_media":0,"parent":0,"menu_order":0,"comment_status":"closed","ping_status":"closed","template":"","meta":{"footnotes":""},"class_list":["post-18587","page","type-page","status-publish","hentry"],"_links":{"self":[{"href":"https:\/\/wp.ufpel.edu.br\/progep\/wp-json\/wp\/v2\/pages\/18587","targetHints":{"allow":["GET"]}}],"collection":[{"href":"https:\/\/wp.ufpel.edu.br\/progep\/wp-json\/wp\/v2\/pages"}],"about":[{"href":"https:\/\/wp.ufpel.edu.br\/progep\/wp-json\/wp\/v2\/types\/page"}],"author":[{"embeddable":true,"href":"https:\/\/wp.ufpel.edu.br\/progep\/wp-json\/wp\/v2\/users\/21"}],"replies":[{"embeddable":true,"href":"https:\/\/wp.ufpel.edu.br\/progep\/wp-json\/wp\/v2\/comments?post=18587"}],"version-history":[{"count":4,"href":"https:\/\/wp.ufpel.edu.br\/progep\/wp-json\/wp\/v2\/pages\/18587\/revisions"}],"predecessor-version":[{"id":33991,"href":"https:\/\/wp.ufpel.edu.br\/progep\/wp-json\/wp\/v2\/pages\/18587\/revisions\/33991"}],"wp:attachment":[{"href":"https:\/\/wp.ufpel.edu.br\/progep\/wp-json\/wp\/v2\/media?parent=18587"}],"curies":[{"name":"wp","href":"https:\/\/api.w.org\/{rel}","templated":true}]}}