{"id":18581,"date":"2021-09-22T17:21:33","date_gmt":"2021-09-22T20:21:33","guid":{"rendered":"https:\/\/wp.ufpel.edu.br\/progep\/?page_id=18581"},"modified":"2025-06-30T14:16:32","modified_gmt":"2025-06-30T17:16:32","slug":"roda-de-conversa-gestao-do-tempo-em-tempos-de-home-office","status":"publish","type":"page","link":"https:\/\/wp.ufpel.edu.br\/progep\/roda-de-conversa-gestao-do-tempo-em-tempos-de-home-office\/","title":{"rendered":"Capacita\u00e7\u00e3o: Roda de Conversa: Gest\u00e3o do tempo, em tempos de home office"},"content":{"rendered":"<p><strong>Facilitador: <\/strong>\u00a0Rafael Padilha da Silva (T\u00e9cnico-Administrativo da Superintend\u00eancia de Gest\u00e3o de Tecnologia da Informa\u00e7\u00e3o e Comunica\u00e7\u00e3o\/ UFPEL)<\/p>\n<p><strong>Data:<\/strong> 06\/10\/2021 (quarta-feira)<\/p>\n<p><strong>Hora:\u00a0<\/strong>das 14h \u00e0s 15h<\/p>\n<p><strong>Realiza\u00e7\u00e3o:<\/strong>\u00a0plataforma Webconf da UFPel (na modalidade\u00a0<em>on-line)<\/em><\/p>\n<p><strong>Ementa: <\/strong>Abordagem sobre as t\u00e9cnicas e as ferramentas para a melhor utiliza\u00e7\u00e3o do nosso ativo mais precioso, o tempo.<\/p>\n<p><strong>P\u00fablico Alvo<\/strong>: Servidores docentes e TAE\u2019s ativos*<\/p>\n<p><strong>N\u00famero de vagas<\/strong>: 50 vagas (limitadas por ordem de inscri\u00e7\u00e3o)**<\/p>\n<p><strong>Per\u00edodo de inscri\u00e7\u00e3o<\/strong>: 23\/09 a 04\/10\/2021<\/p>\n<p><strong>Divulga\u00e7\u00e3o das inscri\u00e7\u00f5es homologadas<\/strong>: 05\/10**, nesta p\u00e1gina.<\/p>\n<p>*Considerando a Pol\u00edtica Nacional de Desenvolvimento de Pessoas, conforme Decreto n\u00ba 9.991\/19, somente ser\u00e3o certificados os servidores p\u00fablicos pertencentes ao Quadro Efetivo da UFPel.<\/p>\n<p>**Vagas destinadas a servidores pertencentes ao Quadro Efetivo da UFPel.<\/p>\n<p>***Quando homologadas as inscri\u00e7\u00f5es, os selecionados receber\u00e3o e-mail com instru\u00e7\u00f5es de acesso \u00e0 sala de Webconf da UFPel.<\/p>\n<p><span style=\"color: #ff6600\"><a style=\"color: #ff6600\" href=\"https:\/\/wp.ufpel.edu.br\/progep\/files\/2021\/10\/06-10-Gestao-do-Tempo-Modelo-Homologacao.pdf\">INSCRI\u00c7\u00d5ES HOMOLOGADAS:<\/a><\/span><\/p>\n","protected":false},"excerpt":{"rendered":"<p>Facilitador: \u00a0Rafael Padilha da Silva (T\u00e9cnico-Administrativo da Superintend\u00eancia de Gest\u00e3o de Tecnologia da Informa\u00e7\u00e3o e Comunica\u00e7\u00e3o\/ UFPEL) Data: 06\/10\/2021 (quarta-feira) Hora:\u00a0das 14h \u00e0s 15h Realiza\u00e7\u00e3o:\u00a0plataforma Webconf da UFPel (na modalidade\u00a0on-line) Ementa: Abordagem sobre as t\u00e9cnicas e as ferramentas para a melhor utiliza\u00e7\u00e3o do nosso ativo mais precioso, o tempo. P\u00fablico Alvo: Servidores docentes e TAE\u2019s [&hellip;]<\/p>\n","protected":false},"author":21,"featured_media":0,"parent":0,"menu_order":0,"comment_status":"closed","ping_status":"closed","template":"","meta":{"footnotes":""},"class_list":["post-18581","page","type-page","status-publish","hentry"],"_links":{"self":[{"href":"https:\/\/wp.ufpel.edu.br\/progep\/wp-json\/wp\/v2\/pages\/18581","targetHints":{"allow":["GET"]}}],"collection":[{"href":"https:\/\/wp.ufpel.edu.br\/progep\/wp-json\/wp\/v2\/pages"}],"about":[{"href":"https:\/\/wp.ufpel.edu.br\/progep\/wp-json\/wp\/v2\/types\/page"}],"author":[{"embeddable":true,"href":"https:\/\/wp.ufpel.edu.br\/progep\/wp-json\/wp\/v2\/users\/21"}],"replies":[{"embeddable":true,"href":"https:\/\/wp.ufpel.edu.br\/progep\/wp-json\/wp\/v2\/comments?post=18581"}],"version-history":[{"count":10,"href":"https:\/\/wp.ufpel.edu.br\/progep\/wp-json\/wp\/v2\/pages\/18581\/revisions"}],"predecessor-version":[{"id":33979,"href":"https:\/\/wp.ufpel.edu.br\/progep\/wp-json\/wp\/v2\/pages\/18581\/revisions\/33979"}],"wp:attachment":[{"href":"https:\/\/wp.ufpel.edu.br\/progep\/wp-json\/wp\/v2\/media?parent=18581"}],"curies":[{"name":"wp","href":"https:\/\/api.w.org\/{rel}","templated":true}]}}