{"id":18473,"date":"2021-09-13T17:26:01","date_gmt":"2021-09-13T20:26:01","guid":{"rendered":"https:\/\/wp.ufpel.edu.br\/progep\/?page_id=18473"},"modified":"2025-06-30T14:15:57","modified_gmt":"2025-06-30T17:15:57","slug":"formacao-de-secretarios-de-colegiado-de-graduacao","status":"publish","type":"page","link":"https:\/\/wp.ufpel.edu.br\/progep\/formacao-de-secretarios-de-colegiado-de-graduacao\/","title":{"rendered":"Capacita\u00e7\u00e3o: Forma\u00e7\u00e3o de Secret\u00e1rios de Colegiado de Gradua\u00e7\u00e3o"},"content":{"rendered":"<p><strong>Facilitadores:\u00a0<\/strong><br \/>\nProf. Julio Balzano de Mattos, Henrique Viana e Rafael Padilha (SGTIC)<br \/>\nEmileni Tessmer (CRA)<br \/>\nPsic\u00f3logas Tha\u00edse Campos Mondin, Daniele Concli Loureiro Teixeira, Juliana Antunes Souza<br \/>\nEnfermeira Renata Carpena Schramm, Psiquiatra Ana Paula Pereira Neto Barbosa, Pedagoga Rog\u00e9ria Aparecida Cruz Guttier (PRAE)<\/p>\n<p><b>Modalidade: <\/b>Online<\/p>\n<p><strong>Carga hor\u00e1ria:<\/strong> 20 horas<\/p>\n<p class=\"v1MsoNormal\"><strong>Per\u00edodo<\/strong>: 27 de setembro a 1\u00ba <span style=\"background-color: #ffffff\">de outubro de 2021, nos seguintes dias e hor\u00e1rios:<\/span><\/p>\n<p class=\"v1MsoNormal\"><span style=\"background-color: #ffffff\"><strong>27\/09 <\/strong>(segunda-feira): das 13h45min \u00e0s 18h<br \/>\n<\/span><span style=\"background-color: #ffffff\"><strong>28\/09 <\/strong>(ter\u00e7a-feira): das 08h \u00e0s 12h<br \/>\n<strong>29\/09 <\/strong>(quarta-feira): das 08h \u00e0s 12h<br \/>\n<\/span><span style=\"background-color: #ffffff\"><strong>30\/09 <\/strong>(quinta-feira): das 14h \u00e0s 18h<br \/>\n<strong>01\/10 <\/strong>(sexta-feira): das 08h \u00e0s 12h<\/span><\/p>\n<p class=\"v1MsoNormal\"><strong>Realiza\u00e7\u00e3o<\/strong>: plataforma Webconf da UFPel<\/p>\n<p><strong>S\u00famula<\/strong>:<\/p>\n<p><strong><u>PROGIC<br \/>\n<\/u><\/strong>Sistema SEI: cria\u00e7\u00e3o de processos, acompanhamento especial;\u00a0Wordpress e portal institucional<\/p>\n<p><strong><u>CRA<\/u><\/strong><\/p>\n<ul>\n<li>Documentos\/legisla\u00e7\u00f5es\/portarias\/decretos que influenciam nas atividades acad\u00eamico-administrativas;<\/li>\n<li>Matr\u00edcula (matr\u00edcula de ingressantes, aproveitamento de ingressantes, listagem dos ingressantes, corre\u00e7\u00e3o de matr\u00edcula, matr\u00edcula especial), atividades isoladas (o que s\u00e3o, como proceder);<\/li>\n<li>Aproveitamento de estudos (quem deve preencher qual formul\u00e1rio, quais documentos necess\u00e1rios, para onde enviar); Equival\u00eancia e aproveitamento (quais as diferen\u00e7as entre os dois, quais procedimentos realizar) \u2013 Ap\u00f3s resultados, melhor maneira de divulgar ao aluno (encaminhar email pelo processo para ficar o registro);<\/li>\n<li>Ofertas de disciplinas (como criar, inserir hor\u00e1rios e professores, solicita\u00e7\u00e3o de oferta a outras unidades, banco universal);<\/li>\n<li>N\u00famero de vagas nas ofertas de disciplinas (m\u00ednimo de vagas, apontar para o Regulamento do Ensino de Gradua\u00e7\u00e3o);<\/li>\n<li>Cadastro das cargas-hor\u00e1rias dos professores (regente\/respons\u00e1vel da\/pela turma, divis\u00e3o da carga hor\u00e1ria de uma turma entre v\u00e1rios professores);<\/li>\n<li>Disciplinas\/caracteriza\u00e7\u00f5es (quais documentos seguir, quando realizar o preenchimento das caracteriza\u00e7\u00f5es, como realizar mudan\u00e7as nas caracteriza\u00e7\u00f5es);<\/li>\n<li>Relat\u00f3rios poss\u00edveis de gerar pelo Cobalto e que informa\u00e7\u00f5es trazem;<\/li>\n<li>Est\u00e1gio obrigat\u00f3rio e n\u00e3o obrigat\u00f3rio (quais documentos s\u00e3o necess\u00e1rios, onde encontrar esses documentos, para quem encaminhar, onde registrar); Seguro de est\u00e1gio; PRE<\/li>\n<li>Atestados m\u00e9dicos e processos da per\u00edcia m\u00e9dica de discentes (procedimentos e encaminhamentos); CSQV<\/li>\n<li>RED &#8211; Regime exerc\u00edcio domiciliar (como proceder quando receber o processo); CSQV<\/li>\n<li>Trabalho de conclus\u00e3o de curso (documentos necess\u00e1rios, ficha de registro de entrega dos volumes, para onde enviar o arquivo digital do TCC, recomenda\u00e7\u00f5es); CEC<\/li>\n<li>Formaturas (como cadastrar, que orienta\u00e7\u00f5es dar aos alunos, quem deve fazer o que, encargos do secret\u00e1rio e do coordenador); PRAE\/CCS<\/li>\n<\/ul>\n<p><strong><u>PRAE:<\/u><\/strong><\/p>\n<p>Como realizar a acolhida dos estudantes em situa\u00e7ao de vulnerabilidade<\/p>\n<p><b><strong>Avalia\u00e7\u00e3o: <\/strong><\/b>Frequ\u00eancia m\u00ednima de 75%.<\/p>\n<p class=\"v1MsoNormal\"><strong>P\u00fablico Alvo<\/strong>: Secret\u00e1rios de Colegiados dos cursos de Gradua\u00e7\u00e3o*<\/p>\n<p><strong>N\u00famero de vagas:<\/strong> 70 (vagas limitadas por ordem de inscri\u00e7\u00e3o**)<\/p>\n<p><strong>Per\u00edodo de inscri\u00e7\u00e3o<\/strong>: 14\/09 a 23\/09\/2021<\/p>\n<p><strong>Divulga\u00e7\u00e3o das inscri\u00e7\u00f5es homologadas<\/strong>: 24\/09***, nesta p\u00e1gina.<\/p>\n<p>*Considerando a Pol\u00edtica Nacional de Desenvolvimento de Pessoas, conforme Decreto n\u00ba 9.991\/19, somente ser\u00e3o certificados os servidores p\u00fablicos pertencentes ao Quadro Efetivo da UFPel.<\/p>\n<p>**Vagas destinadas \u00e0 servidores pertencentes ao Quadro Efetivo da UFPel, preferencialmente.<\/p>\n<p>*** Quando homologadas as inscri\u00e7\u00f5es, os selecionados receber\u00e3o e-mail com instru\u00e7\u00f5es de acesso \u00e0 sala de Webconf da UFPel.<\/p>\n<p><strong><span style=\"color: #ff6600\"><a style=\"color: #ff6600\" href=\"https:\/\/wp.ufpel.edu.br\/progep\/files\/2021\/09\/Formacao-Secretarios.pdf\">INSCRI\u00c7\u00d5ES HOMOLOGADAS<\/a><\/span><\/strong><\/p>\n","protected":false},"excerpt":{"rendered":"<p>Facilitadores:\u00a0 Prof. Julio Balzano de Mattos, Henrique Viana e Rafael Padilha (SGTIC) Emileni Tessmer (CRA) Psic\u00f3logas Tha\u00edse Campos Mondin, Daniele Concli Loureiro Teixeira, Juliana Antunes Souza Enfermeira Renata Carpena Schramm, Psiquiatra Ana Paula Pereira Neto Barbosa, Pedagoga Rog\u00e9ria Aparecida Cruz Guttier (PRAE) Modalidade: Online Carga hor\u00e1ria: 20 horas Per\u00edodo: 27 de setembro a 1\u00ba de [&hellip;]<\/p>\n","protected":false},"author":21,"featured_media":0,"parent":0,"menu_order":0,"comment_status":"closed","ping_status":"closed","template":"","meta":{"footnotes":""},"class_list":["post-18473","page","type-page","status-publish","hentry"],"_links":{"self":[{"href":"https:\/\/wp.ufpel.edu.br\/progep\/wp-json\/wp\/v2\/pages\/18473","targetHints":{"allow":["GET"]}}],"collection":[{"href":"https:\/\/wp.ufpel.edu.br\/progep\/wp-json\/wp\/v2\/pages"}],"about":[{"href":"https:\/\/wp.ufpel.edu.br\/progep\/wp-json\/wp\/v2\/types\/page"}],"author":[{"embeddable":true,"href":"https:\/\/wp.ufpel.edu.br\/progep\/wp-json\/wp\/v2\/users\/21"}],"replies":[{"embeddable":true,"href":"https:\/\/wp.ufpel.edu.br\/progep\/wp-json\/wp\/v2\/comments?post=18473"}],"version-history":[{"count":12,"href":"https:\/\/wp.ufpel.edu.br\/progep\/wp-json\/wp\/v2\/pages\/18473\/revisions"}],"predecessor-version":[{"id":33972,"href":"https:\/\/wp.ufpel.edu.br\/progep\/wp-json\/wp\/v2\/pages\/18473\/revisions\/33972"}],"wp:attachment":[{"href":"https:\/\/wp.ufpel.edu.br\/progep\/wp-json\/wp\/v2\/media?parent=18473"}],"curies":[{"name":"wp","href":"https:\/\/api.w.org\/{rel}","templated":true}]}}