{"id":18429,"date":"2021-09-02T09:14:21","date_gmt":"2021-09-02T12:14:21","guid":{"rendered":"https:\/\/wp.ufpel.edu.br\/progep\/?page_id=18429"},"modified":"2025-06-30T14:15:52","modified_gmt":"2025-06-30T17:15:52","slug":"roda-de-conversa-monitoria-na-graduacao-programa-da-ufpel","status":"publish","type":"page","link":"https:\/\/wp.ufpel.edu.br\/progep\/roda-de-conversa-monitoria-na-graduacao-programa-da-ufpel\/","title":{"rendered":"Capacita\u00e7\u00e3o: Roda de conversa Monitoria na Gradua\u00e7\u00e3o: Programa da UFPel"},"content":{"rendered":"<p><strong>Facilitadores: <\/strong>Carine Dahl Corcini, Carla Pires Tavares,\u00a0\u00a0Christian Ferreira Mackedanz E Gustavo Madruga Rickes<\/p>\n<p><strong>Data:<\/strong> 16\/09\/2021 (quinta-feira)<\/p>\n<p><strong>Hora:\u00a0<\/strong>das 15h \u00e0s 17h<\/p>\n<p><strong>Realiza\u00e7\u00e3o:<\/strong>\u00a0plataforma Webconf da UFPel (na modalidade\u00a0<em>on-line)<\/em><\/p>\n<p><strong>Ementa: <\/strong>Ser\u00e1 abordado o programa de monitoria, sele\u00e7\u00e3o, certifica\u00e7\u00e3o.<\/p>\n<p><strong>P\u00fablico Alvo<\/strong>: Servidores docentes e TAE\u2019s ativos*<\/p>\n<p><strong>Per\u00edodo de inscri\u00e7\u00e3o<\/strong>: 02\/09 a 14\/09\/2021<\/p>\n<p><strong>Divulga\u00e7\u00e3o das inscri\u00e7\u00f5es homologadas<\/strong>: 15\/09**, nesta p\u00e1gina.<\/p>\n<p>*Considerando a Pol\u00edtica Nacional de Desenvolvimento de Pessoas, conforme Decreto n\u00ba 9.991\/19, somente ser\u00e3o certificados os servidores p\u00fablicos pertencentes ao Quadro Efetivo da UFPel.<\/p>\n<p>**Quando homologadas as inscri\u00e7\u00f5es, os selecionados receber\u00e3o e-mail com instru\u00e7\u00f5es de acesso \u00e0 sala de Webconf da UFPel.<\/p>\n<p><strong><span style=\"color: #ff6600\"><a style=\"color: #ff6600\" href=\"https:\/\/wp.ufpel.edu.br\/progep\/files\/2021\/09\/Roda-de-conversa-Monitoria-na-Graduacao.pdf\">INSCRI\u00c7\u00d5ES HOMOLOGADAS<\/a><\/span><\/strong><\/p>\n","protected":false},"excerpt":{"rendered":"<p>Facilitadores: Carine Dahl Corcini, Carla Pires Tavares,\u00a0\u00a0Christian Ferreira Mackedanz E Gustavo Madruga Rickes Data: 16\/09\/2021 (quinta-feira) Hora:\u00a0das 15h \u00e0s 17h Realiza\u00e7\u00e3o:\u00a0plataforma Webconf da UFPel (na modalidade\u00a0on-line) Ementa: Ser\u00e1 abordado o programa de monitoria, sele\u00e7\u00e3o, certifica\u00e7\u00e3o. P\u00fablico Alvo: Servidores docentes e TAE\u2019s ativos* Per\u00edodo de inscri\u00e7\u00e3o: 02\/09 a 14\/09\/2021 Divulga\u00e7\u00e3o das inscri\u00e7\u00f5es homologadas: 15\/09**, nesta p\u00e1gina. [&hellip;]<\/p>\n","protected":false},"author":21,"featured_media":0,"parent":0,"menu_order":0,"comment_status":"closed","ping_status":"closed","template":"","meta":{"footnotes":""},"class_list":["post-18429","page","type-page","status-publish","hentry"],"_links":{"self":[{"href":"https:\/\/wp.ufpel.edu.br\/progep\/wp-json\/wp\/v2\/pages\/18429","targetHints":{"allow":["GET"]}}],"collection":[{"href":"https:\/\/wp.ufpel.edu.br\/progep\/wp-json\/wp\/v2\/pages"}],"about":[{"href":"https:\/\/wp.ufpel.edu.br\/progep\/wp-json\/wp\/v2\/types\/page"}],"author":[{"embeddable":true,"href":"https:\/\/wp.ufpel.edu.br\/progep\/wp-json\/wp\/v2\/users\/21"}],"replies":[{"embeddable":true,"href":"https:\/\/wp.ufpel.edu.br\/progep\/wp-json\/wp\/v2\/comments?post=18429"}],"version-history":[{"count":6,"href":"https:\/\/wp.ufpel.edu.br\/progep\/wp-json\/wp\/v2\/pages\/18429\/revisions"}],"predecessor-version":[{"id":33971,"href":"https:\/\/wp.ufpel.edu.br\/progep\/wp-json\/wp\/v2\/pages\/18429\/revisions\/33971"}],"wp:attachment":[{"href":"https:\/\/wp.ufpel.edu.br\/progep\/wp-json\/wp\/v2\/media?parent=18429"}],"curies":[{"name":"wp","href":"https:\/\/api.w.org\/{rel}","templated":true}]}}