{"id":18408,"date":"2021-09-01T11:12:36","date_gmt":"2021-09-01T14:12:36","guid":{"rendered":"https:\/\/wp.ufpel.edu.br\/progep\/?page_id=18408"},"modified":"2025-06-30T14:15:47","modified_gmt":"2025-06-30T17:15:47","slug":"curso-conhecendo-e-utilizando-o-streamyard-nocoes-basicas-para-fazer-uma-live","status":"publish","type":"page","link":"https:\/\/wp.ufpel.edu.br\/progep\/curso-conhecendo-e-utilizando-o-streamyard-nocoes-basicas-para-fazer-uma-live\/","title":{"rendered":"Capacita\u00e7\u00e3o: Curso: Conhecendo e utilizando o StreamYard: no\u00e7\u00f5es b\u00e1sicas para fazer uma live"},"content":{"rendered":"<p><strong>Ministrante(s): <\/strong>Andr\u00e9 Lu\u00eds Barcellos <strong>e <\/strong>Lucas Mello Ness\u00a0 (T\u00e9cnicos-Administrativos da Coordena\u00e7\u00e3o de Comunica\u00e7\u00e3o Social)<\/p>\n<p><b>Modalidade:\u00a0<\/b>online<\/p>\n<p><strong>Carga hor\u00e1ria:<\/strong> 3 horas 30min<\/p>\n<p class=\"v1MsoNormal\"><strong>Per\u00edodo<\/strong>: A capacita\u00e7\u00e3o ser\u00e1 realizada em 2 m\u00f3dulos, nas seguintes datas e hor\u00e1rios:<\/p>\n<p class=\"v1MsoNormal\">M\u00f3dulo I: 24\/9\/2021\u00a0 (sexta-feira) \u2013 das 09h \u00e0s 11h<\/p>\n<p class=\"v1MsoNormal\">M\u00f3dulo II: 01\/10\/2021 (sexta-feira) \u2013 das 09h \u00e0s 10h30min<\/p>\n<p class=\"v1MsoNormal\"><strong>Realiza\u00e7\u00e3o<\/strong>: plataforma Webconf da UFPel<\/p>\n<p><strong>S\u00famula<\/strong>:<\/p>\n<p class=\"Texto_Justificado\">* Caracter\u00edsticas e utiliza\u00e7\u00e3o do StreamYard | Funcionalidades e passo a passo para a realiza\u00e7\u00e3o de\u00a0<em>lives<\/em>\u00a0;<\/p>\n<p class=\"Texto_Justificado\">* Sugest\u00f5es e orienta\u00e7\u00f5es para\u00a0<em>check-lists |\u00a0<\/em>Orienta\u00e7\u00f5es gerais.<\/p>\n<p><b><strong>Avalia\u00e7\u00e3o: <\/strong><\/b>Frequ\u00eancia m\u00ednima de 75%.<\/p>\n<p class=\"v1MsoNormal\"><strong>P\u00fablico Alvo<\/strong>: Servidores docentes e TAE\u2019s ativos*<\/p>\n<p><strong>N\u00famero de vagas:<\/strong>\u00a0 25 (vagas limitadas por ordem de inscri\u00e7\u00e3o)**<\/p>\n<p><strong>Per\u00edodo de inscri\u00e7\u00e3o<\/strong>: 08\/09 a 21\/09\/2021<\/p>\n<p><strong>Divulga\u00e7\u00e3o das inscri\u00e7\u00f5es homologadas<\/strong>: 22\/09***, nesta p\u00e1gina.<\/p>\n<p>*Considerando a Pol\u00edtica Nacional de Desenvolvimento de Pessoas, conforme Decreto n\u00ba 9.991\/19, somente ser\u00e3o certificados os servidores p\u00fablicos pertencentes ao Quadro Efetivo da UFPel.<\/p>\n<p>**Vagas destinadas \u00e0 servidores pertencentes ao Quadro Efetivo da UFPel, preferencialmente.<\/p>\n<p>*** Quando da homologa\u00e7\u00e3o das inscri\u00e7\u00f5es, os selecionados receber\u00e3o e-mail com instru\u00e7\u00f5es de acesso \u00e0 sala de Webconf da UFPel.<\/p>\n<p><span style=\"color: #ff6600\"><a style=\"color: #ff6600\" href=\"https:\/\/wp.ufpel.edu.br\/progep\/files\/2021\/09\/24-09-21-Homologacao-curso.pdf\">INSCRI\u00c7\u00d5ES HOMOLOGADAS<\/a>:<\/span><\/p>\n","protected":false},"excerpt":{"rendered":"<p>Ministrante(s): Andr\u00e9 Lu\u00eds Barcellos e Lucas Mello Ness\u00a0 (T\u00e9cnicos-Administrativos da Coordena\u00e7\u00e3o de Comunica\u00e7\u00e3o Social) Modalidade:\u00a0online Carga hor\u00e1ria: 3 horas 30min Per\u00edodo: A capacita\u00e7\u00e3o ser\u00e1 realizada em 2 m\u00f3dulos, nas seguintes datas e hor\u00e1rios: M\u00f3dulo I: 24\/9\/2021\u00a0 (sexta-feira) \u2013 das 09h \u00e0s 11h M\u00f3dulo II: 01\/10\/2021 (sexta-feira) \u2013 das 09h \u00e0s 10h30min Realiza\u00e7\u00e3o: plataforma Webconf da [&hellip;]<\/p>\n","protected":false},"author":21,"featured_media":0,"parent":0,"menu_order":0,"comment_status":"closed","ping_status":"closed","template":"","meta":{"footnotes":""},"class_list":["post-18408","page","type-page","status-publish","hentry"],"_links":{"self":[{"href":"https:\/\/wp.ufpel.edu.br\/progep\/wp-json\/wp\/v2\/pages\/18408","targetHints":{"allow":["GET"]}}],"collection":[{"href":"https:\/\/wp.ufpel.edu.br\/progep\/wp-json\/wp\/v2\/pages"}],"about":[{"href":"https:\/\/wp.ufpel.edu.br\/progep\/wp-json\/wp\/v2\/types\/page"}],"author":[{"embeddable":true,"href":"https:\/\/wp.ufpel.edu.br\/progep\/wp-json\/wp\/v2\/users\/21"}],"replies":[{"embeddable":true,"href":"https:\/\/wp.ufpel.edu.br\/progep\/wp-json\/wp\/v2\/comments?post=18408"}],"version-history":[{"count":6,"href":"https:\/\/wp.ufpel.edu.br\/progep\/wp-json\/wp\/v2\/pages\/18408\/revisions"}],"predecessor-version":[{"id":33970,"href":"https:\/\/wp.ufpel.edu.br\/progep\/wp-json\/wp\/v2\/pages\/18408\/revisions\/33970"}],"wp:attachment":[{"href":"https:\/\/wp.ufpel.edu.br\/progep\/wp-json\/wp\/v2\/media?parent=18408"}],"curies":[{"name":"wp","href":"https:\/\/api.w.org\/{rel}","templated":true}]}}