{"id":18406,"date":"2021-09-01T07:29:03","date_gmt":"2021-09-01T10:29:03","guid":{"rendered":"https:\/\/wp.ufpel.edu.br\/progep\/?page_id=18406"},"modified":"2025-06-30T14:15:01","modified_gmt":"2025-06-30T17:15:01","slug":"curso-a-lei-do-processo-administrativo-federal-e-o-sei-ufpel","status":"publish","type":"page","link":"https:\/\/wp.ufpel.edu.br\/progep\/curso-a-lei-do-processo-administrativo-federal-e-o-sei-ufpel\/","title":{"rendered":"Capacita\u00e7\u00e3o: Curso: A Lei do Processo Administrativo Federal e o SEI\/UFPel"},"content":{"rendered":"<p><strong>Ministrante:\u00a0 <\/strong>S\u00e9rgio Batista Christino (T\u00e9cnico-Administrativo da Pr\u00f3-Reitoria de Gest\u00e3o de Pessoas)<\/p>\n<p><b>Modalidade: <\/b>online<\/p>\n<p><strong>Carga hor\u00e1ria:<\/strong> 30 horas<\/p>\n<p class=\"v1MsoNormal\"><strong>Per\u00edodo<\/strong>: O curso ser\u00e1 realizado de 16 de setembro a 14 <span style=\"background-color: #ffffff\">de outubro de 2021, nos seguintes dias e hor\u00e1rios:<\/span><\/p>\n<p class=\"v1MsoNormal\">Ter\u00e7as-feiras: das 14 \u00e0s 17 horas<\/p>\n<p class=\"v1MsoNormal\">Quintas-feiras:\u00a0 das 09 \u00e0s 12 horas<\/p>\n<p class=\"v1MsoNormal\"><strong>Realiza\u00e7\u00e3o<\/strong>: plataforma Webconf da UFPel<\/p>\n<p><strong>S\u00famula<\/strong>:<\/p>\n<ul>\n<li>No\u00e7\u00e3o e for\u00e7a de Lei;<\/li>\n<li>Organiza\u00e7\u00e3o do Estado;<\/li>\n<li>Estado e administra\u00e7\u00e3o p\u00fablica;<\/li>\n<li>Administra\u00e7\u00e3o burocr\u00e1tica e carreira;<\/li>\n<li>Elementos b\u00e1sicos do processo legislativo;<\/li>\n<li>Lei 9.784\/99 &#8211; que regula o processo administrativo no \u00e2mbito da Administra\u00e7\u00e3o P\u00fablica Federal \u2013 Artigo por artigo.<\/li>\n<\/ul>\n<p><b><strong>Avalia\u00e7\u00e3o: <\/strong><\/b>Frequ\u00eancia m\u00ednima de 75%; prova e tarefa acad\u00eamica de fixa\u00e7\u00e3o e avalia\u00e7\u00e3o.<\/p>\n<p class=\"v1MsoNormal\"><strong>P\u00fablico Alvo<\/strong>: Servidores docentes e TAE\u2019s ativos*<\/p>\n<p><strong>N\u00famero de vagas:<\/strong> 30 vagas (vagas limitadas por ordem de inscri\u00e7\u00e3o)**<\/p>\n<p><strong>Per\u00edodo de inscri\u00e7\u00e3o<\/strong>: 01\/09 a 14\/09\/2021<\/p>\n<p><strong>Divulga\u00e7\u00e3o das inscri\u00e7\u00f5es homologadas<\/strong>: 15\/09***, nesta p\u00e1gina.<\/p>\n<p>*Considerando a Pol\u00edtica Nacional de Desenvolvimento de Pessoas, conforme Decreto n\u00ba 9.991\/19, somente ser\u00e3o certificados os servidores p\u00fablicos pertencentes ao Quadro Efetivo da UFPel.<\/p>\n<p>**Vagas destinadas \u00e0 servidores pertencentes ao Quadro Efetivo da UFPel, preferencialmente.<\/p>\n<p>*** Quando da homologa\u00e7\u00e3o das inscri\u00e7\u00f5es, os selecionados receber\u00e3o e-mail com instru\u00e7\u00f5es de acesso \u00e0 sala de Webconf da UFPel.<\/p>\n<p><span style=\"color: #ff6600\"><a style=\"color: #ff6600\" href=\"https:\/\/wp.ufpel.edu.br\/progep\/files\/2021\/09\/Curso-Processo-Administrativo.pdf\">INSCRI\u00c7\u00d5ES HOMOLOGADAS<\/a><\/span><\/p>\n","protected":false},"excerpt":{"rendered":"<p>Ministrante:\u00a0 S\u00e9rgio Batista Christino (T\u00e9cnico-Administrativo da Pr\u00f3-Reitoria de Gest\u00e3o de Pessoas) Modalidade: online Carga hor\u00e1ria: 30 horas Per\u00edodo: O curso ser\u00e1 realizado de 16 de setembro a 14 de outubro de 2021, nos seguintes dias e hor\u00e1rios: Ter\u00e7as-feiras: das 14 \u00e0s 17 horas Quintas-feiras:\u00a0 das 09 \u00e0s 12 horas Realiza\u00e7\u00e3o: plataforma Webconf da UFPel S\u00famula: [&hellip;]<\/p>\n","protected":false},"author":21,"featured_media":0,"parent":0,"menu_order":0,"comment_status":"closed","ping_status":"closed","template":"","meta":{"footnotes":""},"class_list":["post-18406","page","type-page","status-publish","hentry"],"_links":{"self":[{"href":"https:\/\/wp.ufpel.edu.br\/progep\/wp-json\/wp\/v2\/pages\/18406","targetHints":{"allow":["GET"]}}],"collection":[{"href":"https:\/\/wp.ufpel.edu.br\/progep\/wp-json\/wp\/v2\/pages"}],"about":[{"href":"https:\/\/wp.ufpel.edu.br\/progep\/wp-json\/wp\/v2\/types\/page"}],"author":[{"embeddable":true,"href":"https:\/\/wp.ufpel.edu.br\/progep\/wp-json\/wp\/v2\/users\/21"}],"replies":[{"embeddable":true,"href":"https:\/\/wp.ufpel.edu.br\/progep\/wp-json\/wp\/v2\/comments?post=18406"}],"version-history":[{"count":9,"href":"https:\/\/wp.ufpel.edu.br\/progep\/wp-json\/wp\/v2\/pages\/18406\/revisions"}],"predecessor-version":[{"id":33969,"href":"https:\/\/wp.ufpel.edu.br\/progep\/wp-json\/wp\/v2\/pages\/18406\/revisions\/33969"}],"wp:attachment":[{"href":"https:\/\/wp.ufpel.edu.br\/progep\/wp-json\/wp\/v2\/media?parent=18406"}],"curies":[{"name":"wp","href":"https:\/\/api.w.org\/{rel}","templated":true}]}}