{"id":18371,"date":"2021-09-01T00:11:45","date_gmt":"2021-09-01T03:11:45","guid":{"rendered":"https:\/\/wp.ufpel.edu.br\/progep\/?page_id=18371"},"modified":"2025-06-30T14:14:49","modified_gmt":"2025-06-30T17:14:49","slug":"capacita-na-web-aplicando-inteligencia-artificial-em-sua-area-do-conhecimento-desafios-e-oportunidades","status":"publish","type":"page","link":"https:\/\/wp.ufpel.edu.br\/progep\/capacita-na-web-aplicando-inteligencia-artificial-em-sua-area-do-conhecimento-desafios-e-oportunidades\/","title":{"rendered":"Capacita\u00e7\u00e3o: Capacita na web: Aplicando Intelig\u00eancia Artificial em sua \u00c1rea do Conhecimento: desafios e oportunidades"},"content":{"rendered":"<p><strong>Facilitador(a): <\/strong>Ricardo Matsumura Ara\u00fajo (Professor do Centro de Desenvolvimento Tecnol\u00f3gico)<\/p>\n<p><strong>Data:<\/strong> 22\/09\/2021 (quarta-feira)<\/p>\n<p><strong>Hora:\u00a0<\/strong>das 14h \u00e0s 16h<\/p>\n<p><strong>Realiza\u00e7\u00e3o:<\/strong>\u00a0plataforma Webconf da UFPel (na modalidade\u00a0<em>on-line)<\/em><\/p>\n<p><strong>Ementa: <\/strong>O que \u00e9 Intelig\u00eancia Artificial; Motivos para usar Intelig\u00eancia Artificial; Exemplos de aplica\u00e7\u00f5es; Desafios da aplica\u00e7\u00e3o de Intelig\u00eancia Artificial; Como come\u00e7ar a usar IA em projetos.<\/p>\n<p><strong>P\u00fablico Alvo<\/strong>: Servidores docentes e TAE\u2019s ativos*<\/p>\n<p><strong>Per\u00edodo de inscri\u00e7\u00e3o<\/strong>: 01\/09 a 20\/09\/2021<\/p>\n<p><strong>Divulga\u00e7\u00e3o das inscri\u00e7\u00f5es homologadas<\/strong>: 21\/09**, nesta p\u00e1gina.<\/p>\n<p>*Considerando a Pol\u00edtica Nacional de Desenvolvimento de Pessoas, conforme Decreto n\u00ba 9.991\/19, somente ser\u00e3o certificados os servidores p\u00fablicos pertencentes ao Quadro Efetivo da UFPel.<\/p>\n<p>**Quando homologadas as inscri\u00e7\u00f5es, os selecionados receber\u00e3o e-mail com instru\u00e7\u00f5es de acesso \u00e0 sala de Webconf da UFPel.<\/p>\n<p><span style=\"background-color: #ffffff;color: #ff6600\"><a style=\"background-color: #ffffff;color: #ff6600\" href=\"https:\/\/wp.ufpel.edu.br\/progep\/files\/2021\/09\/Homologacao-Roda-Inteligencia-Artificial.pdf\">INSCRI\u00c7\u00d5ES HOMOLOGADAS<\/a>:<\/span><\/p>\n","protected":false},"excerpt":{"rendered":"<p>Facilitador(a): Ricardo Matsumura Ara\u00fajo (Professor do Centro de Desenvolvimento Tecnol\u00f3gico) Data: 22\/09\/2021 (quarta-feira) Hora:\u00a0das 14h \u00e0s 16h Realiza\u00e7\u00e3o:\u00a0plataforma Webconf da UFPel (na modalidade\u00a0on-line) Ementa: O que \u00e9 Intelig\u00eancia Artificial; Motivos para usar Intelig\u00eancia Artificial; Exemplos de aplica\u00e7\u00f5es; Desafios da aplica\u00e7\u00e3o de Intelig\u00eancia Artificial; Como come\u00e7ar a usar IA em projetos. P\u00fablico Alvo: Servidores docentes e [&hellip;]<\/p>\n","protected":false},"author":21,"featured_media":0,"parent":0,"menu_order":0,"comment_status":"closed","ping_status":"closed","template":"","meta":{"footnotes":""},"class_list":["post-18371","page","type-page","status-publish","hentry"],"_links":{"self":[{"href":"https:\/\/wp.ufpel.edu.br\/progep\/wp-json\/wp\/v2\/pages\/18371","targetHints":{"allow":["GET"]}}],"collection":[{"href":"https:\/\/wp.ufpel.edu.br\/progep\/wp-json\/wp\/v2\/pages"}],"about":[{"href":"https:\/\/wp.ufpel.edu.br\/progep\/wp-json\/wp\/v2\/types\/page"}],"author":[{"embeddable":true,"href":"https:\/\/wp.ufpel.edu.br\/progep\/wp-json\/wp\/v2\/users\/21"}],"replies":[{"embeddable":true,"href":"https:\/\/wp.ufpel.edu.br\/progep\/wp-json\/wp\/v2\/comments?post=18371"}],"version-history":[{"count":6,"href":"https:\/\/wp.ufpel.edu.br\/progep\/wp-json\/wp\/v2\/pages\/18371\/revisions"}],"predecessor-version":[{"id":33967,"href":"https:\/\/wp.ufpel.edu.br\/progep\/wp-json\/wp\/v2\/pages\/18371\/revisions\/33967"}],"wp:attachment":[{"href":"https:\/\/wp.ufpel.edu.br\/progep\/wp-json\/wp\/v2\/media?parent=18371"}],"curies":[{"name":"wp","href":"https:\/\/api.w.org\/{rel}","templated":true}]}}