{"id":18369,"date":"2021-09-01T00:09:27","date_gmt":"2021-09-01T03:09:27","guid":{"rendered":"https:\/\/wp.ufpel.edu.br\/progep\/?page_id=18369"},"modified":"2025-06-30T14:14:43","modified_gmt":"2025-06-30T17:14:43","slug":"capacita-na-web-comunicacao-na-universidade-para-quem-por-que-e-como-comunicar","status":"publish","type":"page","link":"https:\/\/wp.ufpel.edu.br\/progep\/capacita-na-web-comunicacao-na-universidade-para-quem-por-que-e-como-comunicar\/","title":{"rendered":"Capacita\u00e7\u00e3o: Capacita na web: Comunica\u00e7\u00e3o na universidade: para quem, por que e como comunicar"},"content":{"rendered":"<p><strong>Facilitador(a): <\/strong>Caroline Casali (Professora do Centro de Ci\u00eancias Socio-Organizacionais)<\/p>\n<p><strong>Data:<\/strong> 15\/09\/2021 (quarta-feira)<\/p>\n<p><strong>Hora:<\/strong> das 14h \u00e0s 16h<\/p>\n<p><strong>Realiza\u00e7\u00e3o:<\/strong>\u00a0plataforma Webconf da UFPel (na modalidade\u00a0<em>on-line)<\/em><\/p>\n<p><strong>Ementa: <\/strong>Dimens\u00f5es da comunica\u00e7\u00e3o da universidade; p\u00fablicos da comunica\u00e7\u00e3o da universidade; planejamento e estrat\u00e9gias da comunica\u00e7\u00e3o para a universidade; comunica\u00e7\u00e3o e divulga\u00e7\u00e3o cient\u00edfica; universidade em sites de redes sociais.<\/p>\n<p><strong>P\u00fablico Alvo<\/strong>: Servidores docentes e TAE\u2019s ativos*<\/p>\n<p><strong>Per\u00edodo de inscri\u00e7\u00e3o<\/strong>: 01\/09 a 13\/09\/2021<\/p>\n<p><strong>Divulga\u00e7\u00e3o das inscri\u00e7\u00f5es homologadas<\/strong>: 14\/09**, nesta p\u00e1gina.<\/p>\n<p>*Considerando a Pol\u00edtica Nacional de Desenvolvimento de Pessoas, conforme Decreto n\u00ba 9.991\/19, somente ser\u00e3o certificados os servidores p\u00fablicos pertencentes ao Quadro Efetivo da UFPel.<\/p>\n<p>**Quando homologadas as inscri\u00e7\u00f5es, os selecionados receber\u00e3o e-mail com instru\u00e7\u00f5es de acesso \u00e0 sala de Webconf <span style=\"color: #ff6600\">da UFPel.<\/span><\/p>\n<p><span style=\"color: #ff6600\"><a style=\"color: #ff6600\" href=\"https:\/\/wp.ufpel.edu.br\/progep\/files\/2021\/09\/COMUNICACAO-NA-UNIVERSIDADE.pdf\">INSCRI\u00c7\u00d5ES HOMOLOGADAS<\/a><\/span><\/p>\n","protected":false},"excerpt":{"rendered":"<p>Facilitador(a): Caroline Casali (Professora do Centro de Ci\u00eancias Socio-Organizacionais) Data: 15\/09\/2021 (quarta-feira) Hora: das 14h \u00e0s 16h Realiza\u00e7\u00e3o:\u00a0plataforma Webconf da UFPel (na modalidade\u00a0on-line) Ementa: Dimens\u00f5es da comunica\u00e7\u00e3o da universidade; p\u00fablicos da comunica\u00e7\u00e3o da universidade; planejamento e estrat\u00e9gias da comunica\u00e7\u00e3o para a universidade; comunica\u00e7\u00e3o e divulga\u00e7\u00e3o cient\u00edfica; universidade em sites de redes sociais. P\u00fablico Alvo: Servidores [&hellip;]<\/p>\n","protected":false},"author":21,"featured_media":0,"parent":0,"menu_order":0,"comment_status":"closed","ping_status":"closed","template":"","meta":{"footnotes":""},"class_list":["post-18369","page","type-page","status-publish","hentry"],"_links":{"self":[{"href":"https:\/\/wp.ufpel.edu.br\/progep\/wp-json\/wp\/v2\/pages\/18369","targetHints":{"allow":["GET"]}}],"collection":[{"href":"https:\/\/wp.ufpel.edu.br\/progep\/wp-json\/wp\/v2\/pages"}],"about":[{"href":"https:\/\/wp.ufpel.edu.br\/progep\/wp-json\/wp\/v2\/types\/page"}],"author":[{"embeddable":true,"href":"https:\/\/wp.ufpel.edu.br\/progep\/wp-json\/wp\/v2\/users\/21"}],"replies":[{"embeddable":true,"href":"https:\/\/wp.ufpel.edu.br\/progep\/wp-json\/wp\/v2\/comments?post=18369"}],"version-history":[{"count":7,"href":"https:\/\/wp.ufpel.edu.br\/progep\/wp-json\/wp\/v2\/pages\/18369\/revisions"}],"predecessor-version":[{"id":33966,"href":"https:\/\/wp.ufpel.edu.br\/progep\/wp-json\/wp\/v2\/pages\/18369\/revisions\/33966"}],"wp:attachment":[{"href":"https:\/\/wp.ufpel.edu.br\/progep\/wp-json\/wp\/v2\/media?parent=18369"}],"curies":[{"name":"wp","href":"https:\/\/api.w.org\/{rel}","templated":true}]}}