{"id":18329,"date":"2021-09-23T08:20:28","date_gmt":"2021-09-23T11:20:28","guid":{"rendered":"https:\/\/wp.ufpel.edu.br\/progep\/?page_id=18329"},"modified":"2025-08-29T10:41:44","modified_gmt":"2025-08-29T13:41:44","slug":"mes-do-servidor-2021","status":"publish","type":"page","link":"https:\/\/wp.ufpel.edu.br\/progep\/mes-do-servidor-2021\/","title":{"rendered":"Capacita\u00e7\u00e3o: M\u00caS DO SERVIDOR 2021"},"content":{"rendered":"<p><a href=\"https:\/\/wp.ufpel.edu.br\/progep\/files\/2021\/09\/Banner-Portal-Site-8.png\"><img class=\"aligncenter size-full wp-image-18574\" src=\"https:\/\/wp.ufpel.edu.br\/progep\/files\/2021\/09\/Banner-Portal-Site-8.png\" alt=\"\" width=\"780\" height=\"300\" srcset=\"https:\/\/wp.ufpel.edu.br\/progep\/files\/2021\/09\/Banner-Portal-Site-8.png 780w, https:\/\/wp.ufpel.edu.br\/progep\/files\/2021\/09\/Banner-Portal-Site-8-400x154.png 400w, https:\/\/wp.ufpel.edu.br\/progep\/files\/2021\/09\/Banner-Portal-Site-8-768x295.png 768w\" sizes=\"(max-width: 780px) 100vw, 780px\" \/><\/a><\/p>\n<p style=\"text-align: justify\"><span style=\"color: #000000\">Para celebrar o <strong>Dia do Servidor P\u00fablico<\/strong>, comemorado no dia 28 de outubro, preparamos o evento <strong>M\u00eas do Servidor<\/strong>, assim, durante o m\u00eas de outubro teremos uma ampla programa\u00e7\u00e3o que inclui\u00a0Oficinas, Rodas de<span style=\"background-color: #ffffff\"> C<\/span>onversa e Palestras. Tendo em vista o momento delicado, de enfrentamento da pandemia, todas as atividades ser\u00e3o realizadas em ambientes virtuais.<\/span><\/p>\n<p style=\"text-align: center\"><span style=\"font-size: 18pt\"><strong>Vamos nos conectar!<\/strong><\/span><\/p>\n<p style=\"text-align: center\"><span style=\"font-size: 18pt\"><em><strong><span style=\"color: #0000ff\">ATIVIDADE CULTURAL<\/span><\/strong><\/em><\/span><\/p>\n<p style=\"text-align: center\"><strong><span style=\"font-size: 14pt\">Vamos conhecer o Patrim\u00f4nio Cultural da UFPel? Te convidamos para acompanhar um Tour sobre a hist\u00f3ria de nossos pr\u00e9dios e uma visita sobre as mem\u00f3rias do Museu do Doce.<\/span><\/strong><\/p>\n<p style=\"text-align: center\"><span style=\"background-color: #ff6600;color: #ff6600\"><span style=\"background-color: #ffffff\">Acesse <\/span><span style=\"background-color: #ffffff\">o link:<\/span><\/span>\u00a0<a href=\"https:\/\/wp.ufpel.edu.br\/progep\/?page_id=18929\">https:\/\/wp.ufpel.edu.br\/progep\/?page_id=18929<\/a><\/p>\n<p style=\"text-align: center\"><span style=\"color: #0000ff\"><em><strong><span style=\"font-size: 18pt\">PROGRAMA\u00c7\u00c3O SEMANAL<\/span><\/strong><\/em><\/span><\/p>\n<p style=\"text-align: justify\"><span style=\"color: #000000\">Vejam abaixo a Programa\u00e7\u00e3o das a\u00e7\u00f5es que ser\u00e3o realizadas durante o m\u00eas de outubro.\u00a0<\/span><\/p>\n<p style=\"text-align: center\"><span style=\"color: #0000ff\"><em><strong><span style=\"font-size: 18pt\">SEMANA 1 (04 a 08\/10)<br \/>\n<\/span><\/strong><\/em><\/span><\/p>\n<p style=\"text-align: center\"><a href=\"https:\/\/wp.ufpel.edu.br\/progep\/?page_id=18661&amp;preview=true\"><img class=\"aligncenter size-full wp-image-18622\" src=\"https:\/\/wp.ufpel.edu.br\/progep\/files\/2021\/09\/04.10-Palestra-de-Abertura-8.png\" alt=\"\" width=\"762\" height=\"128\" srcset=\"https:\/\/wp.ufpel.edu.br\/progep\/files\/2021\/09\/04.10-Palestra-de-Abertura-8.png 762w, https:\/\/wp.ufpel.edu.br\/progep\/files\/2021\/09\/04.10-Palestra-de-Abertura-8-400x67.png 400w\" sizes=\"(max-width: 762px) 100vw, 762px\" \/><\/a><br \/>\n<a href=\"https:\/\/wp.ufpel.edu.br\/progep\/?page_id=18576&amp;preview=true\"><img class=\"aligncenter size-full wp-image-18623\" src=\"https:\/\/wp.ufpel.edu.br\/progep\/files\/2021\/09\/05.10-Roda-de-Conversa-Plantas-medicinais.png\" alt=\"\" width=\"762\" height=\"129\" srcset=\"https:\/\/wp.ufpel.edu.br\/progep\/files\/2021\/09\/05.10-Roda-de-Conversa-Plantas-medicinais.png 762w, https:\/\/wp.ufpel.edu.br\/progep\/files\/2021\/09\/05.10-Roda-de-Conversa-Plantas-medicinais-400x68.png 400w\" sizes=\"(max-width: 762px) 100vw, 762px\" \/><\/a><br \/>\n<a href=\"https:\/\/wp.ufpel.edu.br\/progep\/oficina-ginastica-e-saude\/\"><img class=\"aligncenter size-full wp-image-18624\" src=\"https:\/\/wp.ufpel.edu.br\/progep\/files\/2021\/09\/05.10-Oficina-Ginastica.png\" alt=\"\" width=\"763\" height=\"129\" srcset=\"https:\/\/wp.ufpel.edu.br\/progep\/files\/2021\/09\/05.10-Oficina-Ginastica.png 763w, https:\/\/wp.ufpel.edu.br\/progep\/files\/2021\/09\/05.10-Oficina-Ginastica-400x68.png 400w\" sizes=\"(max-width: 763px) 100vw, 763px\" \/><\/a><br \/>\n<a href=\"https:\/\/wp.ufpel.edu.br\/progep\/roda-de-conversa-gestao-do-tempo-em-tempos-de-home-office\/\"><img class=\"aligncenter size-full wp-image-18625\" src=\"https:\/\/wp.ufpel.edu.br\/progep\/files\/2021\/09\/06.10-Roda-de-Conversa-Gestao-do-tempo.png\" alt=\"\" width=\"763\" height=\"129\" srcset=\"https:\/\/wp.ufpel.edu.br\/progep\/files\/2021\/09\/06.10-Roda-de-Conversa-Gestao-do-tempo.png 763w, https:\/\/wp.ufpel.edu.br\/progep\/files\/2021\/09\/06.10-Roda-de-Conversa-Gestao-do-tempo-400x68.png 400w\" sizes=\"(max-width: 763px) 100vw, 763px\" \/><\/a><br \/>\n<a href=\"https:\/\/wp.ufpel.edu.br\/progep\/oficina-de-yoga-turma-1\/\"><img class=\"aligncenter size-full wp-image-18626\" src=\"https:\/\/wp.ufpel.edu.br\/progep\/files\/2021\/09\/06.10-Oficina-de-Yoga-Turma-1.png\" alt=\"\" width=\"762\" height=\"128\" srcset=\"https:\/\/wp.ufpel.edu.br\/progep\/files\/2021\/09\/06.10-Oficina-de-Yoga-Turma-1.png 762w, https:\/\/wp.ufpel.edu.br\/progep\/files\/2021\/09\/06.10-Oficina-de-Yoga-Turma-1-400x67.png 400w\" sizes=\"(max-width: 762px) 100vw, 762px\" \/><\/a><span style=\"color: #0000ff\"><em><strong><span style=\"font-size: 18pt\"><span style=\"color: #ff6600;font-size: 10pt\">Clique na imagem para se inscrever<\/span><\/span><\/strong><\/em><\/span><br \/>\n<a href=\"https:\/\/wp.ufpel.edu.br\/progep\/roda-de-conversa-10-passos-para-uma-alimentacao-saudavel\/\"><img class=\"aligncenter size-full wp-image-18627\" src=\"https:\/\/wp.ufpel.edu.br\/progep\/files\/2021\/09\/07.10-Roda-de-Conversa-Alimentacao-saudavel.png\" alt=\"\" width=\"762\" height=\"129\" srcset=\"https:\/\/wp.ufpel.edu.br\/progep\/files\/2021\/09\/07.10-Roda-de-Conversa-Alimentacao-saudavel.png 762w, https:\/\/wp.ufpel.edu.br\/progep\/files\/2021\/09\/07.10-Roda-de-Conversa-Alimentacao-saudavel-400x68.png 400w\" sizes=\"(max-width: 762px) 100vw, 762px\" \/><\/a><span style=\"color: #0000ff\"><em><strong><span style=\"font-size: 18pt\"><span style=\"color: #ff6600;font-size: 10pt\">Clique na imagem para se inscrever<\/span><\/span><\/strong><\/em><\/span><br \/>\n<a href=\"https:\/\/wp.ufpel.edu.br\/progep\/oficina-de-gastronomia-comidas-saudaveis-e-tambem-saborosas\/\"><img class=\"aligncenter size-full wp-image-18628\" src=\"https:\/\/wp.ufpel.edu.br\/progep\/files\/2021\/09\/8.10-Oficina-de-gastronomia-8.png\" alt=\"\" width=\"763\" height=\"129\" srcset=\"https:\/\/wp.ufpel.edu.br\/progep\/files\/2021\/09\/8.10-Oficina-de-gastronomia-8.png 763w, https:\/\/wp.ufpel.edu.br\/progep\/files\/2021\/09\/8.10-Oficina-de-gastronomia-8-400x68.png 400w\" sizes=\"(max-width: 763px) 100vw, 763px\" \/><\/a><\/p>\n<p style=\"text-align: center\"><span style=\"color: #0000ff\"><em><strong><span style=\"font-size: 18pt\">SEMANA 2 (13 a 15\/10)<br \/>\n<span style=\"color: #ff6600;font-size: 10pt\">Clique na imagem para se inscrever<\/span><\/span><\/strong><\/em><\/span><a href=\"https:\/\/wp.ufpel.edu.br\/progep\/?page_id=18590&amp;preview=true\"><img class=\"aligncenter size-full wp-image-18634\" src=\"https:\/\/wp.ufpel.edu.br\/progep\/files\/2021\/09\/13.10-Oficina-Fotografia.png\" alt=\"\" width=\"763\" height=\"129\" srcset=\"https:\/\/wp.ufpel.edu.br\/progep\/files\/2021\/09\/13.10-Oficina-Fotografia.png 763w, https:\/\/wp.ufpel.edu.br\/progep\/files\/2021\/09\/13.10-Oficina-Fotografia-400x68.png 400w\" sizes=\"(max-width: 763px) 100vw, 763px\" \/><\/a><span style=\"color: #0000ff\"><em><strong><span style=\"font-size: 18pt\"><span style=\"color: #ff6600;font-size: 10pt\">Clique na imagem para se inscrever<\/span><\/span><\/strong><\/em><\/span><br \/>\n<a href=\"https:\/\/wp.ufpel.edu.br\/progep\/?page_id=18602&amp;preview=true\"><img class=\"aligncenter size-full wp-image-18633\" src=\"https:\/\/wp.ufpel.edu.br\/progep\/files\/2021\/09\/13.10-Roda-de-Conversa-Educacao-financeira.png\" alt=\"\" width=\"763\" height=\"129\" srcset=\"https:\/\/wp.ufpel.edu.br\/progep\/files\/2021\/09\/13.10-Roda-de-Conversa-Educacao-financeira.png 763w, https:\/\/wp.ufpel.edu.br\/progep\/files\/2021\/09\/13.10-Roda-de-Conversa-Educacao-financeira-400x68.png 400w\" sizes=\"(max-width: 763px) 100vw, 763px\" \/><\/a><span style=\"color: #0000ff\"><em><strong><span style=\"font-size: 18pt\"><span style=\"color: #ff6600;font-size: 10pt\">Clique na imagem para se inscrever<\/span><\/span><\/strong><\/em><\/span><br \/>\n<a href=\"https:\/\/wp.ufpel.edu.br\/progep\/?page_id=18689&amp;preview=true\"><img class=\"aligncenter size-full wp-image-18632\" src=\"https:\/\/wp.ufpel.edu.br\/progep\/files\/2021\/09\/14.10-oficina-yoga-Turma-2.png\" alt=\"\" width=\"762\" height=\"129\" srcset=\"https:\/\/wp.ufpel.edu.br\/progep\/files\/2021\/09\/14.10-oficina-yoga-Turma-2.png 762w, https:\/\/wp.ufpel.edu.br\/progep\/files\/2021\/09\/14.10-oficina-yoga-Turma-2-400x68.png 400w\" sizes=\"(max-width: 762px) 100vw, 762px\" \/><\/a><span style=\"color: #0000ff\"><em><strong><span style=\"font-size: 18pt\"><span style=\"color: #ff6600;font-size: 10pt\">Clique na imagem para se inscrever<\/span><\/span><\/strong><\/em><\/span><br \/>\n<a href=\"https:\/\/wp.ufpel.edu.br\/progep\/?page_id=18587&amp;preview=true\"><img class=\"aligncenter size-full wp-image-18631\" src=\"https:\/\/wp.ufpel.edu.br\/progep\/files\/2021\/09\/14.10-Oficina-de-Gastronomia.png\" alt=\"\" width=\"762\" height=\"128\" srcset=\"https:\/\/wp.ufpel.edu.br\/progep\/files\/2021\/09\/14.10-Oficina-de-Gastronomia.png 762w, https:\/\/wp.ufpel.edu.br\/progep\/files\/2021\/09\/14.10-Oficina-de-Gastronomia-400x67.png 400w\" sizes=\"(max-width: 762px) 100vw, 762px\" \/><\/a><\/p>\n<p style=\"text-align: center\"><span style=\"color: #0000ff\"><em><strong><span style=\"font-size: 18pt\">SEMANA 3 (25 a 27\/10)<\/span><\/strong><\/em><\/span><\/p>\n<p style=\"text-align: center\"><span style=\"color: #0000ff\"><em><strong><span style=\"font-size: 18pt\"><span style=\"color: #ff6600;font-size: 10pt\">Clique na imagem para se inscrever<\/span><\/span><\/strong><\/em><\/span><br \/>\n<a href=\"https:\/\/wp.ufpel.edu.br\/progep\/?page_id=18691&amp;preview=true\"><img class=\"aligncenter size-full wp-image-18649\" src=\"https:\/\/wp.ufpel.edu.br\/progep\/files\/2021\/09\/25.10-oficina-yoga-Turma-3.png\" alt=\"\" width=\"763\" height=\"129\" srcset=\"https:\/\/wp.ufpel.edu.br\/progep\/files\/2021\/09\/25.10-oficina-yoga-Turma-3.png 763w, https:\/\/wp.ufpel.edu.br\/progep\/files\/2021\/09\/25.10-oficina-yoga-Turma-3-400x68.png 400w\" sizes=\"(max-width: 763px) 100vw, 763px\" \/><\/a><span style=\"color: #0000ff\"><em><strong><span style=\"font-size: 18pt\"><span style=\"color: #ff6600;font-size: 10pt\">Clique na imagem para se inscrever<\/span><\/span><\/strong><\/em><\/span><br \/>\n<a href=\"https:\/\/wp.ufpel.edu.br\/progep\/?page_id=18806&amp;preview=true\"><img class=\"aligncenter size-full wp-image-18650\" src=\"https:\/\/wp.ufpel.edu.br\/progep\/files\/2021\/09\/25.10-Roda-de-Conversa-Competencia-comunicativa.png\" alt=\"\" width=\"762\" height=\"129\" srcset=\"https:\/\/wp.ufpel.edu.br\/progep\/files\/2021\/09\/25.10-Roda-de-Conversa-Competencia-comunicativa.png 762w, https:\/\/wp.ufpel.edu.br\/progep\/files\/2021\/09\/25.10-Roda-de-Conversa-Competencia-comunicativa-400x68.png 400w\" sizes=\"(max-width: 762px) 100vw, 762px\" \/><\/a><span style=\"color: #ff0000;font-size: 12pt\"><em><strong>A RODA DE CONVERSA FOI ALTERADA PARA O DIA 26\/10, \u00c0S 16H<\/strong><\/em><\/span><br \/>\n<a href=\"https:\/\/wp.ufpel.edu.br\/progep\/?page_id=18596&amp;preview=true\"><img class=\"aligncenter size-full wp-image-18651\" src=\"https:\/\/wp.ufpel.edu.br\/progep\/files\/2021\/09\/26.10-Oficina-Videos.png\" alt=\"\" width=\"762\" height=\"128\" srcset=\"https:\/\/wp.ufpel.edu.br\/progep\/files\/2021\/09\/26.10-Oficina-Videos.png 762w, https:\/\/wp.ufpel.edu.br\/progep\/files\/2021\/09\/26.10-Oficina-Videos-400x67.png 400w\" sizes=\"(max-width: 762px) 100vw, 762px\" \/><\/a><br \/>\n<span style=\"color: #0000ff\"><em><strong><span style=\"font-size: 18pt\"><span style=\"color: #ff6600;font-size: 10pt\">Clique na imagem para se inscrever<\/span><\/span><\/strong><\/em><\/span><br \/>\n<a href=\"https:\/\/wp.ufpel.edu.br\/progep\/palestra-lacos-e-conexoes-na-ufpel-quem-fui-quem-sou-e-quem-serei\/\"><img class=\"aligncenter size-full wp-image-18844\" src=\"https:\/\/wp.ufpel.edu.br\/progep\/files\/2021\/10\/27.10-encerramento-8.png\" alt=\"\" width=\"763\" height=\"129\" srcset=\"https:\/\/wp.ufpel.edu.br\/progep\/files\/2021\/10\/27.10-encerramento-8.png 763w, https:\/\/wp.ufpel.edu.br\/progep\/files\/2021\/10\/27.10-encerramento-8-400x68.png 400w\" sizes=\"(max-width: 763px) 100vw, 763px\" \/><\/a><\/p>\n<p style=\"text-align: center\">\n","protected":false},"excerpt":{"rendered":"<p>Para celebrar o Dia do Servidor P\u00fablico, comemorado no dia 28 de outubro, preparamos o evento M\u00eas do Servidor, assim, durante o m\u00eas de outubro teremos uma ampla programa\u00e7\u00e3o que inclui\u00a0Oficinas, Rodas de Conversa e Palestras. Tendo em vista o momento delicado, de enfrentamento da pandemia, todas as atividades ser\u00e3o realizadas em ambientes virtuais. Vamos [&hellip;]<\/p>\n","protected":false},"author":21,"featured_media":0,"parent":0,"menu_order":0,"comment_status":"closed","ping_status":"closed","template":"","meta":{"footnotes":""},"class_list":["post-18329","page","type-page","status-publish","hentry"],"_links":{"self":[{"href":"https:\/\/wp.ufpel.edu.br\/progep\/wp-json\/wp\/v2\/pages\/18329","targetHints":{"allow":["GET"]}}],"collection":[{"href":"https:\/\/wp.ufpel.edu.br\/progep\/wp-json\/wp\/v2\/pages"}],"about":[{"href":"https:\/\/wp.ufpel.edu.br\/progep\/wp-json\/wp\/v2\/types\/page"}],"author":[{"embeddable":true,"href":"https:\/\/wp.ufpel.edu.br\/progep\/wp-json\/wp\/v2\/users\/21"}],"replies":[{"embeddable":true,"href":"https:\/\/wp.ufpel.edu.br\/progep\/wp-json\/wp\/v2\/comments?post=18329"}],"version-history":[{"count":3,"href":"https:\/\/wp.ufpel.edu.br\/progep\/wp-json\/wp\/v2\/pages\/18329\/revisions"}],"predecessor-version":[{"id":36242,"href":"https:\/\/wp.ufpel.edu.br\/progep\/wp-json\/wp\/v2\/pages\/18329\/revisions\/36242"}],"wp:attachment":[{"href":"https:\/\/wp.ufpel.edu.br\/progep\/wp-json\/wp\/v2\/media?parent=18329"}],"curies":[{"name":"wp","href":"https:\/\/api.w.org\/{rel}","templated":true}]}}