{"id":18314,"date":"2021-08-23T09:18:55","date_gmt":"2021-08-23T12:18:55","guid":{"rendered":"https:\/\/wp.ufpel.edu.br\/progep\/?page_id=18314"},"modified":"2025-06-30T14:14:33","modified_gmt":"2025-06-30T17:14:33","slug":"capacita-na-web-pdi-a-bussola-da-nossa-ufpel","status":"publish","type":"page","link":"https:\/\/wp.ufpel.edu.br\/progep\/capacita-na-web-pdi-a-bussola-da-nossa-ufpel\/","title":{"rendered":"Capacita\u00e7\u00e3o: Capacita na web: PDI, a b\u00fassola da nossa UFPel"},"content":{"rendered":"<p><strong>Facilitadores: <\/strong>Ana Clara Correa Henning; Claiton Leoneti Lencina; Joice Pereira da Silva Carvalho e Rosana \u00c1vila Pereira Chollet<\/p>\n<p><strong>Data:<\/strong> 03\/09\/2021 (sexta-feira)<\/p>\n<p><strong>Hora:\u00a0<\/strong>das 14h \u00e0s 16h<\/p>\n<p><strong>Realiza\u00e7\u00e3o:<\/strong>\u00a0plataforma Webconf da UFPel (na modalidade\u00a0<em>on-line)<\/em><\/p>\n<p><strong>Ementa:\u00a0<\/strong><\/p>\n<ul>\n<li>Conceitos sobre do que trata um PDI.<\/li>\n<li>Legisla\u00e7\u00e3o que rege o tema.<\/li>\n<li>Constitui\u00e7\u00e3o do documento (objetivos estrat\u00e9gicos, espec\u00edficos, a\u00e7\u00f5es, indicadores)<\/li>\n<li>Organiza\u00e7\u00e3o\/disposi\u00e7\u00e3o do PDI na UFPel.<\/li>\n<li>O que \u00e9 obrigat\u00f3rio no PDI?<\/li>\n<li>Processo de elabora\u00e7\u00e3o participativa do PDI.<\/li>\n<li>Como podemos ainda participar?<\/li>\n<li>Aprova\u00e7\u00e3o<\/li>\n<li>Horizonte de planejamento e periodicidade de execu\u00e7\u00e3o<\/li>\n<\/ul>\n<p><strong>P\u00fablico Alvo<\/strong>: Servidores docentes e TAE\u2019s ativos*<\/p>\n<p><strong>Per\u00edodo de inscri\u00e7\u00e3o<\/strong>: 23\/08 a 01\/09\/2021<\/p>\n<p><strong>Divulga\u00e7\u00e3o das inscri\u00e7\u00f5es homologadas<\/strong>: 02\/09**, nesta p\u00e1gina.<\/p>\n<p>*Considerando a Pol\u00edtica Nacional de Desenvolvimento de Pessoas, conforme Decreto n\u00ba 9.991\/19, somente ser\u00e3o certificados os servidores p\u00fablicos pertencentes ao Quadro Efetivo da UFPel.<\/p>\n<p>**Quando homologadas as inscri\u00e7\u00f5es, os selecionados receber\u00e3o e-mail com instru\u00e7\u00f5es de acesso \u00e0 sala de Webconf da UFPel.<\/p>\n<p><span style=\"color: #ff6600\"><a style=\"color: #ff6600\" href=\"https:\/\/wp.ufpel.edu.br\/progep\/files\/2021\/09\/PDI-Homologados-roda-Patrimonio.pdf\">INSCRI\u00c7\u00d5ES HOMOLOGADAS<\/a>:<\/span><\/p>\n","protected":false},"excerpt":{"rendered":"<p>Facilitadores: Ana Clara Correa Henning; Claiton Leoneti Lencina; Joice Pereira da Silva Carvalho e Rosana \u00c1vila Pereira Chollet Data: 03\/09\/2021 (sexta-feira) Hora:\u00a0das 14h \u00e0s 16h Realiza\u00e7\u00e3o:\u00a0plataforma Webconf da UFPel (na modalidade\u00a0on-line) Ementa:\u00a0 Conceitos sobre do que trata um PDI. Legisla\u00e7\u00e3o que rege o tema. Constitui\u00e7\u00e3o do documento (objetivos estrat\u00e9gicos, espec\u00edficos, a\u00e7\u00f5es, indicadores) Organiza\u00e7\u00e3o\/disposi\u00e7\u00e3o do PDI [&hellip;]<\/p>\n","protected":false},"author":21,"featured_media":0,"parent":0,"menu_order":0,"comment_status":"closed","ping_status":"closed","template":"","meta":{"footnotes":""},"class_list":["post-18314","page","type-page","status-publish","hentry"],"_links":{"self":[{"href":"https:\/\/wp.ufpel.edu.br\/progep\/wp-json\/wp\/v2\/pages\/18314","targetHints":{"allow":["GET"]}}],"collection":[{"href":"https:\/\/wp.ufpel.edu.br\/progep\/wp-json\/wp\/v2\/pages"}],"about":[{"href":"https:\/\/wp.ufpel.edu.br\/progep\/wp-json\/wp\/v2\/types\/page"}],"author":[{"embeddable":true,"href":"https:\/\/wp.ufpel.edu.br\/progep\/wp-json\/wp\/v2\/users\/21"}],"replies":[{"embeddable":true,"href":"https:\/\/wp.ufpel.edu.br\/progep\/wp-json\/wp\/v2\/comments?post=18314"}],"version-history":[{"count":5,"href":"https:\/\/wp.ufpel.edu.br\/progep\/wp-json\/wp\/v2\/pages\/18314\/revisions"}],"predecessor-version":[{"id":33965,"href":"https:\/\/wp.ufpel.edu.br\/progep\/wp-json\/wp\/v2\/pages\/18314\/revisions\/33965"}],"wp:attachment":[{"href":"https:\/\/wp.ufpel.edu.br\/progep\/wp-json\/wp\/v2\/media?parent=18314"}],"curies":[{"name":"wp","href":"https:\/\/api.w.org\/{rel}","templated":true}]}}