{"id":18293,"date":"2021-08-18T09:43:29","date_gmt":"2021-08-18T12:43:29","guid":{"rendered":"https:\/\/wp.ufpel.edu.br\/progep\/?page_id=18293"},"modified":"2025-06-30T14:14:28","modified_gmt":"2025-06-30T17:14:28","slug":"roda-de-conversa-sistema-helios-voting-na-ufpel-a-participacao-da-comunidade-academica-em-qualquer-tempo","status":"publish","type":"page","link":"https:\/\/wp.ufpel.edu.br\/progep\/roda-de-conversa-sistema-helios-voting-na-ufpel-a-participacao-da-comunidade-academica-em-qualquer-tempo\/","title":{"rendered":"Capacita\u00e7\u00e3o: Roda de Conversa: Sistema Helios Voting na UFPel &#8211; a participa\u00e7\u00e3o da comunidade acad\u00eamica em qualquer tempo"},"content":{"rendered":"<p><strong>Facilitadores: <\/strong>Claiton Leoneti Lencina, Eduardo Maronas Monks e Renata Vieira Rodrigues Severo<\/p>\n<p><strong>Data:<\/strong> 09\/09\/2021 (quinta-feira)<\/p>\n<p><strong>Hora:\u00a0<\/strong>das 14h \u00e0s 15h30min<\/p>\n<p><strong>Realiza\u00e7\u00e3o:<\/strong>\u00a0plataforma Webconf da UFPel (na modalidade\u00a0<em>on-line)<\/em><\/p>\n<p style=\"text-align: justify\"><strong>Ementa: <\/strong>O encontro pretende apresentar o sistema Helios Voting utilizado para vota\u00e7\u00f5es online no \u00e2mbito da UFPel. Ser\u00e3o abordados alguns aspectos\u00a0 do sistema, tais como: origem, confiabilidade, seguran\u00e7a, sigilo e praticidade.<\/p>\n<p><strong>P\u00fablico Alvo<\/strong>: Servidores docentes e TAE\u2019s ativos*<\/p>\n<p><strong>Per\u00edodo de inscri\u00e7\u00e3o<\/strong>: 18\/08 a 07\/09\/2021<\/p>\n<p><strong>Divulga\u00e7\u00e3o das inscri\u00e7\u00f5es homologadas<\/strong>: 08\/09**, nesta p\u00e1gina.<\/p>\n<p>*Considerando a Pol\u00edtica Nacional de Desenvolvimento de Pessoas, conforme Decreto n\u00ba 9.991\/19, somente ser\u00e3o certificados os servidores p\u00fablicos pertencentes ao Quadro Efetivo da UFPel.<\/p>\n<p>**Quando homologadas as inscri\u00e7\u00f5es, os selecionados receber\u00e3o e-mail com instru\u00e7\u00f5es de acesso \u00e0 sala de Webconf da UFPel.<\/p>\n<p><strong><span style=\"color: #ff6600\"><a style=\"color: #ff6600\" href=\"https:\/\/wp.ufpel.edu.br\/progep\/files\/2021\/09\/SISTEMA-HELIOS.pdf\">INSCRI\u00c7\u00d5ES HOMOLOGADAS<\/a><\/span><\/strong><\/p>\n","protected":false},"excerpt":{"rendered":"<p>Facilitadores: Claiton Leoneti Lencina, Eduardo Maronas Monks e Renata Vieira Rodrigues Severo Data: 09\/09\/2021 (quinta-feira) Hora:\u00a0das 14h \u00e0s 15h30min Realiza\u00e7\u00e3o:\u00a0plataforma Webconf da UFPel (na modalidade\u00a0on-line) Ementa: O encontro pretende apresentar o sistema Helios Voting utilizado para vota\u00e7\u00f5es online no \u00e2mbito da UFPel. Ser\u00e3o abordados alguns aspectos\u00a0 do sistema, tais como: origem, confiabilidade, seguran\u00e7a, sigilo e [&hellip;]<\/p>\n","protected":false},"author":21,"featured_media":0,"parent":0,"menu_order":0,"comment_status":"closed","ping_status":"closed","template":"","meta":{"footnotes":""},"class_list":["post-18293","page","type-page","status-publish","hentry"],"_links":{"self":[{"href":"https:\/\/wp.ufpel.edu.br\/progep\/wp-json\/wp\/v2\/pages\/18293","targetHints":{"allow":["GET"]}}],"collection":[{"href":"https:\/\/wp.ufpel.edu.br\/progep\/wp-json\/wp\/v2\/pages"}],"about":[{"href":"https:\/\/wp.ufpel.edu.br\/progep\/wp-json\/wp\/v2\/types\/page"}],"author":[{"embeddable":true,"href":"https:\/\/wp.ufpel.edu.br\/progep\/wp-json\/wp\/v2\/users\/21"}],"replies":[{"embeddable":true,"href":"https:\/\/wp.ufpel.edu.br\/progep\/wp-json\/wp\/v2\/comments?post=18293"}],"version-history":[{"count":4,"href":"https:\/\/wp.ufpel.edu.br\/progep\/wp-json\/wp\/v2\/pages\/18293\/revisions"}],"predecessor-version":[{"id":33964,"href":"https:\/\/wp.ufpel.edu.br\/progep\/wp-json\/wp\/v2\/pages\/18293\/revisions\/33964"}],"wp:attachment":[{"href":"https:\/\/wp.ufpel.edu.br\/progep\/wp-json\/wp\/v2\/media?parent=18293"}],"curies":[{"name":"wp","href":"https:\/\/api.w.org\/{rel}","templated":true}]}}