{"id":18262,"date":"2021-08-12T12:07:58","date_gmt":"2021-08-12T15:07:58","guid":{"rendered":"https:\/\/wp.ufpel.edu.br\/progep\/?page_id=18262"},"modified":"2025-06-30T14:14:07","modified_gmt":"2025-06-30T17:14:07","slug":"roda-de-conversa-sobre-a-gestao-de-conflitos-interpessoais-no-trabalho-uma-discussao-sobre-os-desafios-e-aprendizagens-que-envolvem-esse-processo","status":"publish","type":"page","link":"https:\/\/wp.ufpel.edu.br\/progep\/roda-de-conversa-sobre-a-gestao-de-conflitos-interpessoais-no-trabalho-uma-discussao-sobre-os-desafios-e-aprendizagens-que-envolvem-esse-processo\/","title":{"rendered":"Capacita\u00e7\u00e3o: Roda de Conversa sobre a Gest\u00e3o de conflitos interpessoais no trabalho: uma discuss\u00e3o sobre os desafios e aprendizagens que envolvem esse processo"},"content":{"rendered":"<p><strong>Facilitador: <\/strong>Francielle Molon da Silva<\/p>\n<p><strong>Data:<\/strong> 27\/08\/2021 (sexta-feira)<\/p>\n<p><strong>Hora:\u00a0<\/strong>das 16h \u00e0s 18h<\/p>\n<p><strong>Realiza\u00e7\u00e3o:<\/strong>\u00a0plataforma Webconf da UFPel (na modalidade\u00a0<em>on-line)<\/em><\/p>\n<p style=\"text-align: justify\"><strong>Ementa: <\/strong>Conceitos e diferentes tipos de conflitos; gest\u00e3o de conflitos interpessoais no trabalho; desafios e oportunidade de aprendizagem a partir dos conflitos.<\/p>\n<p><strong>P\u00fablico Alvo<\/strong>: Servidores docentes e TAE\u2019s ativos*<\/p>\n<p><strong>Per\u00edodo de inscri\u00e7\u00e3o<\/strong>: 12\/08\/2021 a 24\/08\/2021<\/p>\n<p><strong>Divulga\u00e7\u00e3o das inscri\u00e7\u00f5es homologadas<\/strong>: 25\/08**, nesta p\u00e1gina.<\/p>\n<p>*Considerando a Pol\u00edtica Nacional de Desenvolvimento de Pessoas, conforme Decreto n\u00ba 9.991\/19, somente ser\u00e3o certificados os servidores p\u00fablicos pertencentes ao Quadro Efetivo da UFPel.<\/p>\n<p>**Quando homologadas as inscri\u00e7\u00f5es, os selecionados receber\u00e3o e-mail com instru\u00e7\u00f5es de acesso \u00e0 sala de Webconf da UFPel.<\/p>\n<p><strong><span style=\"color: #ff6600\"><a style=\"color: #ff6600\" href=\"https:\/\/wp.ufpel.edu.br\/progep\/files\/2021\/08\/Gestao-de-Conflitos-HOMOLOGACAO.pdf\">INSCRI\u00c7\u00d5ES HOMOLOGADAS:<\/a><\/span><\/strong><\/p>\n","protected":false},"excerpt":{"rendered":"<p>Facilitador: Francielle Molon da Silva Data: 27\/08\/2021 (sexta-feira) Hora:\u00a0das 16h \u00e0s 18h Realiza\u00e7\u00e3o:\u00a0plataforma Webconf da UFPel (na modalidade\u00a0on-line) Ementa: Conceitos e diferentes tipos de conflitos; gest\u00e3o de conflitos interpessoais no trabalho; desafios e oportunidade de aprendizagem a partir dos conflitos. P\u00fablico Alvo: Servidores docentes e TAE\u2019s ativos* Per\u00edodo de inscri\u00e7\u00e3o: 12\/08\/2021 a 24\/08\/2021 Divulga\u00e7\u00e3o das [&hellip;]<\/p>\n","protected":false},"author":21,"featured_media":0,"parent":0,"menu_order":0,"comment_status":"closed","ping_status":"closed","template":"","meta":{"footnotes":""},"class_list":["post-18262","page","type-page","status-publish","hentry"],"_links":{"self":[{"href":"https:\/\/wp.ufpel.edu.br\/progep\/wp-json\/wp\/v2\/pages\/18262","targetHints":{"allow":["GET"]}}],"collection":[{"href":"https:\/\/wp.ufpel.edu.br\/progep\/wp-json\/wp\/v2\/pages"}],"about":[{"href":"https:\/\/wp.ufpel.edu.br\/progep\/wp-json\/wp\/v2\/types\/page"}],"author":[{"embeddable":true,"href":"https:\/\/wp.ufpel.edu.br\/progep\/wp-json\/wp\/v2\/users\/21"}],"replies":[{"embeddable":true,"href":"https:\/\/wp.ufpel.edu.br\/progep\/wp-json\/wp\/v2\/comments?post=18262"}],"version-history":[{"count":5,"href":"https:\/\/wp.ufpel.edu.br\/progep\/wp-json\/wp\/v2\/pages\/18262\/revisions"}],"predecessor-version":[{"id":33960,"href":"https:\/\/wp.ufpel.edu.br\/progep\/wp-json\/wp\/v2\/pages\/18262\/revisions\/33960"}],"wp:attachment":[{"href":"https:\/\/wp.ufpel.edu.br\/progep\/wp-json\/wp\/v2\/media?parent=18262"}],"curies":[{"name":"wp","href":"https:\/\/api.w.org\/{rel}","templated":true}]}}