{"id":18260,"date":"2021-08-12T12:08:35","date_gmt":"2021-08-12T15:08:35","guid":{"rendered":"https:\/\/wp.ufpel.edu.br\/progep\/?page_id=18260"},"modified":"2025-06-30T14:14:13","modified_gmt":"2025-06-30T17:14:13","slug":"roda-de-conversa-sobre-direitos-humanos-e-mediacao-de-conflitos-nao-somos-autossuficientes-vivemos-conectados-com-o-outro","status":"publish","type":"page","link":"https:\/\/wp.ufpel.edu.br\/progep\/roda-de-conversa-sobre-direitos-humanos-e-mediacao-de-conflitos-nao-somos-autossuficientes-vivemos-conectados-com-o-outro\/","title":{"rendered":"Capacita\u00e7\u00e3o: Roda de Conversa sobre Direitos Humanos e Media\u00e7\u00e3o de Conflitos: n\u00e3o somos autossuficientes. Vivemos conectados com o outro."},"content":{"rendered":"<p><strong>Facilitador: Ana Cl\u00e1udia Vinholes Siqueira Lucas<\/strong><\/p>\n<p><strong>Data:<\/strong> 26\/08\/2021 (quinta-feira)<\/p>\n<p><strong>Hora:\u00a0<\/strong>das 14:00 \u00e0s 15h30min<\/p>\n<p><strong>Realiza\u00e7\u00e3o:<\/strong>\u00a0plataforma Webconf da UFPel (na modalidade\u00a0<em>on-line)<\/em><\/p>\n<p style=\"text-align: justify\"><strong>Ementa: <\/strong>O capital humano na IES. As rela\u00e7\u00f5es sociais. Os conflitos. A media\u00e7\u00e3o dos conflitos. O que os direitos humanos t\u00eam a ver com isso?<\/p>\n<p><strong>P\u00fablico Alvo<\/strong>: Servidores docentes e TAE\u2019s ativos*<\/p>\n<p><strong>Per\u00edodo de inscri\u00e7\u00e3o<\/strong>: 12\/08\/2021 a 23\/08\/2021<\/p>\n<p><strong>Divulga\u00e7\u00e3o das inscri\u00e7\u00f5es homologadas<\/strong>: 24\/08**, nesta p\u00e1gina.<\/p>\n<p>*Considerando a Pol\u00edtica Nacional de Desenvolvimento de Pessoas, conforme Decreto n\u00ba 9.991\/19, somente ser\u00e3o certificados os servidores p\u00fablicos pertencentes ao Quadro Efetivo da UFPel.<\/p>\n<p>**Quando homologadas as inscri\u00e7\u00f5es, os selecionados receber\u00e3o e-mail com instru\u00e7\u00f5es de acesso \u00e0 sala de Webconf da UFPel.<\/p>\n<p><span style=\"color: #ff6600\"><strong><a style=\"color: #ff6600\" href=\"https:\/\/wp.ufpel.edu.br\/progep\/files\/2021\/08\/Homologados-Direitos-Humanos.pdf\">INSCRI\u00c7\u00d5ES HOMOLOGADAS<\/a><\/strong><\/span><\/p>\n","protected":false},"excerpt":{"rendered":"<p>Facilitador: Ana Cl\u00e1udia Vinholes Siqueira Lucas Data: 26\/08\/2021 (quinta-feira) Hora:\u00a0das 14:00 \u00e0s 15h30min Realiza\u00e7\u00e3o:\u00a0plataforma Webconf da UFPel (na modalidade\u00a0on-line) Ementa: O capital humano na IES. As rela\u00e7\u00f5es sociais. Os conflitos. A media\u00e7\u00e3o dos conflitos. O que os direitos humanos t\u00eam a ver com isso? P\u00fablico Alvo: Servidores docentes e TAE\u2019s ativos* Per\u00edodo de inscri\u00e7\u00e3o: 12\/08\/2021 [&hellip;]<\/p>\n","protected":false},"author":21,"featured_media":0,"parent":0,"menu_order":0,"comment_status":"closed","ping_status":"closed","template":"","meta":{"footnotes":""},"class_list":["post-18260","page","type-page","status-publish","hentry"],"_links":{"self":[{"href":"https:\/\/wp.ufpel.edu.br\/progep\/wp-json\/wp\/v2\/pages\/18260","targetHints":{"allow":["GET"]}}],"collection":[{"href":"https:\/\/wp.ufpel.edu.br\/progep\/wp-json\/wp\/v2\/pages"}],"about":[{"href":"https:\/\/wp.ufpel.edu.br\/progep\/wp-json\/wp\/v2\/types\/page"}],"author":[{"embeddable":true,"href":"https:\/\/wp.ufpel.edu.br\/progep\/wp-json\/wp\/v2\/users\/21"}],"replies":[{"embeddable":true,"href":"https:\/\/wp.ufpel.edu.br\/progep\/wp-json\/wp\/v2\/comments?post=18260"}],"version-history":[{"count":4,"href":"https:\/\/wp.ufpel.edu.br\/progep\/wp-json\/wp\/v2\/pages\/18260\/revisions"}],"predecessor-version":[{"id":33961,"href":"https:\/\/wp.ufpel.edu.br\/progep\/wp-json\/wp\/v2\/pages\/18260\/revisions\/33961"}],"wp:attachment":[{"href":"https:\/\/wp.ufpel.edu.br\/progep\/wp-json\/wp\/v2\/media?parent=18260"}],"curies":[{"name":"wp","href":"https:\/\/api.w.org\/{rel}","templated":true}]}}