{"id":18194,"date":"2021-09-17T15:09:51","date_gmt":"2021-09-17T18:09:51","guid":{"rendered":"https:\/\/wp.ufpel.edu.br\/progep\/?page_id=18194"},"modified":"2025-12-26T19:56:10","modified_gmt":"2025-12-26T22:56:10","slug":"convocacoes-edital-08-2021","status":"publish","type":"page","link":"https:\/\/wp.ufpel.edu.br\/progep\/convocacoes-edital-08-2021\/","title":{"rendered":"Convoca\u00e7\u00f5es &#8211; Edital 08\/2021"},"content":{"rendered":"\n<div class=\"wp-block-group\"><div class=\"wp-block-group__inner-container is-layout-constrained wp-block-group-is-layout-constrained\">\n<div class=\"logoTituloModelStyle\"><img class=\"size-medium wp-image-27184 alignleft\" src=\"https:\/\/wp.ufpel.edu.br\/progep\/files\/2025\/03\/logo-progep_atualizacao-nome_AZUL.png\" style=\"padding:0\" alt=\"\" \/><\/p>\n<div style=\"padding: 2rem 0\"><strong>Convoca\u00e7\u00f5es- Edital 08\/2021<\/strong><\/div>\n<\/div>\n<hr class=\"hrModelStyle\" \/>\n<div class=\"descriptionModelStyle\">Acompanhe nesta p\u00e1gina a publica\u00e7\u00e3o dos\/as nomeados\/as para servidores\/as docentes na UFPEL.<\/div>\n<\/div><\/div>\n\n\n<div class=\"pagNomeacoesStyle\">\n<p> Confira a p\u00e1gina com as informa\u00e7\u00f5es a respeito do certame: <\/p>\n<p><a href=\"https:\/\/ces.ufpel.edu.br\/conctecadmed0008_2021\/\" target=\"_blank\">Certame do Edital 08\/2021<\/a><\/p>\n<div class=\"titleStyle\"><strong>Ampla Concorr\u00eancia<\/strong><\/div> \n\n<table id=\"tablepress-196\" class=\"tablepress tablepress-id-196\">\n<thead>\n<tr class=\"row-1\">\n\t<th class=\"column-1\">Processo\/Unidade\/\u00c1rea<\/th><th class=\"column-2\">Classe<\/th><th class=\"column-3\">Classif.<br \/>\nAprovados<\/th><th class=\"column-4\">Situa\u00e7\u00e3o<\/th>\n<\/tr>\n<\/thead>\n<tbody class=\"row-striping row-hover\">\n<tr class=\"row-2\">\n\t<td class=\"column-1\"><strong>23110.011808\/2021-11<\/strong><br \/>\n<br \/>\nCentro de Ci\u00eancias Socio-Organizacionais \u2013 CCSO<br \/>\n<br \/>\nAdministra\u00e7\u00e3o da Produ\u00e7\u00e3o OU Contabilidade Empresarial OU Adm. de Recursos Humanos OU Administra\u00e7\u00e3o Financeira<\/td><td class=\"column-2\">C<\/td><td class=\"column-3\">1\u00b0 Renata Gon\u00e7alves Santos Silva<\/td><td class=\"column-4\">Convocada em 28\/07\/2021<\/td>\n<\/tr>\n<tr class=\"row-3\">\n\t<td class=\"column-1\"><\/td><td class=\"column-2\"><\/td><td class=\"column-3\">2\u00b0 Sara Fernandes Picheth<\/td><td class=\"column-4\">Convocada em 31\/01\/2022<\/td>\n<\/tr>\n<tr class=\"row-4\">\n\t<td class=\"column-1\"><\/td><td class=\"column-2\"><\/td><td class=\"column-3\">3\u00b0 Thiago Carandina<\/td><td class=\"column-4\">Imposs. contratar<\/td>\n<\/tr>\n<tr class=\"row-5\">\n\t<td class=\"column-1\"><\/td><td class=\"column-2\"><\/td><td class=\"column-3\">4\u00b0 Aline Machado Pereira<\/td><td class=\"column-4\">Convocada em 08\/02\/2022<\/td>\n<\/tr>\n<tr class=\"row-6\">\n\t<td class=\"column-1\"><\/td><td class=\"column-2\"><\/td><td class=\"column-3\">5\u00b0 Faili C\u00edntia Tomsen Veiga<\/td><td class=\"column-4\">Convocada em 17\/02\/2022<\/td>\n<\/tr>\n<tr class=\"row-7\">\n\t<td class=\"column-1\"><strong>23110.012133\/2021-10<\/strong><br \/>\n<br \/>\nCentro de Ci\u00eancias Socio-Organizacionais \u2013 CCSO<br \/>\n<br \/>\nAdministra\u00e7\u00e3o da Produ\u00e7\u00e3o OU Contabilidade Empresarial OU Adm. de Recursos Humanos<\/td><td class=\"column-2\">A<\/td><td class=\"column-3\">1\u00b0 Gleberson de Santana dos Santos<\/td><td class=\"column-4\">Convocado em 30\/07\/2021<\/td>\n<\/tr>\n<tr class=\"row-8\">\n\t<td class=\"column-1\"><\/td><td class=\"column-2\"><\/td><td class=\"column-3\">2\u00b0 Nat\u00e1lia Pavanelo Pivetta<\/td><td class=\"column-4\">Convocada em 06\/06\/2022<\/td>\n<\/tr>\n<tr class=\"row-9\">\n\t<td class=\"column-1\"><\/td><td class=\"column-2\"><\/td><td class=\"column-3\">3\u00b0 Carla Milena Gon\u00e7alves Fernandes<\/td><td class=\"column-4\">Convocada em 07\/06\/2022<\/td>\n<\/tr>\n<tr class=\"row-10\">\n\t<td class=\"column-1\"><\/td><td class=\"column-2\"><\/td><td class=\"column-3\">4\u00b0 Monalisa Fagundes Oliveira<\/td><td class=\"column-4\">Convocada em 09\/06\/2022<\/td>\n<\/tr>\n<tr class=\"row-11\">\n\t<td class=\"column-1\"><\/td><td class=\"column-2\"><\/td><td class=\"column-3\">5\u00b0 Felipe Kopp Leite<\/td><td class=\"column-4\">Convocado em 14\/06\/2022<\/td>\n<\/tr>\n<tr class=\"row-12\">\n\t<td class=\"column-1\"><strong>23110.011752\/2021-97<\/strong><br \/>\n<br \/>\nCentro de Ci\u00eancias Socio-Organizacionais \u2013 CCSO<br \/>\n<br \/>\nContabilidade Empresarial<\/td><td class=\"column-2\">C<\/td><td class=\"column-3\">1\u00b0 Janu\u00e1rio Jos\u00e9 Monteiro<\/td><td class=\"column-4\">Convocado em 03\/09\/2021<\/td>\n<\/tr>\n<tr class=\"row-13\">\n\t<td class=\"column-1\"><\/td><td class=\"column-2\"><\/td><td class=\"column-3\">2\u00b0 Gabriela de Abreu Passos<\/td><td class=\"column-4\">Convocada em 25\/03\/2022<\/td>\n<\/tr>\n<tr class=\"row-14\">\n\t<td class=\"column-1\"><\/td><td class=\"column-2\"><\/td><td class=\"column-3\">3\u00b0 Daniele Mendes Caldas<\/td><td class=\"column-4\">Convocada em 05\/04\/2022<\/td>\n<\/tr>\n<tr class=\"row-15\">\n\t<td class=\"column-1\"><\/td><td class=\"column-2\"><\/td><td class=\"column-3\">4\u00b0 Marlete de Moura Ribeiro<\/td><td class=\"column-4\">Convocada em 16\/05\/2022<\/td>\n<\/tr>\n<tr class=\"row-16\">\n\t<td class=\"column-1\"><strong>23110.007958\/2020-31<\/strong><br \/>\n<br \/>\nCentro de Engenharias \u2013 CENG<br \/>\n<br \/>\nEngenharia de Petr\u00f3leo<\/td><td class=\"column-2\">B<\/td><td class=\"column-3\">1\u00b0 Lauren Francine Irigoite Farias<\/td><td class=\"column-4\">Convocada em 10\/08\/2021<\/td>\n<\/tr>\n<tr class=\"row-17\">\n\t<td class=\"column-1\"><\/td><td class=\"column-2\"><\/td><td class=\"column-3\">2\u00b0 Fernando Henrique Guimar\u00e3es Rezende<\/td><td class=\"column-4\">Convocado em 26\/04\/2022<\/td>\n<\/tr>\n<tr class=\"row-18\">\n\t<td class=\"column-1\"><strong>23110.051420\/2019-21<\/strong><br \/>\n<br \/>\nCentro de Engenharias \u2013 CENG<br \/>\n<br \/>\nGeologia<\/td><td class=\"column-2\">A<\/td><td class=\"column-3\">1\u00b0 David Jozef C. Debruyne<\/td><td class=\"column-4\">Convocado em 30\/07\/2021<\/td>\n<\/tr>\n<tr class=\"row-19\">\n\t<td class=\"column-1\"><\/td><td class=\"column-2\"><\/td><td class=\"column-3\">2\u00b0 Matheus Lisboa Nobre da Silva<\/td><td class=\"column-4\">Negativa de contrato em 10\/12\/2021<\/td>\n<\/tr>\n<tr class=\"row-20\">\n\t<td class=\"column-1\"><\/td><td class=\"column-2\"><\/td><td class=\"column-3\">3\u00b0 Augusto Nobre Gon\u00e7alves<\/td><td class=\"column-4\">Convocado em 23\/12\/2021<\/td>\n<\/tr>\n<tr class=\"row-21\">\n\t<td class=\"column-1\"><\/td><td class=\"column-2\"><\/td><td class=\"column-3\">4\u00b0 Julia Tedesco<\/td><td class=\"column-4\">Convocada em 22\/02\/2022<\/td>\n<\/tr>\n<tr class=\"row-22\">\n\t<td class=\"column-1\"><\/td><td class=\"column-2\"><\/td><td class=\"column-3\">5\u00b0 Daniel Bayer da Silva<\/td><td class=\"column-4\">Convocado em 03\/06\/2022<\/td>\n<\/tr>\n<tr class=\"row-23\">\n\t<td class=\"column-1\"><strong>23110.012387\/2021-38<\/strong><br \/>\n<br \/>\nCentro de Letras e Comunica\u00e7\u00e3o \u2013 CLC<br \/>\n<br \/>\nL\u00edngua Inglesa<\/td><td class=\"column-2\">D<\/td><td class=\"column-3\">1\u00b0 F\u00e1bio Aresi<\/td><td class=\"column-4\">Convocado em 24\/08\/2021<\/td>\n<\/tr>\n<tr class=\"row-24\">\n\t<td class=\"column-1\"><\/td><td class=\"column-2\"><\/td><td class=\"column-3\">2\u00b0 Daniela Conegatti Batista<\/td><td class=\"column-4\">Convocada em 15\/02\/2023<\/td>\n<\/tr>\n<tr class=\"row-25\">\n\t<td class=\"column-1\"><strong>23110.011328\/2021-42<\/strong><br \/>\n<br \/>\nEscola Superior de Educa\u00e7\u00e3o F\u00edsica \u2013 ESEF<br \/>\n<br \/>\nSUS e Fisioterapia OU Fisioterapia na Comunidade OU \u00c9tica em Sa\u00fade OU Fisioterapia Traumato-Ortop\u00e9dica<\/td><td class=\"column-2\">A<\/td><td class=\"column-3\">1\u00b0 \u00cdtalo Ribeiro Lemes<\/td><td class=\"column-4\">Convocado em 29\/07\/2021<\/td>\n<\/tr>\n<tr class=\"row-26\">\n\t<td class=\"column-1\"><\/td><td class=\"column-2\"><\/td><td class=\"column-3\">2\u00b0 Priscila Marques Sosa<\/td><td class=\"column-4\">Convocada em 06\/08\/2021<\/td>\n<\/tr>\n<tr class=\"row-27\">\n\t<td class=\"column-1\"><\/td><td class=\"column-2\"><\/td><td class=\"column-3\">3\u00b0 Bruna Gazzi de Lima Seolin<\/td><td class=\"column-4\"><\/td>\n<\/tr>\n<tr class=\"row-28\">\n\t<td class=\"column-1\"><\/td><td class=\"column-2\"><\/td><td class=\"column-3\">4\u00b0 Daniela Gomez Martin Iserhardt<\/td><td class=\"column-4\"><\/td>\n<\/tr>\n<tr class=\"row-29\">\n\t<td class=\"column-1\"><\/td><td class=\"column-2\"><\/td><td class=\"column-3\">5\u00b0 Elizabet Saes da Silva<\/td><td class=\"column-4\"><\/td>\n<\/tr>\n<tr class=\"row-30\">\n\t<td class=\"column-1\"><strong>23110.011444\/2021-61<\/strong><br \/>\n<br \/>\nEscola Superior de Educa\u00e7\u00e3o F\u00edsica \u2013 ESEF<br \/>\n<br \/>\nSemiologia Geral e Aplicada em Fisioterapia OU Fisioterapia Neurofuncional e Manejo do Paciente<\/td><td class=\"column-2\">A<\/td><td class=\"column-3\">1\u00b0 Lisiane Piazza Luza<\/td><td class=\"column-4\">Convocada em 28\/07\/2021<\/td>\n<\/tr>\n<tr class=\"row-31\">\n\t<td class=\"column-1\"><\/td><td class=\"column-2\"><\/td><td class=\"column-3\">2\u00b0 Emanuelle Francine Detogni Schmit<\/td><td class=\"column-4\">Convocada em 22\/09\/2022<\/td>\n<\/tr>\n<tr class=\"row-32\">\n\t<td class=\"column-1\"><strong>23110.007529\/2021-45<\/strong><br \/>\n<br \/>\nFaculdade de Enfermagem \u2013 FE<br \/>\n<br \/>\nEnfermagem em Sa\u00fade Coletiva<\/td><td class=\"column-2\">D<\/td><td class=\"column-3\">1\u00b0 Lilian Cruz Souto de Oliveira Sperb<\/td><td class=\"column-4\">Convocada em 10\/09\/2021<\/td>\n<\/tr>\n<tr class=\"row-33\">\n\t<td class=\"column-1\"><\/td><td class=\"column-2\"><\/td><td class=\"column-3\">2\u00b0 Vera L\u00facia Mendiondo Osinaga<\/td><td class=\"column-4\">Convocada em 18\/02\/2022<\/td>\n<\/tr>\n<tr class=\"row-34\">\n\t<td class=\"column-1\"><\/td><td class=\"column-2\"><\/td><td class=\"column-3\">3\u00b0 Clarissa de Souza Cardoso<\/td><td class=\"column-4\">Convocada em 23\/02\/2022<\/td>\n<\/tr>\n<tr class=\"row-35\">\n\t<td class=\"column-1\"><strong>23110.003748\/2020-74<\/strong><br \/>\n<br \/>\nFaculdade de Nutri\u00e7\u00e3o \u2013 FN<br \/>\n<br \/>\nGastronomia<\/td><td class=\"column-2\">A<\/td><td class=\"column-3\">1\u00b0 Chirle de Oliveira Raphaelli<\/td><td class=\"column-4\">Convocada em 30\/07\/2021<\/td>\n<\/tr>\n<tr class=\"row-36\">\n\t<td class=\"column-1\"><\/td><td class=\"column-2\"><\/td><td class=\"column-3\">2\u00b0 Patr\u00edcia Regina Amante<\/td><td class=\"column-4\">Convocada em 30\/08\/2021<\/td>\n<\/tr>\n<tr class=\"row-37\">\n\t<td class=\"column-1\"><\/td><td class=\"column-2\"><\/td><td class=\"column-3\">3\u00b0 Lourence Cristine Alves<\/td><td class=\"column-4\">Convocada em 09\/09\/2021<\/td>\n<\/tr>\n<tr class=\"row-38\">\n\t<td class=\"column-1\"><\/td><td class=\"column-2\"><\/td><td class=\"column-3\">4\u00b0 Andr\u00e9 Luiz Machado dos Santos<\/td><td class=\"column-4\">Convocado em 24\/02\/2022<\/td>\n<\/tr>\n<tr class=\"row-39\">\n\t<td class=\"column-1\"><\/td><td class=\"column-2\"><\/td><td class=\"column-3\">5\u00b0 Marcos Roberto Pisarski Junior<\/td><td class=\"column-4\">Convocado em 03\/03\/2022<\/td>\n<\/tr>\n<tr class=\"row-40\">\n\t<td class=\"column-1\"><strong>23110.003733\/2021-97<\/strong><br \/>\n<br \/>\nFaculdade de Odontologia \u2013 FO<br \/>\n<br \/>\nCirurgia e Traumatologia Buco-Maxilo-Facial<\/td><td class=\"column-2\">D<\/td><td class=\"column-3\">1\u00b0 Pedro Henrique de Azambuja Carvalho<\/td><td class=\"column-4\">Convocado em 13\/08\/2021<\/td>\n<\/tr>\n<tr class=\"row-41\">\n\t<td class=\"column-1\"><\/td><td class=\"column-2\"><\/td><td class=\"column-3\">2\u00b0 Camila Leal Sonego<\/td><td class=\"column-4\">Convocada em 05\/11\/2021<\/td>\n<\/tr>\n<tr class=\"row-42\">\n\t<td class=\"column-1\"><strong>23110.012949\/2021-43<\/strong><br \/>\n<br \/>\nInstituto de Biologia \u2013 IB<br \/>\n<br \/>\nEcologia<\/td><td class=\"column-2\">A<\/td><td class=\"column-3\">1\u00b0 Camila Kurzmann Fagundes<\/td><td class=\"column-4\">Convocada em 29\/07\/2021<\/td>\n<\/tr>\n<tr class=\"row-43\">\n\t<td class=\"column-1\"><\/td><td class=\"column-2\"><\/td><td class=\"column-3\">2\u00b0 Elivane Salete Capellesso<\/td><td class=\"column-4\"><\/td>\n<\/tr>\n<tr class=\"row-44\">\n\t<td class=\"column-1\"><strong>23110.012942\/2021-21<\/strong><br \/>\n<br \/>\nInstituto de Biologia \u2013 IB<br \/>\n<br \/>\nAnatomia Humana<\/td><td class=\"column-2\">A<\/td><td class=\"column-3\">1\u00b0 Aline Longoni dos Santos<\/td><td class=\"column-4\">Convocada em 29\/07\/2021<\/td>\n<\/tr>\n<tr class=\"row-45\">\n\t<td class=\"column-1\"><\/td><td class=\"column-2\"><\/td><td class=\"column-3\">2\u00b0 Fernanda Burlani Neves<\/td><td class=\"column-4\">Convocada em 03\/06\/2022<\/td>\n<\/tr>\n<tr class=\"row-46\">\n\t<td class=\"column-1\"><strong>23110.013221\/2021-39<\/strong><br \/>\n<br \/>\nInstituto de Ci\u00eancias Humanas \u2013 ICH<br \/>\n<br \/>\nMicroeconomia e Organiza\u00e7\u00e3o Industrial<\/td><td class=\"column-2\">C<\/td><td class=\"column-3\">1\u00b0 Lauana Rossetto Lazaretti<\/td><td class=\"column-4\">Convocada em 28\/07\/2021<\/td>\n<\/tr>\n<tr class=\"row-47\">\n\t<td class=\"column-1\"><\/td><td class=\"column-2\"><\/td><td class=\"column-3\">2\u00b0 Cicero Zanetti de Lima<\/td><td class=\"column-4\">Convocado em 06\/08\/2021<\/td>\n<\/tr>\n<tr class=\"row-48\">\n\t<td class=\"column-1\"><\/td><td class=\"column-2\"><\/td><td class=\"column-3\">3\u00b0 Bruno Nogueira Lanzer<\/td><td class=\"column-4\"><\/td>\n<\/tr>\n<tr class=\"row-49\">\n\t<td class=\"column-1\"><\/td><td class=\"column-2\"><\/td><td class=\"column-3\">4\u00b0 Tales Rabelo Freitas<\/td><td class=\"column-4\"><\/td>\n<\/tr>\n<tr class=\"row-50\">\n\t<td class=\"column-1\"><strong>23110.004387\/2021-64<\/strong><br \/>\n<br \/>\nInstituto de F\u00edsica e Matem\u00e1tica \u2013 IFM<br \/>\n<br \/>\nEnsino de Matem\u00e1tica OU Educa\u00e7\u00e3o Matem\u00e1tica<\/td><td class=\"column-2\">C<\/td><td class=\"column-3\">1\u00b0 Carla Denize Ott Felcher<\/td><td class=\"column-4\">Convocada em 27\/07\/2021<\/td>\n<\/tr>\n<tr class=\"row-51\">\n\t<td class=\"column-1\"><\/td><td class=\"column-2\"><\/td><td class=\"column-3\">2\u00b0 Fabr\u00edcio Monte Freitas<\/td><td class=\"column-4\">Convocado em 06\/06\/2022<\/td>\n<\/tr>\n<tr class=\"row-52\">\n\t<td class=\"column-1\"><\/td><td class=\"column-2\"><\/td><td class=\"column-3\">3\u00b0 Alexandre Wegner<\/td><td class=\"column-4\">Convocado em 08\/06\/2022<\/td>\n<\/tr>\n<\/tbody>\n<\/table>\n<!-- #tablepress-196 from cache -->\n<div class=\"titleStyle\"><strong> COTAS RACIAIS<\/strong><\/div>\n\n<table id=\"tablepress-197\" class=\"tablepress tablepress-id-197\">\n<thead>\n<tr class=\"row-1\">\n\t<th class=\"column-1\">Processo\/Unidade\/\u00c1rea<\/th><th class=\"column-2\">Classe<\/th><th class=\"column-3\">Classif.<br \/>\nAprovados<\/th><th class=\"column-4\">Situa\u00e7\u00e3o<\/th>\n<\/tr>\n<\/thead>\n<tbody class=\"row-striping row-hover\">\n<tr class=\"row-2\">\n\t<td class=\"column-1\"><strong>23110.011752\/2021-97<\/strong><br \/>\n<br \/>\nCentro de Ci\u00eancias Socio-Organizacionais \u2013 CCSO<br \/>\n<br \/>\nContabilidade Empresarial<\/td><td class=\"column-2\">C<\/td><td class=\"column-3\">1\u00b0 Janu\u00e1rio Jos\u00e9 Monteiro<\/td><td class=\"column-4\">Convocado pela Lista Geral<\/td>\n<\/tr>\n<\/tbody>\n<\/table>\n<!-- #tablepress-197 from cache -->\n<div class=\"titleStyle\"><strong> COTAS PCD<\/strong><\/div>\n<p style=\"text-align:center\">N\u00e3o h\u00e1.<\/p>\n<\/div>\n\n","protected":false},"excerpt":{"rendered":"<p>Convoca\u00e7\u00f5es- Edital 08\/2021 Acompanhe nesta p\u00e1gina a publica\u00e7\u00e3o dos\/as nomeados\/as para servidores\/as docentes na UFPEL. Confira a p\u00e1gina com as informa\u00e7\u00f5es a respeito do certame: Certame do Edital 08\/2021 Ampla Concorr\u00eancia COTAS RACIAIS COTAS PCD N\u00e3o h\u00e1.<\/p>\n","protected":false},"author":52,"featured_media":0,"parent":0,"menu_order":0,"comment_status":"closed","ping_status":"closed","template":"","meta":{"footnotes":""},"class_list":["post-18194","page","type-page","status-publish","hentry"],"_links":{"self":[{"href":"https:\/\/wp.ufpel.edu.br\/progep\/wp-json\/wp\/v2\/pages\/18194","targetHints":{"allow":["GET"]}}],"collection":[{"href":"https:\/\/wp.ufpel.edu.br\/progep\/wp-json\/wp\/v2\/pages"}],"about":[{"href":"https:\/\/wp.ufpel.edu.br\/progep\/wp-json\/wp\/v2\/types\/page"}],"author":[{"embeddable":true,"href":"https:\/\/wp.ufpel.edu.br\/progep\/wp-json\/wp\/v2\/users\/52"}],"replies":[{"embeddable":true,"href":"https:\/\/wp.ufpel.edu.br\/progep\/wp-json\/wp\/v2\/comments?post=18194"}],"version-history":[{"count":3,"href":"https:\/\/wp.ufpel.edu.br\/progep\/wp-json\/wp\/v2\/pages\/18194\/revisions"}],"predecessor-version":[{"id":39845,"href":"https:\/\/wp.ufpel.edu.br\/progep\/wp-json\/wp\/v2\/pages\/18194\/revisions\/39845"}],"wp:attachment":[{"href":"https:\/\/wp.ufpel.edu.br\/progep\/wp-json\/wp\/v2\/media?parent=18194"}],"curies":[{"name":"wp","href":"https:\/\/api.w.org\/{rel}","templated":true}]}}