{"id":17970,"date":"2021-06-25T17:06:21","date_gmt":"2021-06-25T20:06:21","guid":{"rendered":"https:\/\/wp.ufpel.edu.br\/progep\/?page_id=17970"},"modified":"2025-06-30T14:13:51","modified_gmt":"2025-06-30T17:13:51","slug":"roda-de-conversa-curriculo-lattes-e-sua-relacao-com-o-universo-academico-o-que-e-qual-a-importancia-e-como-fazer","status":"publish","type":"page","link":"https:\/\/wp.ufpel.edu.br\/progep\/roda-de-conversa-curriculo-lattes-e-sua-relacao-com-o-universo-academico-o-que-e-qual-a-importancia-e-como-fazer\/","title":{"rendered":"Capacita\u00e7\u00e3o: Roda de Conversa: Curr\u00edculo Lattes e sua rela\u00e7\u00e3o com o universo acad\u00eamico \u2013 o que \u00e9, qual a import\u00e2ncia e como fazer."},"content":{"rendered":"<p><strong>Facilitadora: <\/strong>Larissa Pinheiro Costa (Professora do Centro de Engenharias)<\/p>\n<p><strong>Data:<\/strong> 09\/07\/2021 (sexta-feira)<\/p>\n<p><strong>Hora:\u00a0<\/strong>das 14h \u00e0s 16h<\/p>\n<p><strong>Realiza\u00e7\u00e3o:<\/strong>\u00a0plataforma Webconf da UFPel (na modalidade\u00a0<em>on-line)<\/em><\/p>\n<p><strong>Ementa: <\/strong>O curr\u00edculo Lattes \u00e9 o cart\u00e3o de visitas do profissional dentro do universo acad\u00eamico. Este \u00e9 o documento utilizado em grande parte dos processos seletivos das \u00e1reas de pesquisa e doc\u00eancia e, portanto, \u00e9 fundamental que o curr\u00edculo esteja sempre atualizado e dispon\u00edvel. Nesta roda de conversa ser\u00e1 abordada a relev\u00e2ncia da escrita acad\u00eamica e o curr\u00edculo Lattes, salientando o que \u00e9 essa importante ferramenta, como constru\u00ed-la e como melhor\u00e1-lo.<\/p>\n<p><strong>P\u00fablico Alvo<\/strong>: Servidores docentes e TAE\u2019s ativos*<\/p>\n<p><strong>Per\u00edodo de inscri\u00e7\u00e3o<\/strong>: 25\/06 a 06\/07\/2021<\/p>\n<p><strong>Divulga\u00e7\u00e3o das inscri\u00e7\u00f5es homologadas<\/strong>: 07\/07**, nesta p\u00e1gina.<\/p>\n<p>*Considerando a Pol\u00edtica Nacional de Desenvolvimento de Pessoas, conforme Decreto n\u00ba 9.991\/19, somente ser\u00e3o certificados os servidores p\u00fablicos pertencentes ao Quadro Efetivo da UFPel.<\/p>\n<p>**Quando homologadas as inscri\u00e7\u00f5es, os selecionados receber\u00e3o e-mail com instru\u00e7\u00f5es de acesso \u00e0 sala de Webconf da UFPel.<\/p>\n<p><span style=\"color: #ff6600\"><a style=\"color: #ff6600\" href=\"https:\/\/wp.ufpel.edu.br\/progep\/files\/2021\/07\/Homologacao-Curriculo-Lattes.pdf\">INSCRI\u00c7\u00d5ES HOMOLOGADAS<\/a>:<\/span><\/p>\n<p><a href=\"https:\/\/wp.ufpel.edu.br\/progep\/files\/2020\/11\/simbolo-acessivel-em-libras.jpg\"><img class=\"aligncenter wp-image-16700\" src=\"https:\/\/wp.ufpel.edu.br\/progep\/files\/2020\/11\/simbolo-acessivel-em-libras.jpg\" alt=\"\" width=\"194\" height=\"291\" srcset=\"https:\/\/wp.ufpel.edu.br\/progep\/files\/2020\/11\/simbolo-acessivel-em-libras.jpg 469w, https:\/\/wp.ufpel.edu.br\/progep\/files\/2020\/11\/simbolo-acessivel-em-libras-266x400.jpg 266w\" sizes=\"(max-width: 194px) 100vw, 194px\" \/><\/a><\/p>\n","protected":false},"excerpt":{"rendered":"<p>Facilitadora: Larissa Pinheiro Costa (Professora do Centro de Engenharias) Data: 09\/07\/2021 (sexta-feira) Hora:\u00a0das 14h \u00e0s 16h Realiza\u00e7\u00e3o:\u00a0plataforma Webconf da UFPel (na modalidade\u00a0on-line) Ementa: O curr\u00edculo Lattes \u00e9 o cart\u00e3o de visitas do profissional dentro do universo acad\u00eamico. Este \u00e9 o documento utilizado em grande parte dos processos seletivos das \u00e1reas de pesquisa e doc\u00eancia e, [&hellip;]<\/p>\n","protected":false},"author":21,"featured_media":0,"parent":0,"menu_order":0,"comment_status":"closed","ping_status":"closed","template":"","meta":{"footnotes":""},"class_list":["post-17970","page","type-page","status-publish","hentry"],"_links":{"self":[{"href":"https:\/\/wp.ufpel.edu.br\/progep\/wp-json\/wp\/v2\/pages\/17970","targetHints":{"allow":["GET"]}}],"collection":[{"href":"https:\/\/wp.ufpel.edu.br\/progep\/wp-json\/wp\/v2\/pages"}],"about":[{"href":"https:\/\/wp.ufpel.edu.br\/progep\/wp-json\/wp\/v2\/types\/page"}],"author":[{"embeddable":true,"href":"https:\/\/wp.ufpel.edu.br\/progep\/wp-json\/wp\/v2\/users\/21"}],"replies":[{"embeddable":true,"href":"https:\/\/wp.ufpel.edu.br\/progep\/wp-json\/wp\/v2\/comments?post=17970"}],"version-history":[{"count":6,"href":"https:\/\/wp.ufpel.edu.br\/progep\/wp-json\/wp\/v2\/pages\/17970\/revisions"}],"predecessor-version":[{"id":33957,"href":"https:\/\/wp.ufpel.edu.br\/progep\/wp-json\/wp\/v2\/pages\/17970\/revisions\/33957"}],"wp:attachment":[{"href":"https:\/\/wp.ufpel.edu.br\/progep\/wp-json\/wp\/v2\/media?parent=17970"}],"curies":[{"name":"wp","href":"https:\/\/api.w.org\/{rel}","templated":true}]}}