{"id":17944,"date":"2021-06-23T10:06:27","date_gmt":"2021-06-23T13:06:27","guid":{"rendered":"https:\/\/wp.ufpel.edu.br\/progep\/?page_id=17944"},"modified":"2025-06-30T14:13:36","modified_gmt":"2025-06-30T17:13:36","slug":"capacita-na-web-aprimoramento-de-habilidades-sociais-para-uma-comunicacao-mais-eficiente-no-trabalho-remoto","status":"publish","type":"page","link":"https:\/\/wp.ufpel.edu.br\/progep\/capacita-na-web-aprimoramento-de-habilidades-sociais-para-uma-comunicacao-mais-eficiente-no-trabalho-remoto\/","title":{"rendered":"Capacita\u00e7\u00e3o: Capacita na web: Aprimoramento de habilidades sociais para uma comunica\u00e7\u00e3o mais eficiente no trabalho remoto"},"content":{"rendered":"<p><strong>Facilitadora: <\/strong>Ta\u00eds Bopp da Silva (Professora do Centro de Letras e Comunica\u00e7\u00e3o)<\/p>\n<p><strong>Data:<\/strong> 07\/07\/2021 (quarta-feira)<\/p>\n<p><strong>Hora:\u00a0<\/strong>das 14h \u00e0s 16h<\/p>\n<p><strong>Realiza\u00e7\u00e3o:<\/strong>\u00a0plataforma Webconf da UFPel (na modalidade\u00a0<em>on-line)<\/em><\/p>\n<p><strong>Ementa: <\/strong>A capacita\u00e7\u00e3o pretende ofertar ao servidor condi\u00e7\u00f5es para aprimorar algumas habilidades sociais de comunica\u00e7\u00e3o interpessoal requeridas em intera\u00e7\u00f5es de trabalho remoto. Ser\u00e3o abordados g\u00eaneros comunicativos de natureza escrita (e-mails, mensagens instant\u00e2neas, publica\u00e7\u00e3o em redes sociais) e oral (exposi\u00e7\u00f5es realizadas via webconfer\u00eancia e sala de aula virtual). O foco recair\u00e1 sobre aspectos formais das mensagens (adequa\u00e7\u00e3o estil\u00edstica, o problema da ambiguidade, f\u00f3rmulas de cortesia e de polidez) e sobre um conjunto de estrat\u00e9gias para tornar a comunica\u00e7\u00e3o mais assertiva (como iniciar e encerrar conversa, trocar turnos conversacionais, elaborar e responder perguntas, discordar, gratificar, elogiar, dar e receber <em>feedback<\/em>). A partir da apresenta\u00e7\u00e3o de alguns modelos, o participante ser\u00e1 levado a compreender a import\u00e2ncia de se efetuar certos ajustes na din\u00e2mica da intera\u00e7\u00e3o a fim de se obter uma comunica\u00e7\u00e3o mais eficiente e saud\u00e1vel.<\/p>\n<p><strong>P\u00fablico Alvo<\/strong>: Servidores docentes e TAE\u2019s ativos*<\/p>\n<p><strong>Per\u00edodo de inscri\u00e7\u00e3o<\/strong>: 23\/06 a 05\/07\/2021<\/p>\n<p><strong>Divulga\u00e7\u00e3o das inscri\u00e7\u00f5es homologadas<\/strong>: 06\/07**, nesta p\u00e1gina.<\/p>\n<p>*Considerando a Pol\u00edtica Nacional de Desenvolvimento de Pessoas, conforme Decreto n\u00ba 9.991\/19, somente ser\u00e3o certificados os servidores p\u00fablicos pertencentes ao Quadro Efetivo da UFPel.<\/p>\n<p>**Quando homologadas as inscri\u00e7\u00f5es, os selecionados receber\u00e3o e-mail com instru\u00e7\u00f5es de acesso \u00e0 sala de Webconf da UFPel.<\/p>\n<p><span style=\"color: #ff6600\"><a style=\"color: #ff6600\" href=\"https:\/\/wp.ufpel.edu.br\/progep\/files\/2021\/07\/05-07-21-Aprimoramento-Participantes-HOMOLOGACAOI.pdf\">INSCRI\u00c7\u00d5ES HOMOLOGADAS<\/a>:<\/span><\/p>\n<p>&nbsp;<\/p>\n<p><a href=\"https:\/\/wp.ufpel.edu.br\/progep\/files\/2020\/11\/simbolo-acessivel-em-libras.jpg\"><img class=\"aligncenter wp-image-16700\" src=\"https:\/\/wp.ufpel.edu.br\/progep\/files\/2020\/11\/simbolo-acessivel-em-libras.jpg\" alt=\"\" width=\"177\" height=\"265\" srcset=\"https:\/\/wp.ufpel.edu.br\/progep\/files\/2020\/11\/simbolo-acessivel-em-libras.jpg 469w, https:\/\/wp.ufpel.edu.br\/progep\/files\/2020\/11\/simbolo-acessivel-em-libras-266x400.jpg 266w\" sizes=\"(max-width: 177px) 100vw, 177px\" \/><\/a><\/p>\n","protected":false},"excerpt":{"rendered":"<p>Facilitadora: Ta\u00eds Bopp da Silva (Professora do Centro de Letras e Comunica\u00e7\u00e3o) Data: 07\/07\/2021 (quarta-feira) Hora:\u00a0das 14h \u00e0s 16h Realiza\u00e7\u00e3o:\u00a0plataforma Webconf da UFPel (na modalidade\u00a0on-line) Ementa: A capacita\u00e7\u00e3o pretende ofertar ao servidor condi\u00e7\u00f5es para aprimorar algumas habilidades sociais de comunica\u00e7\u00e3o interpessoal requeridas em intera\u00e7\u00f5es de trabalho remoto. Ser\u00e3o abordados g\u00eaneros comunicativos de natureza escrita (e-mails, [&hellip;]<\/p>\n","protected":false},"author":21,"featured_media":0,"parent":0,"menu_order":0,"comment_status":"closed","ping_status":"closed","template":"","meta":{"footnotes":""},"class_list":["post-17944","page","type-page","status-publish","hentry"],"_links":{"self":[{"href":"https:\/\/wp.ufpel.edu.br\/progep\/wp-json\/wp\/v2\/pages\/17944","targetHints":{"allow":["GET"]}}],"collection":[{"href":"https:\/\/wp.ufpel.edu.br\/progep\/wp-json\/wp\/v2\/pages"}],"about":[{"href":"https:\/\/wp.ufpel.edu.br\/progep\/wp-json\/wp\/v2\/types\/page"}],"author":[{"embeddable":true,"href":"https:\/\/wp.ufpel.edu.br\/progep\/wp-json\/wp\/v2\/users\/21"}],"replies":[{"embeddable":true,"href":"https:\/\/wp.ufpel.edu.br\/progep\/wp-json\/wp\/v2\/comments?post=17944"}],"version-history":[{"count":7,"href":"https:\/\/wp.ufpel.edu.br\/progep\/wp-json\/wp\/v2\/pages\/17944\/revisions"}],"predecessor-version":[{"id":33956,"href":"https:\/\/wp.ufpel.edu.br\/progep\/wp-json\/wp\/v2\/pages\/17944\/revisions\/33956"}],"wp:attachment":[{"href":"https:\/\/wp.ufpel.edu.br\/progep\/wp-json\/wp\/v2\/media?parent=17944"}],"curies":[{"name":"wp","href":"https:\/\/api.w.org\/{rel}","templated":true}]}}