{"id":17863,"date":"2021-06-07T16:01:49","date_gmt":"2021-06-07T19:01:49","guid":{"rendered":"https:\/\/wp.ufpel.edu.br\/progep\/?page_id=17863"},"modified":"2025-06-30T14:13:30","modified_gmt":"2025-06-30T17:13:30","slug":"roda-de-conversa-secretariar-em-home-office-elaborando-documentos-administrativos-com-adequacao-linguistica-coesao-coerencia-e-elegancia","status":"publish","type":"page","link":"https:\/\/wp.ufpel.edu.br\/progep\/roda-de-conversa-secretariar-em-home-office-elaborando-documentos-administrativos-com-adequacao-linguistica-coesao-coerencia-e-elegancia\/","title":{"rendered":"Capacita\u00e7\u00e3o: Roda de Conversa: Secretariar em Home Office: elaborando documentos administrativos com adequa\u00e7\u00e3o lingu\u00edstica, coes\u00e3o, coer\u00eancia e eleg\u00e2ncia."},"content":{"rendered":"<p><strong>Facilitadora: <\/strong>Ta\u00eds Bopp da Silva<\/p>\n<p><strong>Data:<\/strong> 30\/06\/2021 (quarta-feira)<\/p>\n<p><strong>Hora:\u00a0<\/strong>das 14h \u00e0s 16h<\/p>\n<p><strong>Realiza\u00e7\u00e3o:<\/strong>\u00a0plataforma Webconf da UFPel (na modalidade\u00a0<em>on-line)<\/em><\/p>\n<p style=\"text-align: justify\"><strong>Ementa: <\/strong>Este workshop tem como objetivo oportunizar ao servidor meios para aprimorar suas habilidades de elabora\u00e7\u00e3o de alguns documentos que comp\u00f5em a rotina administrativa. Ser\u00e3o abordados os seguintes aspectos: formato e finalidade de alguns g\u00eaneros (ata, atestado, memorando, convoca\u00e7\u00e3o, despacho, requerimento), adequa\u00e7\u00e3o lingu\u00edstica e sociolingu\u00edstica, clareza, objetividade e a cortesia na comunica\u00e7\u00e3o. Tamb\u00e9m ser\u00e1 dedicado espa\u00e7o \u00e0 import\u00e2ncia da revis\u00e3o textual.<\/p>\n<p><strong>P\u00fablico Alvo<\/strong>: Servidores docentes e TAE\u2019s ativos*<\/p>\n<p><strong>Per\u00edodo de inscri\u00e7\u00e3o<\/strong>: 07\/06 a 27\/06\/2021<\/p>\n<p><strong>Divulga\u00e7\u00e3o das inscri\u00e7\u00f5es homologadas<\/strong>: 28\/06**, nesta p\u00e1gina.<\/p>\n<p>*Considerando a Pol\u00edtica Nacional de Desenvolvimento de Pessoas, conforme Decreto n\u00ba 9.991\/19, somente ser\u00e3o certificados os servidores p\u00fablicos pertencentes ao Quadro Efetivo da UFPel.<\/p>\n<p>**Quando homologadas as inscri\u00e7\u00f5es, os selecionados receber\u00e3o e-mail com instru\u00e7\u00f5es de acesso \u00e0 sala de Webconf da UFPel.<\/p>\n<p><strong><span style=\"color: #ff6600\"><a style=\"color: #ff6600\" href=\"https:\/\/wp.ufpel.edu.br\/progep\/files\/2021\/06\/Secretariar-em-Home-Office.pdf\">INSCRI\u00c7\u00d5ES HOMOLOGADAS<\/a><\/span><\/strong><\/p>\n<p><a href=\"https:\/\/wp.ufpel.edu.br\/progep\/files\/2020\/11\/simbolo-acessivel-em-libras.jpg\"><img class=\"aligncenter wp-image-16700\" src=\"https:\/\/wp.ufpel.edu.br\/progep\/files\/2020\/11\/simbolo-acessivel-em-libras.jpg\" alt=\"\" width=\"174\" height=\"262\" srcset=\"https:\/\/wp.ufpel.edu.br\/progep\/files\/2020\/11\/simbolo-acessivel-em-libras.jpg 469w, https:\/\/wp.ufpel.edu.br\/progep\/files\/2020\/11\/simbolo-acessivel-em-libras-266x400.jpg 266w\" sizes=\"(max-width: 174px) 100vw, 174px\" \/><\/a><\/p>\n","protected":false},"excerpt":{"rendered":"<p>Facilitadora: Ta\u00eds Bopp da Silva Data: 30\/06\/2021 (quarta-feira) Hora:\u00a0das 14h \u00e0s 16h Realiza\u00e7\u00e3o:\u00a0plataforma Webconf da UFPel (na modalidade\u00a0on-line) Ementa: Este workshop tem como objetivo oportunizar ao servidor meios para aprimorar suas habilidades de elabora\u00e7\u00e3o de alguns documentos que comp\u00f5em a rotina administrativa. Ser\u00e3o abordados os seguintes aspectos: formato e finalidade de alguns g\u00eaneros (ata, atestado, [&hellip;]<\/p>\n","protected":false},"author":21,"featured_media":0,"parent":0,"menu_order":0,"comment_status":"closed","ping_status":"closed","template":"","meta":{"footnotes":""},"class_list":["post-17863","page","type-page","status-publish","hentry"],"_links":{"self":[{"href":"https:\/\/wp.ufpel.edu.br\/progep\/wp-json\/wp\/v2\/pages\/17863","targetHints":{"allow":["GET"]}}],"collection":[{"href":"https:\/\/wp.ufpel.edu.br\/progep\/wp-json\/wp\/v2\/pages"}],"about":[{"href":"https:\/\/wp.ufpel.edu.br\/progep\/wp-json\/wp\/v2\/types\/page"}],"author":[{"embeddable":true,"href":"https:\/\/wp.ufpel.edu.br\/progep\/wp-json\/wp\/v2\/users\/21"}],"replies":[{"embeddable":true,"href":"https:\/\/wp.ufpel.edu.br\/progep\/wp-json\/wp\/v2\/comments?post=17863"}],"version-history":[{"count":5,"href":"https:\/\/wp.ufpel.edu.br\/progep\/wp-json\/wp\/v2\/pages\/17863\/revisions"}],"predecessor-version":[{"id":33955,"href":"https:\/\/wp.ufpel.edu.br\/progep\/wp-json\/wp\/v2\/pages\/17863\/revisions\/33955"}],"wp:attachment":[{"href":"https:\/\/wp.ufpel.edu.br\/progep\/wp-json\/wp\/v2\/media?parent=17863"}],"curies":[{"name":"wp","href":"https:\/\/api.w.org\/{rel}","templated":true}]}}