{"id":17860,"date":"2021-06-07T14:52:20","date_gmt":"2021-06-07T17:52:20","guid":{"rendered":"https:\/\/wp.ufpel.edu.br\/progep\/?page_id=17860"},"modified":"2025-06-30T14:13:25","modified_gmt":"2025-06-30T17:13:25","slug":"roda-de-conversa-como-planejar-uma-disciplina-com-carga-horaria-sincrona-e-assincrona","status":"publish","type":"page","link":"https:\/\/wp.ufpel.edu.br\/progep\/roda-de-conversa-como-planejar-uma-disciplina-com-carga-horaria-sincrona-e-assincrona\/","title":{"rendered":"Capacita\u00e7\u00e3o: Roda de Conversa: Como planejar uma disciplina com carga hor\u00e1ria s\u00edncrona e ass\u00edncrona."},"content":{"rendered":"<p><strong>Facilitadora: <\/strong>S\u00edlvia Porto Meirelles Leite<\/p>\n<p><strong>Data:<\/strong> 28\/06\/2021 (segunda-feira)<\/p>\n<p><strong>Hora:\u00a0<\/strong>das 16h \u00e0s 17h30min<\/p>\n<p><strong>Realiza\u00e7\u00e3o:<\/strong>\u00a0plataforma Webconf da UFPel (na modalidade\u00a0<em>on-line)<\/em><\/p>\n<p style=\"text-align: justify\"><strong>Ementa: <\/strong>A capacita\u00e7\u00e3o pretende abordar o planejamento e a implementa\u00e7\u00e3o de uma disciplina com atividades s\u00edncronas e ass\u00edncronas, tendo como suporte os recursos do e-AULA e de outras plataformas que possibilitem o desenvolvimento de pr\u00e1ticas pedag\u00f3gicas. Para tanto, ser\u00e3o apresentadas diferentes situa\u00e7\u00f5es no Ensino Remoto e poss\u00edveis solu\u00e7\u00f5es de encaminhamentos t\u00e9cnicos e pedag\u00f3gicos.<\/p>\n<p><strong>P\u00fablico Alvo<\/strong>: Servidores docentes e TAE\u2019s ativos*<\/p>\n<p><strong>Per\u00edodo de inscri\u00e7\u00e3o<\/strong>: 07\/06 a 24\/06\/2021<\/p>\n<p><span style=\"color: #ff0000\">Inscri\u00e7\u00f5es encerradas em raz\u00e3o da grande procura e limita\u00e7\u00e3o de participantes da plataforma webconf da UFPEL.<\/span><\/p>\n<p><strong>Divulga\u00e7\u00e3o das inscri\u00e7\u00f5es homologadas<\/strong>: 25\/06**, nesta p\u00e1gina.<\/p>\n<p>*Considerando a Pol\u00edtica Nacional de Desenvolvimento de Pessoas, conforme Decreto n\u00ba 9.991\/19, somente ser\u00e3o certificados os servidores p\u00fablicos pertencentes ao Quadro Efetivo da UFPel.<\/p>\n<p>**Quando homologadas as inscri\u00e7\u00f5es, os selecionados receber\u00e3o e-mail com instru\u00e7\u00f5es de acesso \u00e0 sala de Webconf da UFPel.<\/p>\n<p><strong><span style=\"color: #ff6600\"><a style=\"color: #ff6600\" href=\"https:\/\/wp.ufpel.edu.br\/progep\/files\/2021\/06\/Como-planejar-uma-disciplina-com-carga-horaria-sincrona-e-assincrona.pdf\">INSCRI\u00c7\u00d5ES HOMOLOGADAS<\/a><\/span><\/strong><\/p>\n","protected":false},"excerpt":{"rendered":"<p>Facilitadora: S\u00edlvia Porto Meirelles Leite Data: 28\/06\/2021 (segunda-feira) Hora:\u00a0das 16h \u00e0s 17h30min Realiza\u00e7\u00e3o:\u00a0plataforma Webconf da UFPel (na modalidade\u00a0on-line) Ementa: A capacita\u00e7\u00e3o pretende abordar o planejamento e a implementa\u00e7\u00e3o de uma disciplina com atividades s\u00edncronas e ass\u00edncronas, tendo como suporte os recursos do e-AULA e de outras plataformas que possibilitem o desenvolvimento de pr\u00e1ticas pedag\u00f3gicas. Para [&hellip;]<\/p>\n","protected":false},"author":21,"featured_media":0,"parent":0,"menu_order":0,"comment_status":"closed","ping_status":"closed","template":"","meta":{"footnotes":""},"class_list":["post-17860","page","type-page","status-publish","hentry"],"_links":{"self":[{"href":"https:\/\/wp.ufpel.edu.br\/progep\/wp-json\/wp\/v2\/pages\/17860","targetHints":{"allow":["GET"]}}],"collection":[{"href":"https:\/\/wp.ufpel.edu.br\/progep\/wp-json\/wp\/v2\/pages"}],"about":[{"href":"https:\/\/wp.ufpel.edu.br\/progep\/wp-json\/wp\/v2\/types\/page"}],"author":[{"embeddable":true,"href":"https:\/\/wp.ufpel.edu.br\/progep\/wp-json\/wp\/v2\/users\/21"}],"replies":[{"embeddable":true,"href":"https:\/\/wp.ufpel.edu.br\/progep\/wp-json\/wp\/v2\/comments?post=17860"}],"version-history":[{"count":12,"href":"https:\/\/wp.ufpel.edu.br\/progep\/wp-json\/wp\/v2\/pages\/17860\/revisions"}],"predecessor-version":[{"id":33954,"href":"https:\/\/wp.ufpel.edu.br\/progep\/wp-json\/wp\/v2\/pages\/17860\/revisions\/33954"}],"wp:attachment":[{"href":"https:\/\/wp.ufpel.edu.br\/progep\/wp-json\/wp\/v2\/media?parent=17860"}],"curies":[{"name":"wp","href":"https:\/\/api.w.org\/{rel}","templated":true}]}}