{"id":17834,"date":"2021-06-02T16:10:18","date_gmt":"2021-06-02T19:10:18","guid":{"rendered":"https:\/\/wp.ufpel.edu.br\/progep\/?page_id=17834"},"modified":"2025-12-03T14:16:21","modified_gmt":"2025-12-03T17:16:21","slug":"levantamento-de-necessidades-de-capacitacao-2","status":"publish","type":"page","link":"https:\/\/wp.ufpel.edu.br\/progep\/levantamento-de-necessidades-de-capacitacao-2\/","title":{"rendered":"Levantamento de Necessidades de Capacita\u00e7\u00e3o"},"content":{"rendered":"\n<div class=\"wp-block-group\"><div class=\"wp-block-group__inner-container is-layout-constrained wp-block-group-is-layout-constrained\">\n<div class=\"logoTituloModelStyle\" style=\"padding: 0\"><img class=\"size-medium wp-image-27184 alignleft\" src=\"https:\/\/wp.ufpel.edu.br\/progep\/files\/2025\/03\/logo-progep_atualizacao-nome_AZUL.png\" alt=\"\" \/>\n<div style=\"padding: 1rem\"><strong>Levantamento de Necessidades de Capacita\u00e7\u00e3o<\/strong><\/div>\n<\/div>\n<hr class=\"hrModelStyle\" \/>\n<div class=\"descriptionModelStyle\">O <strong>Levantamento de Necessidades de Capacita\u00e7\u00e3o (LNC)<\/strong> \u00e9 a etapa que antecede a elabora\u00e7\u00e3o do <strong>Plano de Desenvolvimento de Pessoas (PDP)<\/strong>. Confira nesta p\u00e1gina, como proceder.<\/div>\n<\/div><\/div>\n\n\n<div class=\"levantamentoNecessidadesCapStyle\">\n<div class=\"lncAtual\">\n<div class=\"titleComumStyle\" style=\"color: #ff6600\">Orienta\u00e7\u00f5es para o preenchimento do Levantamento de Necessidades de Capacita\u00e7\u00e3o de 2026 <strong>(realizado no ano de 2025)<\/strong>:<\/div>\n<a href=\"https:\/\/wp.ufpel.edu.br\/progep\/files\/2025\/06\/Memorando-1.2025-1.pdf\" target=\"_blank\"><img width=\"24\" height=\"24\" class=\"wp-image-31629\" src=\"https:\/\/wp.ufpel.edu.br\/progep\/files\/2025\/04\/seta-direita.png\" alt=\"\" \/>\n Memorando-Circular n\u00ba 1\/2025\/NUCAP\/CDP\/PROGEP\/REITORIA<\/a>\n<a href=\"https:\/\/wp.ufpel.edu.br\/progep\/files\/2025\/06\/Tutorial-cadastro-2026final.pdf\" target=\"_blank\"><img width=\"24\" height=\"24\" class=\"wp-image-31629\" src=\"https:\/\/wp.ufpel.edu.br\/progep\/files\/2025\/04\/seta-direita.png\" alt=\"\" \/>\n Tutorial de Cadastro 2025<\/a>\n<a href=\"https:\/\/wp.ufpel.edu.br\/progep\/files\/2025\/06\/Tutorial-cadastro-2026GESTOR.pdf\" target=\"_blank\"><img width=\"24\" height=\"24\" class=\"wp-image-31629\" src=\"https:\/\/wp.ufpel.edu.br\/progep\/files\/2025\/04\/seta-direita.png\" alt=\"\" \/>\n Tutorial Gestores(as) de Unidade<\/a>\n<a href=\"https:\/\/wp.ufpel.edu.br\/progep\/files\/2025\/07\/Reuniao-LNC-2026.pdf\" target=\"_blank\"><img width=\"24\" height=\"24\" class=\"wp-image-31629\" src=\"https:\/\/wp.ufpel.edu.br\/progep\/files\/2025\/04\/seta-direita.png\" alt=\"\" \/>\nReuni\u00e3o LNC 2026<\/a>\n<a href=\"https:\/\/wp.ufpel.edu.br\/progep\/files\/2025\/11\/PDP-2025-PREVIA-PDP-2025-2.pdf\">Levantamento de Necessidades 2025<\/a>\n<\/div>\n<div class=\"titleComumStyle\"><strong>Levantamento de Necessidades de Capacita\u00e7\u00e3o de 2025 (realizado no ano de 2024):<\/strong><\/div>\n<a href=\"https:\/\/wp.ufpel.edu.br\/progep\/files\/2024\/10\/lnc25.pdf\" target=\"_blank\"><img width=\"24\" height=\"24\" class=\"wp-image-31629\" src=\"https:\/\/wp.ufpel.edu.br\/progep\/files\/2025\/04\/seta-direita.png\" alt=\"\" \/>\n RESPOSTAS RECEBIDAS 2025 &#8211; TABULA\u00c7\u00c3O<\/a>\n<a href=\"https:\/\/wp.ufpel.edu.br\/progep\/files\/2024\/07\/Memorando-Circular-11.pdf\" target=\"_blank\">Memorando-Circular 11 (Indica\u00e7\u00e3o de Representantes de Equipe e Chefias)<\/a>\n\n<div class=\"titleComumStyle\">Guias, Manuais e Orienta\u00e7\u00f5es para o LNC 2025 :<\/div>\n<a href=\"https:\/\/wp.ufpel.edu.br\/progep\/files\/2023\/07\/GuiaparaelaboracaodoPDP2024versao_CGDES_03.07.2023vf.pdf\" target=\"_blank\">Guia de Elabora\u00e7\u00e3o<\/span> do Plano de Desenvolvimento de Pessoas 2024 (PDP) \u2013 ATUALIZADO EM JUNHO\/2023<\/a>\n<a href=\"https:\/\/wp.ufpel.edu.br\/progep\/files\/2023\/07\/canvasdeidentificaodanecessidadededesenvolvimento_v3_semlogo20230627.pdf\" target=\"_blank\">Canvas de identifica\u00e7\u00e3o (levantamento) de necessidades de desenvolvimento<\/a>\n <a href=\"https:\/\/wp.ufpel.edu.br\/progep\/files\/2022\/07\/ListagemdeTemasGeraisPDP2023.pdf\" target=\"_blank\">Listagem de Temas Gerais<\/a>\n<a href=\"https:\/\/wp.ufpel.edu.br\/progep\/files\/2022\/08\/Matrizes-de-competencias_descritores2023.pdf\" target=\"_blank\">Matrizes de compet\u00eancias_descritores<\/a>\n <a href=\"https:\/\/wp.ufpel.edu.br\/progep\/files\/2024\/07\/Tutorial-cadastro-SIPEC-2025.docx.pdf\" target=\"_blank\">Tutorial cadastro SIPEC \u2013 UFPel<\/a>\n<a href=\"https:\/\/wp.ufpel.edu.br\/progep\/files\/2024\/07\/Guia-PDP-2025-chefiasf.pdf\" target=\"_blank\">Tutorial valida\u00e7\u00e3o &#8211; chefias<\/a>\n\n<div class=\"titleComumStyle\"><strong>Levantamento de Necessidades de Capacita\u00e7\u00e3o de 2024 (realizado no ano de 2023):<\/strong><\/div>\n\n<a href=\"https:\/\/wp.ufpel.edu.br\/progep\/files\/2023\/10\/LNC-2024F-1.pdf\" target=\"_blank\"><img width=\"24\" height=\"24\" class=\"wp-image-31629\" src=\"https:\/\/wp.ufpel.edu.br\/progep\/files\/2025\/04\/seta-direita.png\" alt=\"\" \/>\n RESPOSTAS RECEBIDAS 2024 &#8211; TABULA\u00c7\u00c3O<\/a>\n\n<a href=\"https:\/\/wp.ufpel.edu.br\/progep\/files\/2023\/12\/PDP-2024-1.pdf\" target=\"_blank\"><img width=\"24\" height=\"24\" class=\"wp-image-31629\" src=\"https:\/\/wp.ufpel.edu.br\/progep\/files\/2025\/04\/seta-direita.png\" alt=\"\" \/>\n Plano de Desenvolvimento de Pessoas (PDP) 2024<\/a>\n\n<div class=\"titleComumStyle\">Levantamento de Necessidades de Capacita\u00e7\u00e3o de 2023 (realizado no ano de 2022):<\/div>\n\n<a href=\"https:\/\/wp.ufpel.edu.br\/progep\/files\/2022\/08\/LNC-PREENCHIDO.xlsx.pdf\" target=\"_blank\">RESPOSTAS RECEBIDAS \u2013 TABULA\u00c7\u00c3O 2023\u00a0<\/a>\n\n<div class=\"titleComumStyle\">Levantamento de Necessidades de Capacita\u00e7\u00e3o de 2022 (realizado no ano de 2021):<\/div>\n<a href=\"https:\/\/wp.ufpel.edu.br\/progep\/files\/2021\/08\/LNC-RESPOSTAS.pdf\" target=\"_blank\">RESPOSTAS RECEBIDAS \u2013 TABULA\u00c7\u00c3O 2022<\/a>\n<\/div>\n","protected":false},"excerpt":{"rendered":"<p>Levantamento de Necessidades de Capacita\u00e7\u00e3o O Levantamento de Necessidades de Capacita\u00e7\u00e3o (LNC) \u00e9 a etapa que antecede a elabora\u00e7\u00e3o do Plano de Desenvolvimento de Pessoas (PDP). Confira nesta p\u00e1gina, como proceder. Orienta\u00e7\u00f5es para o preenchimento do Levantamento de Necessidades de Capacita\u00e7\u00e3o de 2026 (realizado no ano de 2025): Memorando-Circular n\u00ba 1\/2025\/NUCAP\/CDP\/PROGEP\/REITORIA Tutorial de Cadastro 2025 [&hellip;]<\/p>\n","protected":false},"author":21,"featured_media":0,"parent":0,"menu_order":0,"comment_status":"closed","ping_status":"closed","template":"","meta":{"footnotes":""},"class_list":["post-17834","page","type-page","status-publish","hentry"],"_links":{"self":[{"href":"https:\/\/wp.ufpel.edu.br\/progep\/wp-json\/wp\/v2\/pages\/17834","targetHints":{"allow":["GET"]}}],"collection":[{"href":"https:\/\/wp.ufpel.edu.br\/progep\/wp-json\/wp\/v2\/pages"}],"about":[{"href":"https:\/\/wp.ufpel.edu.br\/progep\/wp-json\/wp\/v2\/types\/page"}],"author":[{"embeddable":true,"href":"https:\/\/wp.ufpel.edu.br\/progep\/wp-json\/wp\/v2\/users\/21"}],"replies":[{"embeddable":true,"href":"https:\/\/wp.ufpel.edu.br\/progep\/wp-json\/wp\/v2\/comments?post=17834"}],"version-history":[{"count":3,"href":"https:\/\/wp.ufpel.edu.br\/progep\/wp-json\/wp\/v2\/pages\/17834\/revisions"}],"predecessor-version":[{"id":39043,"href":"https:\/\/wp.ufpel.edu.br\/progep\/wp-json\/wp\/v2\/pages\/17834\/revisions\/39043"}],"wp:attachment":[{"href":"https:\/\/wp.ufpel.edu.br\/progep\/wp-json\/wp\/v2\/media?parent=17834"}],"curies":[{"name":"wp","href":"https:\/\/api.w.org\/{rel}","templated":true}]}}