{"id":17736,"date":"2021-05-22T14:44:09","date_gmt":"2021-05-22T17:44:09","guid":{"rendered":"https:\/\/wp.ufpel.edu.br\/progep\/?page_id=17736"},"modified":"2025-10-17T13:25:54","modified_gmt":"2025-10-17T16:25:54","slug":"conflito-de-interesses","status":"publish","type":"page","link":"https:\/\/wp.ufpel.edu.br\/progep\/conflito-de-interesses\/","title":{"rendered":"Conflito de Interesses"},"content":{"rendered":"\n<div class=\"wp-block-group\"><div class=\"wp-block-group__inner-container is-layout-constrained wp-block-group-is-layout-constrained\">\n<div class=\"logoTituloModelStyle\"><img class=\"size-medium wp-image-27184 alignleft\" src=\"https:\/\/wp.ufpel.edu.br\/progep\/files\/2025\/03\/logo-progep_atualizacao-nome_AZUL.png\" alt=\"\" \/><\/p>\n<div><strong>Conflito de Interesses<\/strong><\/div>\n<\/div>\n<hr class=\"hrModelStyle\" \/>\n<\/div><\/div>\n\n\n<p class=\"titleComumStyle\"><strong>Normativas:<\/strong><\/p>\n<ul>\n<li><a href=\"http:\/\/www.planalto.gov.br\/ccivil_03\/_ato2011-2014\/2013\/lei\/l12813.htm\"><strong>Lei de Conflito de Interesses: Lei n\u00ba 12.813\/2013<\/strong><\/a><br \/>\nDisp\u00f5e sobre o conflito de interesses no exerc\u00edcio de cargo ou emprego do Poder Executivo federal e impedimentos posteriores ao exerc\u00edcio do cargo ou emprego; e revoga dispositivos da Lei no 9.986, de 18 de julho de 2000, e das Medidas Provis\u00f3rias nos 2.216-37, de 31 de agosto de 2001, e 2.225-45, de 4 de setembro de 2001.<\/li>\n<li><strong><a href=\"https:\/\/repositorio.cgu.gov.br\/bitstream\/1\/44844\/13\/PORTARIA%20INTERMINISTERIAL%20N%C2%BA%20333.pdf\">Portaria Interministerial n\u00ba 333\/2013<\/a><br \/>\n<\/strong>Disciplina a consulta sobre a exist\u00eancia de conflito de interesses e o pedido de autoriza\u00e7\u00e3o para o exerc\u00edcio de atividade privada por servidor ou empregado p\u00fablico do Poder Executivo federal no \u00e2mbito da compet\u00eancia atribu\u00edda \u00e0 Controladoria-Geral da Uni\u00e3o &#8211; CGU pelo \u00a7 1\u00ba do art. 4\u00ba e pelo art. 8\u00ba da Lei n\u00ba 12.813, de 16 de maio de 2013.<\/li>\n<li><strong><a href=\"https:\/\/www.in.gov.br\/web\/dou\/-\/orientacao-normativa-n-2-de-9-setembro-de-2014-30164107\">Orienta\u00e7\u00e3o Normativa CGU n\u00ba 2\/2014<\/a><br \/>\n<\/strong>Disp\u00f5e sobre o exerc\u00edcio de atividades de\u00a0magist\u00e9rio por agentes p\u00fablicos do Poder\u00a0Executivo Federal.<\/li>\n<li><strong><a href=\"https:\/\/www.in.gov.br\/materia\/-\/asset_publisher\/Kujrw0TZC2Mb\/content\/id\/21517532\/do1-2016-05-09-orientacao-normativa-conjunta-n-1-de-6-de-maio-de-2016-21517448\">Orienta\u00e7\u00e3o Normativa Conjunta CGU-CEP n\u00ba 01\/2016<\/a><br \/>\n<\/strong>Disp\u00f5e sobre a participa\u00e7\u00e3o de agentes p\u00fablicos federais em eventos e atividades custeados por terceiros.<\/li>\n<\/ul>\n<p class=\"botaoStyle pduBotao\"><a href=\"https:\/\/seci.cgu.gov.br\/SeCI\/Login\/Externo.aspx?ReturnUrl=\/SeCI\/\"><strong>Sistema Eletr\u00f4nico de Preven\u00e7\u00e3o de Conflito de Interesses do Governo Federal-SeCI<\/strong><\/a><br \/>\n<a href=\"https:\/\/seci.cgu.gov.br\/SeCI\/Documentos\/publico\/manual_seci_solicitante.pdf\">Manual do SeCI<\/a><\/p>","protected":false},"excerpt":{"rendered":"<p>Conflito de Interesses Normativas: Lei de Conflito de Interesses: Lei n\u00ba 12.813\/2013 Disp\u00f5e sobre o conflito de interesses no exerc\u00edcio de cargo ou emprego do Poder Executivo federal e impedimentos posteriores ao exerc\u00edcio do cargo ou emprego; e revoga dispositivos da Lei no 9.986, de 18 de julho de 2000, e das Medidas Provis\u00f3rias nos [&hellip;]<\/p>\n","protected":false},"author":52,"featured_media":0,"parent":0,"menu_order":0,"comment_status":"closed","ping_status":"closed","template":"","meta":{"footnotes":""},"class_list":["post-17736","page","type-page","status-publish","hentry"],"_links":{"self":[{"href":"https:\/\/wp.ufpel.edu.br\/progep\/wp-json\/wp\/v2\/pages\/17736","targetHints":{"allow":["GET"]}}],"collection":[{"href":"https:\/\/wp.ufpel.edu.br\/progep\/wp-json\/wp\/v2\/pages"}],"about":[{"href":"https:\/\/wp.ufpel.edu.br\/progep\/wp-json\/wp\/v2\/types\/page"}],"author":[{"embeddable":true,"href":"https:\/\/wp.ufpel.edu.br\/progep\/wp-json\/wp\/v2\/users\/52"}],"replies":[{"embeddable":true,"href":"https:\/\/wp.ufpel.edu.br\/progep\/wp-json\/wp\/v2\/comments?post=17736"}],"version-history":[{"count":3,"href":"https:\/\/wp.ufpel.edu.br\/progep\/wp-json\/wp\/v2\/pages\/17736\/revisions"}],"predecessor-version":[{"id":38093,"href":"https:\/\/wp.ufpel.edu.br\/progep\/wp-json\/wp\/v2\/pages\/17736\/revisions\/38093"}],"wp:attachment":[{"href":"https:\/\/wp.ufpel.edu.br\/progep\/wp-json\/wp\/v2\/media?parent=17736"}],"curies":[{"name":"wp","href":"https:\/\/api.w.org\/{rel}","templated":true}]}}