{"id":17721,"date":"2021-05-25T07:43:16","date_gmt":"2021-05-25T10:43:16","guid":{"rendered":"https:\/\/wp.ufpel.edu.br\/progep\/?page_id=17721"},"modified":"2025-06-30T14:12:03","modified_gmt":"2025-06-30T17:12:03","slug":"roda-de-conversa-conversando-sobre-o-acidente-vascular-encefalico-cerebral-prevencao-e-caracteristicas-clinicas","status":"publish","type":"page","link":"https:\/\/wp.ufpel.edu.br\/progep\/roda-de-conversa-conversando-sobre-o-acidente-vascular-encefalico-cerebral-prevencao-e-caracteristicas-clinicas\/","title":{"rendered":"Capacita\u00e7\u00e3o: Roda de conversa: Conversando sobre o acidente vascular Encef\u00e1lico\/Cerebral &#8211; Preven\u00e7\u00e3o e caracter\u00edsticas cl\u00ednicas"},"content":{"rendered":"<p><strong>Facilitador: <\/strong>Maur\u00edcio Moraes<\/p>\n<p><strong>Data:<\/strong> 25\/06\/2021 (sexta-feira)<\/p>\n<p><strong>Hora:\u00a0<\/strong>das 8:30h \u00e0s 10:00h<\/p>\n<p><strong>Realiza\u00e7\u00e3o:<\/strong> Plataforma Webconf da UFPel (na modalidade\u00a0<em>on-line)<\/em><\/p>\n<p><strong>Ementa:\u00a0<\/strong>Defini\u00e7\u00e3o de acidente vascular encef\u00e1lico, caracter\u00edsticas cl\u00ednicas para reconhecimento dos eventos, preven\u00e7\u00e3o e fatores de risco e medidas de preven\u00e7\u00e3o.<\/p>\n<p><strong>P\u00fablico Alvo<\/strong>: Servidores docentes e TAE\u2019s ativos*<\/p>\n<p><strong>Per\u00edodo de inscri\u00e7\u00e3o<\/strong>: 24\/05 a 22\/06\/2021<\/p>\n<p><strong>Divulga\u00e7\u00e3o das inscri\u00e7\u00f5es homologadas<\/strong>: 24\/06**, nesta p\u00e1gina.<\/p>\n<p>*Considerando a Pol\u00edtica Nacional de Desenvolvimento de Pessoas, conforme Decreto n\u00ba 9.991\/19, somente ser\u00e3o certificados os servidores p\u00fablicos pertencentes ao Quadro Efetivo da UFPel.<\/p>\n<p>**Quando homologadas as inscri\u00e7\u00f5es, os selecionados receber\u00e3o e-mail com instru\u00e7\u00f5es de acesso \u00e0 sala de Webconf da UFPel.<\/p>\n<p><span style=\"color: #ff6600\"><a style=\"color: #ff6600\" href=\"https:\/\/wp.ufpel.edu.br\/progep\/files\/2021\/06\/AVC.pdf\">INSCRI\u00c7\u00d5ES HOMOLOGADAS<\/a>:<\/span><\/p>\n","protected":false},"excerpt":{"rendered":"<p>Facilitador: Maur\u00edcio Moraes Data: 25\/06\/2021 (sexta-feira) Hora:\u00a0das 8:30h \u00e0s 10:00h Realiza\u00e7\u00e3o: Plataforma Webconf da UFPel (na modalidade\u00a0on-line) Ementa:\u00a0Defini\u00e7\u00e3o de acidente vascular encef\u00e1lico, caracter\u00edsticas cl\u00ednicas para reconhecimento dos eventos, preven\u00e7\u00e3o e fatores de risco e medidas de preven\u00e7\u00e3o. P\u00fablico Alvo: Servidores docentes e TAE\u2019s ativos* Per\u00edodo de inscri\u00e7\u00e3o: 24\/05 a 22\/06\/2021 Divulga\u00e7\u00e3o das inscri\u00e7\u00f5es homologadas: 24\/06**, [&hellip;]<\/p>\n","protected":false},"author":21,"featured_media":0,"parent":0,"menu_order":0,"comment_status":"closed","ping_status":"closed","template":"","meta":{"footnotes":""},"class_list":["post-17721","page","type-page","status-publish","hentry"],"_links":{"self":[{"href":"https:\/\/wp.ufpel.edu.br\/progep\/wp-json\/wp\/v2\/pages\/17721","targetHints":{"allow":["GET"]}}],"collection":[{"href":"https:\/\/wp.ufpel.edu.br\/progep\/wp-json\/wp\/v2\/pages"}],"about":[{"href":"https:\/\/wp.ufpel.edu.br\/progep\/wp-json\/wp\/v2\/types\/page"}],"author":[{"embeddable":true,"href":"https:\/\/wp.ufpel.edu.br\/progep\/wp-json\/wp\/v2\/users\/21"}],"replies":[{"embeddable":true,"href":"https:\/\/wp.ufpel.edu.br\/progep\/wp-json\/wp\/v2\/comments?post=17721"}],"version-history":[{"count":12,"href":"https:\/\/wp.ufpel.edu.br\/progep\/wp-json\/wp\/v2\/pages\/17721\/revisions"}],"predecessor-version":[{"id":33950,"href":"https:\/\/wp.ufpel.edu.br\/progep\/wp-json\/wp\/v2\/pages\/17721\/revisions\/33950"}],"wp:attachment":[{"href":"https:\/\/wp.ufpel.edu.br\/progep\/wp-json\/wp\/v2\/media?parent=17721"}],"curies":[{"name":"wp","href":"https:\/\/api.w.org\/{rel}","templated":true}]}}