{"id":17539,"date":"2021-05-04T10:19:22","date_gmt":"2021-05-04T13:19:22","guid":{"rendered":"https:\/\/wp.ufpel.edu.br\/progep\/?page_id=17539"},"modified":"2025-06-30T14:09:20","modified_gmt":"2025-06-30T17:09:20","slug":"roda-de-conversa-ferramentas-do-google-para-o-trabalho","status":"publish","type":"page","link":"https:\/\/wp.ufpel.edu.br\/progep\/roda-de-conversa-ferramentas-do-google-para-o-trabalho\/","title":{"rendered":"Capacita\u00e7\u00e3o: Roda de Conversa: Ferramentas do Google para o Trabalho"},"content":{"rendered":"<p><strong>Facilitador: Thomas de Aguiar de Oliveira<\/strong><\/p>\n<p><strong>Data:<\/strong> 21\/05\/2021 (sexta-feira)<\/p>\n<p><strong>Hora:\u00a0<\/strong>das 13:30h \u00e0s 15:30h<\/p>\n<p><strong>Realiza\u00e7\u00e3o:<\/strong>\u00a0plataforma Webconf da UFPel (na modalidade\u00a0<em>on-line)<\/em><\/p>\n<p><strong>Ementa:<\/strong><\/p>\n<p>Nesta roda ser\u00e1 explorado de forma sucinta as principais ferramentas da Suite Google Workspace, tais como: Documentos, Apresenta\u00e7\u00f5es, Planilhas, Drive, Formul\u00e1rios, Gmail, Meet, Atividades e Agenda.<\/p>\n<p><strong>P\u00fablico Alvo<\/strong>: Servidores docentes e TAE\u2019s ativos*<\/p>\n<p><strong>Per\u00edodo de inscri\u00e7\u00e3o<\/strong>: 04\/05 a 18\/05\/2021<\/p>\n<p><strong>Divulga\u00e7\u00e3o das inscri\u00e7\u00f5es homologadas<\/strong>: 19\/05**, nesta p\u00e1gina.<\/p>\n<p>*Considerando a Pol\u00edtica Nacional de Desenvolvimento de Pessoas, conforme Decreto n\u00ba 9.991\/19, somente ser\u00e3o certificados os servidores p\u00fablicos pertencentes ao Quadro Efetivo da UFPel.<\/p>\n<p>**Quando homologadas as inscri\u00e7\u00f5es, os selecionados receber\u00e3o e-mail com instru\u00e7\u00f5es de acesso \u00e0 sala de Webconf da UFPel.<\/p>\n<p><span style=\"color: #ff6600\"><a style=\"color: #ff6600\" href=\"https:\/\/wp.ufpel.edu.br\/progep\/files\/2021\/05\/Homologacao-Ferramentas-do-Google-para-o-Trabalho.pdf\">INSCRI\u00c7\u00d5ES HOMOLOGADAS<\/a><\/span><\/p>\n<p>&nbsp;<\/p>\n<p>&nbsp;<\/p>\n<p>&nbsp;<\/p>\n<p>&nbsp;<\/p>\n<p>&nbsp;<\/p>\n","protected":false},"excerpt":{"rendered":"<p>Facilitador: Thomas de Aguiar de Oliveira Data: 21\/05\/2021 (sexta-feira) Hora:\u00a0das 13:30h \u00e0s 15:30h Realiza\u00e7\u00e3o:\u00a0plataforma Webconf da UFPel (na modalidade\u00a0on-line) Ementa: Nesta roda ser\u00e1 explorado de forma sucinta as principais ferramentas da Suite Google Workspace, tais como: Documentos, Apresenta\u00e7\u00f5es, Planilhas, Drive, Formul\u00e1rios, Gmail, Meet, Atividades e Agenda. P\u00fablico Alvo: Servidores docentes e TAE\u2019s ativos* Per\u00edodo de [&hellip;]<\/p>\n","protected":false},"author":21,"featured_media":0,"parent":0,"menu_order":0,"comment_status":"closed","ping_status":"closed","template":"","meta":{"footnotes":""},"class_list":["post-17539","page","type-page","status-publish","hentry"],"_links":{"self":[{"href":"https:\/\/wp.ufpel.edu.br\/progep\/wp-json\/wp\/v2\/pages\/17539","targetHints":{"allow":["GET"]}}],"collection":[{"href":"https:\/\/wp.ufpel.edu.br\/progep\/wp-json\/wp\/v2\/pages"}],"about":[{"href":"https:\/\/wp.ufpel.edu.br\/progep\/wp-json\/wp\/v2\/types\/page"}],"author":[{"embeddable":true,"href":"https:\/\/wp.ufpel.edu.br\/progep\/wp-json\/wp\/v2\/users\/21"}],"replies":[{"embeddable":true,"href":"https:\/\/wp.ufpel.edu.br\/progep\/wp-json\/wp\/v2\/comments?post=17539"}],"version-history":[{"count":12,"href":"https:\/\/wp.ufpel.edu.br\/progep\/wp-json\/wp\/v2\/pages\/17539\/revisions"}],"predecessor-version":[{"id":33944,"href":"https:\/\/wp.ufpel.edu.br\/progep\/wp-json\/wp\/v2\/pages\/17539\/revisions\/33944"}],"wp:attachment":[{"href":"https:\/\/wp.ufpel.edu.br\/progep\/wp-json\/wp\/v2\/media?parent=17539"}],"curies":[{"name":"wp","href":"https:\/\/api.w.org\/{rel}","templated":true}]}}