{"id":17517,"date":"2021-05-03T10:15:56","date_gmt":"2021-05-03T13:15:56","guid":{"rendered":"https:\/\/wp.ufpel.edu.br\/progep\/?page_id=17517"},"modified":"2025-05-16T09:10:01","modified_gmt":"2025-05-16T12:10:01","slug":"a-atuacao-do-nucleo-de-regulacao-de-cursos-nrc-no-que-tange-aos-processos-de-regulacao-e-avaliacao-externa-dos-cursos-de-graduacao-da-universidade-federal-de-pelotas","status":"publish","type":"page","link":"https:\/\/wp.ufpel.edu.br\/progep\/a-atuacao-do-nucleo-de-regulacao-de-cursos-nrc-no-que-tange-aos-processos-de-regulacao-e-avaliacao-externa-dos-cursos-de-graduacao-da-universidade-federal-de-pelotas\/","title":{"rendered":"Capacita\u00e7\u00e3o: A atua\u00e7\u00e3o do N\u00facleo de Regula\u00e7\u00e3o de Cursos (NRC) no que tange aos processos de regula\u00e7\u00e3o e avalia\u00e7\u00e3o externa dos cursos de gradua\u00e7\u00e3o da Universidade Federal de Pelotas"},"content":{"rendered":"<p><strong>Facilitadores:\u00a0<\/strong>Paula de Oliveira Moitinho Rippel e Maria Luiza Koglin<\/p>\n<p><strong>Data:<\/strong> 18\/05\/2021 (ter\u00e7a-feira)<\/p>\n<p><strong>Hora:\u00a0<\/strong>das 9:00h \u00e0s 11:00h<\/p>\n<p><strong>Realiza\u00e7\u00e3o:<\/strong>\u00a0plataforma Webconf da UFPel (na modalidade\u00a0<em>on-line)<\/em><\/p>\n<p><strong>Ementa:<\/strong><\/p>\n<p style=\"text-align: justify\">Compreens\u00e3o sobre as compet\u00eancias do N\u00facleo de Regula\u00e7\u00e3o de Curso; os processos regulat\u00f3rios (autoriza\u00e7\u00e3o, reconhecimento e renova\u00e7\u00e3o de reconhecimento de cursos de gradua\u00e7\u00e3o; o credenciamento e o recredenciamento Institucional); os processos avaliativos externos (Ciclos avaliativos, visitas in loco e Enade); os conceitos dos cursos da universidade e da institui\u00e7\u00e3o provenientes das avalia\u00e7\u00f5es externas; o cadastro da institui\u00e7\u00e3o e de seus cursos nos sistemas de regula\u00e7\u00e3o e avalia\u00e7\u00e3o do Minist\u00e9rio da Educa\u00e7\u00e3o.<\/p>\n<p><strong>P\u00fablico Alvo<\/strong>: Servidores docentes e TAE\u2019s ativos*<\/p>\n<p><strong>Per\u00edodo de inscri\u00e7\u00e3o<\/strong>: 03\/05 a 13\/05\/2021<\/p>\n<p><strong>Divulga\u00e7\u00e3o das inscri\u00e7\u00f5es homologadas<\/strong>: 14\/05**, nesta p\u00e1gina.<\/p>\n<p>*Considerando a Pol\u00edtica Nacional de Desenvolvimento de Pessoas, conforme Decreto n\u00ba 9.991\/19, somente ser\u00e3o certificados os servidores p\u00fablicos pertencentes ao Quadro Efetivo da UFPel.<\/p>\n<p>**Quando homologadas as inscri\u00e7\u00f5es, os selecionados receber\u00e3o e-mail com instru\u00e7\u00f5es de acesso \u00e0 sala de Webconf da UFPel.<\/p>\n<p><span style=\"color: #ff6600\"><a style=\"color: #ff6600\" href=\"https:\/\/wp.ufpel.edu.br\/progep\/files\/2021\/05\/Homologacao-roda-de-conversa-A-atuacao-do-NRC.pdf\">INSCRI\u00c7\u00d5ES HOMOLOGADAS<\/a><\/span><\/p>\n<p>&nbsp;<\/p>\n<p>&nbsp;<\/p>\n","protected":false},"excerpt":{"rendered":"<p>Facilitadores:\u00a0Paula de Oliveira Moitinho Rippel e Maria Luiza Koglin Data: 18\/05\/2021 (ter\u00e7a-feira) Hora:\u00a0das 9:00h \u00e0s 11:00h Realiza\u00e7\u00e3o:\u00a0plataforma Webconf da UFPel (na modalidade\u00a0on-line) Ementa: Compreens\u00e3o sobre as compet\u00eancias do N\u00facleo de Regula\u00e7\u00e3o de Curso; os processos regulat\u00f3rios (autoriza\u00e7\u00e3o, reconhecimento e renova\u00e7\u00e3o de reconhecimento de cursos de gradua\u00e7\u00e3o; o credenciamento e o recredenciamento Institucional); os processos avaliativos [&hellip;]<\/p>\n","protected":false},"author":21,"featured_media":0,"parent":0,"menu_order":0,"comment_status":"closed","ping_status":"closed","template":"","meta":{"footnotes":""},"class_list":["post-17517","page","type-page","status-publish","hentry"],"_links":{"self":[{"href":"https:\/\/wp.ufpel.edu.br\/progep\/wp-json\/wp\/v2\/pages\/17517","targetHints":{"allow":["GET"]}}],"collection":[{"href":"https:\/\/wp.ufpel.edu.br\/progep\/wp-json\/wp\/v2\/pages"}],"about":[{"href":"https:\/\/wp.ufpel.edu.br\/progep\/wp-json\/wp\/v2\/types\/page"}],"author":[{"embeddable":true,"href":"https:\/\/wp.ufpel.edu.br\/progep\/wp-json\/wp\/v2\/users\/21"}],"replies":[{"embeddable":true,"href":"https:\/\/wp.ufpel.edu.br\/progep\/wp-json\/wp\/v2\/comments?post=17517"}],"version-history":[{"count":7,"href":"https:\/\/wp.ufpel.edu.br\/progep\/wp-json\/wp\/v2\/pages\/17517\/revisions"}],"predecessor-version":[{"id":32544,"href":"https:\/\/wp.ufpel.edu.br\/progep\/wp-json\/wp\/v2\/pages\/17517\/revisions\/32544"}],"wp:attachment":[{"href":"https:\/\/wp.ufpel.edu.br\/progep\/wp-json\/wp\/v2\/media?parent=17517"}],"curies":[{"name":"wp","href":"https:\/\/api.w.org\/{rel}","templated":true}]}}