{"id":17423,"date":"2021-04-22T11:58:39","date_gmt":"2021-04-22T14:58:39","guid":{"rendered":"https:\/\/wp.ufpel.edu.br\/progep\/?page_id=17423"},"modified":"2021-05-03T17:55:39","modified_gmt":"2021-05-03T20:55:39","slug":"capacitacao-em-gestao-patrimonial-de-bens-moveis-na-ufpel","status":"publish","type":"page","link":"https:\/\/wp.ufpel.edu.br\/progep\/capacitacao-em-gestao-patrimonial-de-bens-moveis-na-ufpel\/","title":{"rendered":"Capacita\u00e7\u00e3o em Gest\u00e3o Patrimonial de Bens M\u00f3veis na UFPel"},"content":{"rendered":"<p><strong>Facilitadoras: <\/strong>Eliara Santos da Silva\u00a0 e\u00a0 Marcia Correa Larrossa (T\u00e9cnicas-administrativas da Pr\u00f3-Reitoria Administrativa)<\/p>\n<p><strong>Data:<\/strong> 05\/05\/2021 (quarta-feira)<\/p>\n<p><strong>Hora:\u00a0<\/strong>das 09h \u00e0s 11h<\/p>\n<p><strong>Realiza\u00e7\u00e3o:<\/strong>\u00a0plataforma Webconf da UFPel (na modalidade\u00a0<em>on-line)<\/em><\/p>\n<p><strong>Ementa:\u00a0<\/strong>A capacita\u00e7\u00e3o pretende abordar os seguinte t\u00f3picos:<\/p>\n<p class=\"Texto_Justificado\">1. Responsabilidade sobre o material permanente da Institui\u00e7\u00e3o;<br \/>\n2. Registro de bens m\u00f3veis com recurso de projetos;<br \/>\n3.\u00a0Entrega centralizada dos bens permanentes;<br \/>\n4.\u00a0Transfer\u00eancia de bens entre Unidades;<br \/>\n5. Empr\u00e9stimo de bens entre Unidades;<br \/>\n6.\u00a0Envio de bens \u00e0 URDB\u00a0(Unidade de Recolhimento e Desfazimento de Bens);<br \/>\n7.\u00a0Retirada de bens da URDB (reaproveitamento de bens);<br \/>\n8.\u00a0Manuten\u00e7\u00e3o de Equipamentos;<br \/>\n9. Autoriza\u00e7\u00e3o para sa\u00edda de bem Patrimonial da UFPel;<br \/>\n10. Bens particulares em uso na UFPel;<br \/>\n11. TCA \u2013 Termo Circunstanciado Administrativo;<br \/>\n12.\u00a0Invent\u00e1rio na UFPel.<br \/>\n13. Manual de Gest\u00e3o Patrimonial da UFPel.<\/p>\n<p><strong>P\u00fablico Alvo<\/strong>: Servidores docentes e TAE\u2019s ativos*<\/p>\n<p><strong>N\u00famero de Vagas:<\/strong> 50 vagas (vagas limitadas por ordem de inscri\u00e7\u00e3o)**<\/p>\n<p><strong>Per\u00edodo de inscri\u00e7\u00e3o<\/strong>: 22\/04 a 03\/05\/2021<\/p>\n<p><strong>Divulga\u00e7\u00e3o das inscri\u00e7\u00f5es homologadas<\/strong>: 04\/05***, nesta p\u00e1gina.<\/p>\n<p>*Considerando a Pol\u00edtica Nacional de Desenvolvimento de Pessoas, conforme Decreto n\u00ba 9.991\/19, somente ser\u00e3o certificados os servidores p\u00fablicos pertencentes ao Quadro Efetivo da UFPel.<\/p>\n<p>**Vagas destinadas \u00e0 servidores pertencentes ao Quadro Efetivo da UFPel, preferencialmente.<\/p>\n<p>*** Quando da homologa\u00e7\u00e3o das inscri\u00e7\u00f5es, os selecionados receber\u00e3o e-mail com instru\u00e7\u00f5es de acesso \u00e0 sala de Webconf da UFPel.<\/p>\n<p><span style=\"color: #ff9900\"><a style=\"color: #ff9900\" href=\"https:\/\/wp.ufpel.edu.br\/progep\/files\/2021\/05\/03-05-HOMOLOGACAOI.pdf\">INSCRI\u00c7\u00d5ES HOMOLOGADAS<\/a><\/span><\/p>\n","protected":false},"excerpt":{"rendered":"<p>Facilitadoras: Eliara Santos da Silva\u00a0 e\u00a0 Marcia Correa Larrossa (T\u00e9cnicas-administrativas da Pr\u00f3-Reitoria Administrativa) Data: 05\/05\/2021 (quarta-feira) Hora:\u00a0das 09h \u00e0s 11h Realiza\u00e7\u00e3o:\u00a0plataforma Webconf da UFPel (na modalidade\u00a0on-line) Ementa:\u00a0A capacita\u00e7\u00e3o pretende abordar os seguinte t\u00f3picos: 1. Responsabilidade sobre o material permanente da Institui\u00e7\u00e3o; 2. Registro de bens m\u00f3veis com recurso de projetos; 3.\u00a0Entrega centralizada dos bens permanentes; [&hellip;]<\/p>\n","protected":false},"author":21,"featured_media":0,"parent":0,"menu_order":0,"comment_status":"closed","ping_status":"closed","template":"","meta":{"footnotes":""},"class_list":["post-17423","page","type-page","status-publish","hentry"],"_links":{"self":[{"href":"https:\/\/wp.ufpel.edu.br\/progep\/wp-json\/wp\/v2\/pages\/17423","targetHints":{"allow":["GET"]}}],"collection":[{"href":"https:\/\/wp.ufpel.edu.br\/progep\/wp-json\/wp\/v2\/pages"}],"about":[{"href":"https:\/\/wp.ufpel.edu.br\/progep\/wp-json\/wp\/v2\/types\/page"}],"author":[{"embeddable":true,"href":"https:\/\/wp.ufpel.edu.br\/progep\/wp-json\/wp\/v2\/users\/21"}],"replies":[{"embeddable":true,"href":"https:\/\/wp.ufpel.edu.br\/progep\/wp-json\/wp\/v2\/comments?post=17423"}],"version-history":[{"count":6,"href":"https:\/\/wp.ufpel.edu.br\/progep\/wp-json\/wp\/v2\/pages\/17423\/revisions"}],"predecessor-version":[{"id":17535,"href":"https:\/\/wp.ufpel.edu.br\/progep\/wp-json\/wp\/v2\/pages\/17423\/revisions\/17535"}],"wp:attachment":[{"href":"https:\/\/wp.ufpel.edu.br\/progep\/wp-json\/wp\/v2\/media?parent=17423"}],"curies":[{"name":"wp","href":"https:\/\/api.w.org\/{rel}","templated":true}]}}