{"id":17421,"date":"2021-04-22T11:52:32","date_gmt":"2021-04-22T14:52:32","guid":{"rendered":"https:\/\/wp.ufpel.edu.br\/progep\/?page_id=17421"},"modified":"2025-06-30T14:09:09","modified_gmt":"2025-06-30T17:09:09","slug":"capacita-na-web-saude-mental-da-comunidade-universitaria","status":"publish","type":"page","link":"https:\/\/wp.ufpel.edu.br\/progep\/capacita-na-web-saude-mental-da-comunidade-universitaria\/","title":{"rendered":"Capacita\u00e7\u00e3o: Capacita na web: Sa\u00fade mental da comunidade universit\u00e1ria"},"content":{"rendered":"<p><strong>Facilitadores: <\/strong>Mateus Luz Levandowski e Tiago Neuenfeld Munhoz (Professores da Faculdade de Medicina)<\/p>\n<p><strong>Data:<\/strong> 06\/05\/2021 (quinta-feira)<\/p>\n<p><strong>Hora:\u00a0<\/strong>das 14h30min \u00e0s 16h30min<\/p>\n<p><strong>Realiza\u00e7\u00e3o:<\/strong>\u00a0plataforma Webconf da UFPel (na modalidade\u00a0<em>on-line)<\/em><\/p>\n<p><strong>Ementa:\u00a0<\/strong>Entendendo sobre Sa\u00fade\u00a0Mental. Preval\u00eancia de sintomas de ansiedade e depress\u00e3o na comunidade universit\u00e1ria. Estrat\u00e9gias de enfrentamento em sa\u00fade mental.<\/p>\n<p><strong>P\u00fablico Alvo<\/strong>: Servidores docentes e TAE\u2019s ativos*<\/p>\n<p><strong>Per\u00edodo de inscri\u00e7\u00e3o<\/strong>: 22\/04 a 03\/05\/2021<\/p>\n<p><strong>Divulga\u00e7\u00e3o das inscri\u00e7\u00f5es homologadas<\/strong>: 04\/05**, nesta p\u00e1gina.<\/p>\n<p>*Considerando a Pol\u00edtica Nacional de Desenvolvimento de Pessoas, conforme Decreto n\u00ba 9.991\/19, somente ser\u00e3o certificados os servidores p\u00fablicos pertencentes ao Quadro Efetivo da UFPel.<\/p>\n<p>**Quando homologadas as inscri\u00e7\u00f5es, os selecionados receber\u00e3o e-mail com instru\u00e7\u00f5es de acesso \u00e0 sala de Webconf da UFPel.<\/p>\n<p><span style=\"color: #ff6600\"><a style=\"color: #ff6600\" href=\"https:\/\/wp.ufpel.edu.br\/progep\/files\/2021\/05\/04-05-HOMOLOGACAO-Saude-Mental.pdf\">INSCRI\u00c7\u00d5ES HOMOLOGADAS<\/a><\/span><\/p>\n<p>&nbsp;<\/p>\n","protected":false},"excerpt":{"rendered":"<p>Facilitadores: Mateus Luz Levandowski e Tiago Neuenfeld Munhoz (Professores da Faculdade de Medicina) Data: 06\/05\/2021 (quinta-feira) Hora:\u00a0das 14h30min \u00e0s 16h30min Realiza\u00e7\u00e3o:\u00a0plataforma Webconf da UFPel (na modalidade\u00a0on-line) Ementa:\u00a0Entendendo sobre Sa\u00fade\u00a0Mental. Preval\u00eancia de sintomas de ansiedade e depress\u00e3o na comunidade universit\u00e1ria. Estrat\u00e9gias de enfrentamento em sa\u00fade mental. P\u00fablico Alvo: Servidores docentes e TAE\u2019s ativos* Per\u00edodo de inscri\u00e7\u00e3o: [&hellip;]<\/p>\n","protected":false},"author":21,"featured_media":0,"parent":0,"menu_order":0,"comment_status":"closed","ping_status":"closed","template":"","meta":{"footnotes":""},"class_list":["post-17421","page","type-page","status-publish","hentry"],"_links":{"self":[{"href":"https:\/\/wp.ufpel.edu.br\/progep\/wp-json\/wp\/v2\/pages\/17421","targetHints":{"allow":["GET"]}}],"collection":[{"href":"https:\/\/wp.ufpel.edu.br\/progep\/wp-json\/wp\/v2\/pages"}],"about":[{"href":"https:\/\/wp.ufpel.edu.br\/progep\/wp-json\/wp\/v2\/types\/page"}],"author":[{"embeddable":true,"href":"https:\/\/wp.ufpel.edu.br\/progep\/wp-json\/wp\/v2\/users\/21"}],"replies":[{"embeddable":true,"href":"https:\/\/wp.ufpel.edu.br\/progep\/wp-json\/wp\/v2\/comments?post=17421"}],"version-history":[{"count":4,"href":"https:\/\/wp.ufpel.edu.br\/progep\/wp-json\/wp\/v2\/pages\/17421\/revisions"}],"predecessor-version":[{"id":33942,"href":"https:\/\/wp.ufpel.edu.br\/progep\/wp-json\/wp\/v2\/pages\/17421\/revisions\/33942"}],"wp:attachment":[{"href":"https:\/\/wp.ufpel.edu.br\/progep\/wp-json\/wp\/v2\/media?parent=17421"}],"curies":[{"name":"wp","href":"https:\/\/api.w.org\/{rel}","templated":true}]}}