{"id":17388,"date":"2021-04-19T10:30:08","date_gmt":"2021-04-19T13:30:08","guid":{"rendered":"https:\/\/wp.ufpel.edu.br\/progep\/?page_id=17388"},"modified":"2025-06-30T14:09:03","modified_gmt":"2025-06-30T17:09:03","slug":"capacita-na-web-trajetoria-e-perspectivas-para-a-universidade-contextos-e-desafios","status":"publish","type":"page","link":"https:\/\/wp.ufpel.edu.br\/progep\/capacita-na-web-trajetoria-e-perspectivas-para-a-universidade-contextos-e-desafios\/","title":{"rendered":"Capacita\u00e7\u00e3o: Capacita na web: Trajet\u00f3ria e perspectivas para a Universidade: contextos e desafios"},"content":{"rendered":"<p><strong>Facilitadora:\u00a0<\/strong> Prof\u00aa. Maria Isabel da Cunha<\/p>\n<p><strong>Data:<\/strong> 30\/04\/2021 (sexta-feira)<\/p>\n<p><strong>Hora:\u00a0<\/strong>das 14h \u00e0s 15h30min<\/p>\n<p><strong>Realiza\u00e7\u00e3o:<\/strong>\u00a0plataforma Webconf da UFPel (na modalidade\u00a0<em>on-line)<\/em><\/p>\n<p><strong>Ementa:\u00a0<\/strong>A Universidade e seus desafios contempor\u00e2neos.\u00a0\u00a0A forma\u00e7\u00e3o referenciada na qualidade acad\u00eamica e no compromisso social. Um Projeto Pedag\u00f3gico orientador da forma\u00e7\u00e3o. Novos paradigmas para o ensinar e o aprender.<\/p>\n<p><strong>P\u00fablico Alvo<\/strong>: Servidores docentes e TAE\u2019s ativos*<\/p>\n<p><strong>Per\u00edodo de inscri\u00e7\u00e3o<\/strong>: 19\/04 a 28\/04\/2021<\/p>\n<p><strong>Divulga\u00e7\u00e3o das inscri\u00e7\u00f5es homologadas<\/strong>: 29\/04**, nesta p\u00e1gina.<\/p>\n<p>*Considerando a Pol\u00edtica Nacional de Desenvolvimento de Pessoas, conforme Decreto n\u00ba 9.991\/19, somente ser\u00e3o certificados os servidores p\u00fablicos pertencentes ao Quadro Efetivo da UFPel.<\/p>\n<p>**Quando homologadas as inscri\u00e7\u00f5es, os selecionados receber\u00e3o e-mail com instru\u00e7\u00f5es de acesso \u00e0 sala de Webconf da UFPel.<\/p>\n<p><strong><span style=\"color: #ff6600\"><a style=\"color: #ff6600\" href=\"https:\/\/wp.ufpel.edu.br\/progep\/files\/2021\/04\/Trajetoria-e-perspectivas-para-a-Universidade-contextos-e-desafios.pdf\">INSCRI\u00c7\u00d5ES HOMOLOGADAS<\/a><\/span><\/strong><\/p>\n","protected":false},"excerpt":{"rendered":"<p>Facilitadora:\u00a0 Prof\u00aa. Maria Isabel da Cunha Data: 30\/04\/2021 (sexta-feira) Hora:\u00a0das 14h \u00e0s 15h30min Realiza\u00e7\u00e3o:\u00a0plataforma Webconf da UFPel (na modalidade\u00a0on-line) Ementa:\u00a0A Universidade e seus desafios contempor\u00e2neos.\u00a0\u00a0A forma\u00e7\u00e3o referenciada na qualidade acad\u00eamica e no compromisso social. Um Projeto Pedag\u00f3gico orientador da forma\u00e7\u00e3o. Novos paradigmas para o ensinar e o aprender. P\u00fablico Alvo: Servidores docentes e TAE\u2019s ativos* [&hellip;]<\/p>\n","protected":false},"author":21,"featured_media":0,"parent":0,"menu_order":0,"comment_status":"closed","ping_status":"closed","template":"","meta":{"footnotes":""},"class_list":["post-17388","page","type-page","status-publish","hentry"],"_links":{"self":[{"href":"https:\/\/wp.ufpel.edu.br\/progep\/wp-json\/wp\/v2\/pages\/17388","targetHints":{"allow":["GET"]}}],"collection":[{"href":"https:\/\/wp.ufpel.edu.br\/progep\/wp-json\/wp\/v2\/pages"}],"about":[{"href":"https:\/\/wp.ufpel.edu.br\/progep\/wp-json\/wp\/v2\/types\/page"}],"author":[{"embeddable":true,"href":"https:\/\/wp.ufpel.edu.br\/progep\/wp-json\/wp\/v2\/users\/21"}],"replies":[{"embeddable":true,"href":"https:\/\/wp.ufpel.edu.br\/progep\/wp-json\/wp\/v2\/comments?post=17388"}],"version-history":[{"count":5,"href":"https:\/\/wp.ufpel.edu.br\/progep\/wp-json\/wp\/v2\/pages\/17388\/revisions"}],"predecessor-version":[{"id":33941,"href":"https:\/\/wp.ufpel.edu.br\/progep\/wp-json\/wp\/v2\/pages\/17388\/revisions\/33941"}],"wp:attachment":[{"href":"https:\/\/wp.ufpel.edu.br\/progep\/wp-json\/wp\/v2\/media?parent=17388"}],"curies":[{"name":"wp","href":"https:\/\/api.w.org\/{rel}","templated":true}]}}