{"id":17366,"date":"2021-04-16T10:53:03","date_gmt":"2021-04-16T13:53:03","guid":{"rendered":"https:\/\/wp.ufpel.edu.br\/progep\/?page_id=17366"},"modified":"2025-06-30T14:08:57","modified_gmt":"2025-06-30T17:08:57","slug":"capacita-na-web-qual-docencia-faz-sentido-hoje","status":"publish","type":"page","link":"https:\/\/wp.ufpel.edu.br\/progep\/capacita-na-web-qual-docencia-faz-sentido-hoje\/","title":{"rendered":"Capacita\u00e7\u00e3o: Capacita na web: Qual doc\u00eancia faz sentido hoje?"},"content":{"rendered":"<p><strong>Facilitadora: <\/strong>Prof\u00aa<strong>. <\/strong>Denise Nascimento Silveira do Instituto de F\u00edsica e Matem\u00e1tica &#8211; IFM<\/p>\n<p><strong>Data:<\/strong> 27\/04\/2021 (ter\u00e7a-feira)<\/p>\n<p><strong>Hora:\u00a0<\/strong>das 09h30min \u00e0s 11h30min<\/p>\n<p><strong>Realiza\u00e7\u00e3o:<\/strong>\u00a0plataforma Webconf da UFPel (na modalidade\u00a0<em>on-line)<\/em><\/p>\n<p><strong>Ementa:\u00a0<\/strong>Nesses tempos de pandemia temos infinitas interroga\u00e7\u00f5es e todos n\u00f3s que constitu\u00edmos os processos de doc\u00eancia em nossa casa \u2013 a UFPEL \u2013 nos sentimos inseguros, tateando em um terreno desconhecido para todos. E, a arte pela poesia pode ajudar; assim recorrendo a Manuel de Barros, para traduzir o sentimento em rela\u00e7\u00e3o a essa situa\u00e7\u00e3o: carregamos \u00e1gua em uma peneira. Conversar sobre a doc\u00eancia, em qualquer tempo, sempre \u00e9 complexo, nos dias atuais, mais dif\u00edcil se torna qualquer abordagem. Considerando o que a hist\u00f3ria \u00e9 \u201cum ferramental para a consci\u00eancia\u201d, \u00a0podemos recorrer a mem\u00f3ria de outros tempos para a partir do que foi vivido, possamos trazer algumas refer\u00eancias para nossos dias e\u00a0 para um futuro poss\u00edvel!<\/p>\n<p><strong>P\u00fablico Alvo<\/strong>: Servidores docentes e TAE\u2019s ativos*<\/p>\n<p><strong>Per\u00edodo de inscri\u00e7\u00e3o<\/strong>: 16\/04 a 25\/04\/2021<\/p>\n<p><strong>Divulga\u00e7\u00e3o das inscri\u00e7\u00f5es homologadas<\/strong>: 26\/04**, nesta p\u00e1gina.<\/p>\n<p>*Considerando a Pol\u00edtica Nacional de Desenvolvimento de Pessoas, conforme Decreto n\u00ba 9.991\/19, somente ser\u00e3o certificados os servidores p\u00fablicos pertencentes ao Quadro Efetivo da UFPel.<\/p>\n<p><span style=\"color: #ff6600\"><a style=\"color: #ff6600\" href=\"https:\/\/wp.ufpel.edu.br\/progep\/files\/2021\/04\/Roda-de-conversa-Qual-docencia-faz-sentido-I.pdf\">INSCRI\u00c7\u00d5ES HOMOLOGADAS<\/a><\/span><\/p>\n","protected":false},"excerpt":{"rendered":"<p>Facilitadora: Prof\u00aa. Denise Nascimento Silveira do Instituto de F\u00edsica e Matem\u00e1tica &#8211; IFM Data: 27\/04\/2021 (ter\u00e7a-feira) Hora:\u00a0das 09h30min \u00e0s 11h30min Realiza\u00e7\u00e3o:\u00a0plataforma Webconf da UFPel (na modalidade\u00a0on-line) Ementa:\u00a0Nesses tempos de pandemia temos infinitas interroga\u00e7\u00f5es e todos n\u00f3s que constitu\u00edmos os processos de doc\u00eancia em nossa casa \u2013 a UFPEL \u2013 nos sentimos inseguros, tateando em um [&hellip;]<\/p>\n","protected":false},"author":21,"featured_media":0,"parent":0,"menu_order":0,"comment_status":"closed","ping_status":"closed","template":"","meta":{"footnotes":""},"class_list":["post-17366","page","type-page","status-publish","hentry"],"_links":{"self":[{"href":"https:\/\/wp.ufpel.edu.br\/progep\/wp-json\/wp\/v2\/pages\/17366","targetHints":{"allow":["GET"]}}],"collection":[{"href":"https:\/\/wp.ufpel.edu.br\/progep\/wp-json\/wp\/v2\/pages"}],"about":[{"href":"https:\/\/wp.ufpel.edu.br\/progep\/wp-json\/wp\/v2\/types\/page"}],"author":[{"embeddable":true,"href":"https:\/\/wp.ufpel.edu.br\/progep\/wp-json\/wp\/v2\/users\/21"}],"replies":[{"embeddable":true,"href":"https:\/\/wp.ufpel.edu.br\/progep\/wp-json\/wp\/v2\/comments?post=17366"}],"version-history":[{"count":7,"href":"https:\/\/wp.ufpel.edu.br\/progep\/wp-json\/wp\/v2\/pages\/17366\/revisions"}],"predecessor-version":[{"id":33940,"href":"https:\/\/wp.ufpel.edu.br\/progep\/wp-json\/wp\/v2\/pages\/17366\/revisions\/33940"}],"wp:attachment":[{"href":"https:\/\/wp.ufpel.edu.br\/progep\/wp-json\/wp\/v2\/media?parent=17366"}],"curies":[{"name":"wp","href":"https:\/\/api.w.org\/{rel}","templated":true}]}}