{"id":17339,"date":"2021-04-12T16:23:14","date_gmt":"2021-04-12T19:23:14","guid":{"rendered":"https:\/\/wp.ufpel.edu.br\/progep\/?page_id=17339"},"modified":"2025-06-30T14:08:46","modified_gmt":"2025-06-30T17:08:46","slug":"capacita-na-web-engajamento-ativo-dos-estudantes-no-contexto-do-ensino-remoto","status":"publish","type":"page","link":"https:\/\/wp.ufpel.edu.br\/progep\/capacita-na-web-engajamento-ativo-dos-estudantes-no-contexto-do-ensino-remoto\/","title":{"rendered":"Capacita\u00e7\u00e3o: Capacita na web: Engajamento ativo dos estudantes no contexto do Ensino Remoto"},"content":{"rendered":"<p><strong>Facilitadores: <\/strong>Maria Isabel Giusti Moreira e\u00a0<span class=\"v1gmail-aCOpRe\">Maykon Gon\u00e7alves M\u00fcller ( Professores do IFSUL )<\/span><\/p>\n<p><strong>Data:<\/strong> 28\/04\/2021 (quarta-feira)<\/p>\n<p><strong>Hora:\u00a0<\/strong>das 14h \u00e0s 16h<\/p>\n<p><strong>Realiza\u00e7\u00e3o:<\/strong>\u00a0plataforma Webconf da UFPel (na modalidade\u00a0<em>on-line)<\/em><\/p>\n<p><strong>Ementa:<br \/>\n<\/strong><\/p>\n<ol>\n<li>Situa\u00e7\u00e3o do Ensino Tradicional<\/li>\n<li>Resgate Hist\u00f3rico das Metodologias Ativas<\/li>\n<li>Contexto do Ensino Remoto<\/li>\n<li>Tecnologias para o Ensino Remoto (RNP, AVA&#8230;.)<\/li>\n<li>\u00a0Propostas de Case no Ensino Remoto<\/li>\n<\/ol>\n<p><strong>P\u00fablico Alvo<\/strong>: Servidores docentes e TAE\u2019s ativos*<\/p>\n<p><strong>Per\u00edodo de inscri\u00e7\u00e3o<\/strong>: 12\/04 a 23\/04\/2021<\/p>\n<p><strong>Divulga\u00e7\u00e3o das inscri\u00e7\u00f5es homologadas<\/strong>: 26\/04**, nesta p\u00e1gina.<\/p>\n<p>*Considerando a Pol\u00edtica Nacional de Desenvolvimento de Pessoas, conforme Decreto n\u00ba 9.991\/19, somente ser\u00e3o certificados os servidores p\u00fablicos pertencentes ao Quadro Efetivo da UFPel.<\/p>\n<p>**Quando homologadas as inscri\u00e7\u00f5es, os selecionados receber\u00e3o e-mail com instru\u00e7\u00f5es de acesso \u00e0 sala de Webconf da UFPel.<\/p>\n<p><span style=\"color: #ff6600\"><a style=\"color: #ff6600\" href=\"https:\/\/wp.ufpel.edu.br\/progep\/files\/2021\/04\/Engajamento-Ativo.pdf\">INSCRI\u00c7\u00d5ES HOMOLOGADAS<\/a><\/span><\/p>\n","protected":false},"excerpt":{"rendered":"<p>Facilitadores: Maria Isabel Giusti Moreira e\u00a0Maykon Gon\u00e7alves M\u00fcller ( Professores do IFSUL ) Data: 28\/04\/2021 (quarta-feira) Hora:\u00a0das 14h \u00e0s 16h Realiza\u00e7\u00e3o:\u00a0plataforma Webconf da UFPel (na modalidade\u00a0on-line) Ementa: Situa\u00e7\u00e3o do Ensino Tradicional Resgate Hist\u00f3rico das Metodologias Ativas Contexto do Ensino Remoto Tecnologias para o Ensino Remoto (RNP, AVA&#8230;.) \u00a0Propostas de Case no Ensino Remoto P\u00fablico Alvo: [&hellip;]<\/p>\n","protected":false},"author":21,"featured_media":0,"parent":0,"menu_order":0,"comment_status":"closed","ping_status":"closed","template":"","meta":{"footnotes":""},"class_list":["post-17339","page","type-page","status-publish","hentry"],"_links":{"self":[{"href":"https:\/\/wp.ufpel.edu.br\/progep\/wp-json\/wp\/v2\/pages\/17339","targetHints":{"allow":["GET"]}}],"collection":[{"href":"https:\/\/wp.ufpel.edu.br\/progep\/wp-json\/wp\/v2\/pages"}],"about":[{"href":"https:\/\/wp.ufpel.edu.br\/progep\/wp-json\/wp\/v2\/types\/page"}],"author":[{"embeddable":true,"href":"https:\/\/wp.ufpel.edu.br\/progep\/wp-json\/wp\/v2\/users\/21"}],"replies":[{"embeddable":true,"href":"https:\/\/wp.ufpel.edu.br\/progep\/wp-json\/wp\/v2\/comments?post=17339"}],"version-history":[{"count":6,"href":"https:\/\/wp.ufpel.edu.br\/progep\/wp-json\/wp\/v2\/pages\/17339\/revisions"}],"predecessor-version":[{"id":33939,"href":"https:\/\/wp.ufpel.edu.br\/progep\/wp-json\/wp\/v2\/pages\/17339\/revisions\/33939"}],"wp:attachment":[{"href":"https:\/\/wp.ufpel.edu.br\/progep\/wp-json\/wp\/v2\/media?parent=17339"}],"curies":[{"name":"wp","href":"https:\/\/api.w.org\/{rel}","templated":true}]}}