{"id":17283,"date":"2021-04-07T22:23:28","date_gmt":"2021-04-08T01:23:28","guid":{"rendered":"https:\/\/wp.ufpel.edu.br\/progep\/?page_id=17283"},"modified":"2022-08-01T14:08:02","modified_gmt":"2022-08-01T17:08:02","slug":"informacoes-de-pessoal","status":"publish","type":"page","link":"https:\/\/wp.ufpel.edu.br\/progep\/informacoes-de-pessoal\/","title":{"rendered":"Informa\u00e7\u00f5es de pessoal"},"content":{"rendered":"<p>Quantitativo de servidores em trabalho remoto (Instru\u00e7\u00e3o Normativa SGP\/SEDGG\/ME n\u00ba 37\/2021):<br \/>\nT\u00e9cnicos: em torno de 19% por m\u00eas (237 t\u00e9cnicos de 1223 em junho\/2022)<br \/>\nDocentes: em torno de 17% por m\u00eas (248 docentes de 1463 em junho\/2022)<\/p>\n<p><a href=\"https:\/\/wp.ufpel.edu.br\/progep\/administracao-de-pessoal\/banco-de-professor-equivalente\/\">Banco de Professor Equivalente<\/a><\/p>\n<p><a href=\"https:\/\/wp.ufpel.edu.br\/progep\/quadro-de-referencias-de-ta%e2%80%99s\/\">Quadro de Refer\u00eancia de Servidores T\u00e9cnico Administrativos<\/a><\/p>\n<p><a href=\"https:\/\/cobalto.ufpel.edu.br\/portal\/consultas\/listaservidores\">Lista de servidores<\/a><\/p>\n","protected":false},"excerpt":{"rendered":"<p>Quantitativo de servidores em trabalho remoto (Instru\u00e7\u00e3o Normativa SGP\/SEDGG\/ME n\u00ba 37\/2021): T\u00e9cnicos: em torno de 19% por m\u00eas (237 t\u00e9cnicos de 1223 em junho\/2022) Docentes: em torno de 17% por m\u00eas (248 docentes de 1463 em junho\/2022) Banco de Professor Equivalente Quadro de Refer\u00eancia de Servidores T\u00e9cnico Administrativos Lista de servidores<\/p>\n","protected":false},"author":52,"featured_media":0,"parent":0,"menu_order":0,"comment_status":"closed","ping_status":"closed","template":"","meta":{"footnotes":""},"class_list":["post-17283","page","type-page","status-publish","hentry"],"_links":{"self":[{"href":"https:\/\/wp.ufpel.edu.br\/progep\/wp-json\/wp\/v2\/pages\/17283","targetHints":{"allow":["GET"]}}],"collection":[{"href":"https:\/\/wp.ufpel.edu.br\/progep\/wp-json\/wp\/v2\/pages"}],"about":[{"href":"https:\/\/wp.ufpel.edu.br\/progep\/wp-json\/wp\/v2\/types\/page"}],"author":[{"embeddable":true,"href":"https:\/\/wp.ufpel.edu.br\/progep\/wp-json\/wp\/v2\/users\/52"}],"replies":[{"embeddable":true,"href":"https:\/\/wp.ufpel.edu.br\/progep\/wp-json\/wp\/v2\/comments?post=17283"}],"version-history":[{"count":15,"href":"https:\/\/wp.ufpel.edu.br\/progep\/wp-json\/wp\/v2\/pages\/17283\/revisions"}],"predecessor-version":[{"id":20883,"href":"https:\/\/wp.ufpel.edu.br\/progep\/wp-json\/wp\/v2\/pages\/17283\/revisions\/20883"}],"wp:attachment":[{"href":"https:\/\/wp.ufpel.edu.br\/progep\/wp-json\/wp\/v2\/media?parent=17283"}],"curies":[{"name":"wp","href":"https:\/\/api.w.org\/{rel}","templated":true}]}}