{"id":17143,"date":"2021-03-24T10:10:48","date_gmt":"2021-03-24T13:10:48","guid":{"rendered":"https:\/\/wp.ufpel.edu.br\/progep\/?page_id=17143"},"modified":"2025-06-30T14:07:41","modified_gmt":"2025-06-30T17:07:41","slug":"roda-de-conversa-planejar-o-tempo-no-home-office-o-desafio-de-equilibrar-os-pratos-da-vida","status":"publish","type":"page","link":"https:\/\/wp.ufpel.edu.br\/progep\/roda-de-conversa-planejar-o-tempo-no-home-office-o-desafio-de-equilibrar-os-pratos-da-vida\/","title":{"rendered":"Capacita\u00e7\u00e3o: Roda de conversa Planejar o tempo no home office: o desafio de equilibrar os pratos da vida"},"content":{"rendered":"<p><strong>Facilitadora:\u00a0<\/strong>Prof\u00aa. Simone Portella Teixeira de Mello<\/p>\n<p><strong>Data:<\/strong> 13\/04\/2021 (ter\u00e7a-feira)<\/p>\n<p><strong>Hora:\u00a0<\/strong>das 09h \u00e0s 11h<\/p>\n<p><strong>Realiza\u00e7\u00e3o:<\/strong>\u00a0plataforma Webconf da UFPel (na modalidade\u00a0<em>on-line)<\/em><\/p>\n<p><strong>Ementa:<br \/>\n<\/strong>Compreender o planejamento na gest\u00e3o do tempo. Trabalho em homeoffice e Tempo Livre Produtivo. Prioridades e Necessidades diante da atual Pandemia. T\u00e9cnicas que ajudam na gest\u00e3o do tempo. O tempo n\u00e3o para, o tempo n\u00e3o volta.<strong><br \/>\n<\/strong><\/p>\n<p><strong>P\u00fablico Alvo<\/strong>: Servidores docentes e TAE\u2019s ativos*<\/p>\n<p><strong>Per\u00edodo de inscri\u00e7\u00e3o<\/strong>: 24\/03 a 08\/04\/2021<\/p>\n<p><strong>Divulga\u00e7\u00e3o das inscri\u00e7\u00f5es homologadas<\/strong>: 09\/04**, nesta p\u00e1gina.<\/p>\n<p>*Considerando a Pol\u00edtica Nacional de Desenvolvimento de Pessoas, conforme Decreto n\u00ba 9.991\/19, somente ser\u00e3o certificados os <strong>servidores p\u00fablicos pertencentes ao Quadro Efetivo da UFPel<\/strong>.<\/p>\n<p>**Quando homologadas as inscri\u00e7\u00f5es, os selecionados receber\u00e3o e-mail com instru\u00e7\u00f5es de acesso \u00e0 sala de Webconf da UFPel.<\/p>\n<p><strong><span style=\"color: #ff6600\"><a style=\"color: #ff6600\" href=\"https:\/\/wp.ufpel.edu.br\/progep\/files\/2021\/04\/Planejar-o-tempo-no-home-office-o-desafio-de-equilibrar-os-pratos-da-vida.pdf\">INSCRI\u00c7\u00d5ES HOMOLOGADAS<\/a><\/span><\/strong><\/p>\n<p><a href=\"https:\/\/wp.ufpel.edu.br\/progep\/files\/2020\/11\/simbolo-acessivel-em-libras.jpg\"><img class=\"wp-image-16700 aligncenter\" src=\"https:\/\/wp.ufpel.edu.br\/progep\/files\/2020\/11\/simbolo-acessivel-em-libras-266x400.jpg\" alt=\"\" width=\"138\" height=\"207\" srcset=\"https:\/\/wp.ufpel.edu.br\/progep\/files\/2020\/11\/simbolo-acessivel-em-libras-266x400.jpg 266w, https:\/\/wp.ufpel.edu.br\/progep\/files\/2020\/11\/simbolo-acessivel-em-libras.jpg 469w\" sizes=\"(max-width: 138px) 100vw, 138px\" \/><\/a><\/p>\n","protected":false},"excerpt":{"rendered":"<p>Facilitadora:\u00a0Prof\u00aa. Simone Portella Teixeira de Mello Data: 13\/04\/2021 (ter\u00e7a-feira) Hora:\u00a0das 09h \u00e0s 11h Realiza\u00e7\u00e3o:\u00a0plataforma Webconf da UFPel (na modalidade\u00a0on-line) Ementa: Compreender o planejamento na gest\u00e3o do tempo. Trabalho em homeoffice e Tempo Livre Produtivo. Prioridades e Necessidades diante da atual Pandemia. T\u00e9cnicas que ajudam na gest\u00e3o do tempo. O tempo n\u00e3o para, o tempo n\u00e3o [&hellip;]<\/p>\n","protected":false},"author":21,"featured_media":0,"parent":0,"menu_order":0,"comment_status":"closed","ping_status":"closed","template":"","meta":{"footnotes":""},"class_list":["post-17143","page","type-page","status-publish","hentry"],"_links":{"self":[{"href":"https:\/\/wp.ufpel.edu.br\/progep\/wp-json\/wp\/v2\/pages\/17143","targetHints":{"allow":["GET"]}}],"collection":[{"href":"https:\/\/wp.ufpel.edu.br\/progep\/wp-json\/wp\/v2\/pages"}],"about":[{"href":"https:\/\/wp.ufpel.edu.br\/progep\/wp-json\/wp\/v2\/types\/page"}],"author":[{"embeddable":true,"href":"https:\/\/wp.ufpel.edu.br\/progep\/wp-json\/wp\/v2\/users\/21"}],"replies":[{"embeddable":true,"href":"https:\/\/wp.ufpel.edu.br\/progep\/wp-json\/wp\/v2\/comments?post=17143"}],"version-history":[{"count":7,"href":"https:\/\/wp.ufpel.edu.br\/progep\/wp-json\/wp\/v2\/pages\/17143\/revisions"}],"predecessor-version":[{"id":33934,"href":"https:\/\/wp.ufpel.edu.br\/progep\/wp-json\/wp\/v2\/pages\/17143\/revisions\/33934"}],"wp:attachment":[{"href":"https:\/\/wp.ufpel.edu.br\/progep\/wp-json\/wp\/v2\/media?parent=17143"}],"curies":[{"name":"wp","href":"https:\/\/api.w.org\/{rel}","templated":true}]}}