{"id":17095,"date":"2021-03-16T10:09:06","date_gmt":"2021-03-16T13:09:06","guid":{"rendered":"https:\/\/wp.ufpel.edu.br\/progep\/?page_id=17095"},"modified":"2025-06-30T13:45:07","modified_gmt":"2025-06-30T16:45:07","slug":"roda-de-conversa-acolhimento-aos-ingressantes-e-estudantes-veteranos-estrategias-de-dialogo-em-tempos-de-calendario-academico-remoto","status":"publish","type":"page","link":"https:\/\/wp.ufpel.edu.br\/progep\/roda-de-conversa-acolhimento-aos-ingressantes-e-estudantes-veteranos-estrategias-de-dialogo-em-tempos-de-calendario-academico-remoto\/","title":{"rendered":"Capacita\u00e7\u00e3o: Roda de conversa: Acolhimento aos ingressantes e estudantes veteranos: Estrat\u00e9gias de di\u00e1logo em tempos de Calend\u00e1rio Acad\u00eamico Remoto"},"content":{"rendered":"<p><strong>Facilitadores: <\/strong>Priscilla Teixeira da Silva (T\u00e9cnica-Administrativa); Isabel Cristina Rosa Barros Rasia (docente); Danielle Guerreiro da Rosa (discente)<\/p>\n<p><strong>Data:<\/strong> 31\/03\/2021 (quarta-feira)<\/p>\n<p><strong>Hora:\u00a0<\/strong>das 17h \u00e0s 18h30min<\/p>\n<p><strong>Realiza\u00e7\u00e3o:<\/strong>\u00a0plataforma Webconf da UFPel (na modalidade\u00a0<em>on-line)<\/em><\/p>\n<p style=\"text-align: justify\"><strong>Ementa:\u00a0<\/strong>Discuss\u00e3o da import\u00e2ncia do acolhimento ao estudante ingressante e veterano na unidade acad\u00eamica, abordando possibilidades e momentos de integra\u00e7\u00e3o entre toda a comunidade (docentes, TAES e Estudantes). Possibilidades de integra\u00e7\u00e3o \u00e0 UFPEL e a unidade acad\u00eamica, a partir do contexto pand\u00eamico e a implementa\u00e7\u00e3o do calend\u00e1rio acad\u00eamico remoto.\u00a0 Case: A\u00e7\u00f5es de acolhimento e aproxima\u00e7\u00e3o digital desenvolvidas pelo Centro de Ci\u00eancias Socio-Organizacionais \u2013 CCSO, por meio do Projeto Unificado de Ensino Acolhida FAT: Semana Integrada de Acolhida, Caf\u00e9 com a Dire\u00e7\u00e3o, Conex\u00e3o FAT e Acolhida nas Redes Sociais.<\/p>\n<p><strong>P\u00fablico Alvo<\/strong>: Servidores docentes e TAE\u2019s ativos*<\/p>\n<p><strong>Per\u00edodo de inscri\u00e7\u00e3o<\/strong>: 16\/03 a 26\/03\/2021<\/p>\n<p><strong>Divulga\u00e7\u00e3o das inscri\u00e7\u00f5es homologadas<\/strong>: 29\/03**, nesta p\u00e1gina.<\/p>\n<p>*Considerando a Pol\u00edtica Nacional de Desenvolvimento de Pessoas, conforme Decreto n\u00ba 9.991\/19, somente ser\u00e3o certificados os servidores p\u00fablicos pertencentes ao Quadro Efetivo da UFPel.<\/p>\n<p>**Quando homologadas as inscri\u00e7\u00f5es, os selecionados receber\u00e3o e-mail com instru\u00e7\u00f5es de acesso \u00e0 sala de Webconf da UFPel.<\/p>\n<p><strong><span style=\"color: #ff6600\"><a style=\"color: #ff6600\" href=\"https:\/\/wp.ufpel.edu.br\/progep\/files\/2021\/03\/homologa-inscritos_Roda-de-conversa-Acolhimento-aos-ingressantes-e-estudantes-veteranos-Estrategias-de-dialogo-em-tempos-de-Calendario-Academico-Remoto.pdf\">INSCRI\u00c7\u00d5ES HOMOLOGADAS<\/a><\/span><\/strong><\/p>\n","protected":false},"excerpt":{"rendered":"<p>Facilitadores: Priscilla Teixeira da Silva (T\u00e9cnica-Administrativa); Isabel Cristina Rosa Barros Rasia (docente); Danielle Guerreiro da Rosa (discente) Data: 31\/03\/2021 (quarta-feira) Hora:\u00a0das 17h \u00e0s 18h30min Realiza\u00e7\u00e3o:\u00a0plataforma Webconf da UFPel (na modalidade\u00a0on-line) Ementa:\u00a0Discuss\u00e3o da import\u00e2ncia do acolhimento ao estudante ingressante e veterano na unidade acad\u00eamica, abordando possibilidades e momentos de integra\u00e7\u00e3o entre toda a comunidade (docentes, TAES [&hellip;]<\/p>\n","protected":false},"author":21,"featured_media":0,"parent":0,"menu_order":0,"comment_status":"closed","ping_status":"closed","template":"","meta":{"footnotes":""},"class_list":["post-17095","page","type-page","status-publish","hentry"],"_links":{"self":[{"href":"https:\/\/wp.ufpel.edu.br\/progep\/wp-json\/wp\/v2\/pages\/17095","targetHints":{"allow":["GET"]}}],"collection":[{"href":"https:\/\/wp.ufpel.edu.br\/progep\/wp-json\/wp\/v2\/pages"}],"about":[{"href":"https:\/\/wp.ufpel.edu.br\/progep\/wp-json\/wp\/v2\/types\/page"}],"author":[{"embeddable":true,"href":"https:\/\/wp.ufpel.edu.br\/progep\/wp-json\/wp\/v2\/users\/21"}],"replies":[{"embeddable":true,"href":"https:\/\/wp.ufpel.edu.br\/progep\/wp-json\/wp\/v2\/comments?post=17095"}],"version-history":[{"count":10,"href":"https:\/\/wp.ufpel.edu.br\/progep\/wp-json\/wp\/v2\/pages\/17095\/revisions"}],"predecessor-version":[{"id":33915,"href":"https:\/\/wp.ufpel.edu.br\/progep\/wp-json\/wp\/v2\/pages\/17095\/revisions\/33915"}],"wp:attachment":[{"href":"https:\/\/wp.ufpel.edu.br\/progep\/wp-json\/wp\/v2\/media?parent=17095"}],"curies":[{"name":"wp","href":"https:\/\/api.w.org\/{rel}","templated":true}]}}