{"id":17026,"date":"2021-03-10T10:42:18","date_gmt":"2021-03-10T13:42:18","guid":{"rendered":"https:\/\/wp.ufpel.edu.br\/progep\/?page_id=17026"},"modified":"2025-06-30T13:45:23","modified_gmt":"2025-06-30T16:45:23","slug":"curso-de-estudos-de-genero-e-epistemologia-feminista","status":"publish","type":"page","link":"https:\/\/wp.ufpel.edu.br\/progep\/curso-de-estudos-de-genero-e-epistemologia-feminista\/","title":{"rendered":"Capacita\u00e7\u00e3o: Curso de Estudos de G\u00eanero e Epistemologia Feminista"},"content":{"rendered":"<p><strong>Ministrante(s): <\/strong>Prof\u00aa Rejane Barreto jardim<\/p>\n<p><b>Modalidade: <\/b><em>Online<\/em><\/p>\n<p><strong>Carga hor\u00e1ria:<\/strong> 20 horas<\/p>\n<p class=\"v1MsoNormal\"><strong>Per\u00edodo<\/strong>: 22 de mar\u00e7o a 30 <span style=\"background-color: #ffffff\">de mar\u00e7o de 2021<\/span><\/p>\n<p><strong>Aulas S\u00edncronas:<\/strong> Ser\u00e3o realizadas das\u00a0<strong>14 h \u00e0s 16h<\/strong> nos seguintes dias: <strong>22<\/strong>, <strong>23<\/strong>, <b>26,<\/b>\u00a0<strong>29<\/strong> e <strong>30<\/strong> de mar\u00e7o de 2021 .<\/p>\n<p>Ainda ser\u00e3o realizados encontros ass\u00edncronos, nos quais os participantes receber\u00e3o material de apoio aos encontros s\u00edncronos e eventuais tarefas reflexivas. Ser\u00e3o postados, no dia seguinte da aula s\u00edncrona as atividades a serem realizadas.<\/p>\n<p class=\"v1MsoNormal\"><strong>Realiza\u00e7\u00e3o<\/strong>: Plataforma Webconf da UFPel<\/p>\n<p><strong>S\u00famula<\/strong>:<\/p>\n<ul>\n<li>Introdu\u00e7\u00e3o aos Estudos Feminista e Estudos de G\u00eanero;<\/li>\n<li>As rela\u00e7\u00f5es de Poder e as Tecnologias do G\u00eanero;<\/li>\n<li>Trabalho e rela\u00e7\u00f5es de poder genrificadas;<\/li>\n<li>V\u00eddeo Debate: Filme curta dura\u00e7\u00e3o Acorda Raimundo acorda;<\/li>\n<li>Avalia\u00e7\u00e3o e encerramento das atividades.<\/li>\n<\/ul>\n<p><b><strong>Avalia\u00e7\u00e3o: <\/strong><\/b>Frequ\u00eancia m\u00ednima de 75%. Al\u00e9m da frequ\u00eancia m\u00ednima, o <em>Paper<\/em> proposto ser\u00e1 o instrumento de avalia\u00e7\u00e3o, a partir do qual ser\u00e1 medido o aproveitamento da experi\u00eancia proposta.<\/p>\n<p class=\"v1MsoNormal\"><strong>P\u00fablico Alvo<\/strong>: Servidores (docentes e t\u00e9cnicos administrativos).<\/p>\n<p><strong>N\u00famero de vagas:<\/strong> 37 vagas (vagas limitadas por ordem de inscri\u00e7\u00e3o)**<\/p>\n<p><strong>Per\u00edodo de inscri\u00e7\u00e3o<\/strong>: 10\/03 a 18\/03\/2021<\/p>\n<p><strong>Divulga\u00e7\u00e3o das inscri\u00e7\u00f5es homologadas<\/strong>: 19\/03***, nesta p\u00e1gina.<\/p>\n<p>*Considerando a Pol\u00edtica Nacional de Desenvolvimento de Pessoas, conforme Decreto n\u00ba 9.991\/19, somente ser\u00e3o certificados os servidores p\u00fablicos pertencentes ao Quadro Efetivo da UFPel.<\/p>\n<p>**Vagas destinadas \u00e0 servidores pertencentes ao Quadro Efetivo da UFPel, preferencialmente.<\/p>\n<p>*** Quando da homologa\u00e7\u00e3o das inscri\u00e7\u00f5es, os selecionados receber\u00e3o e-mail com instru\u00e7\u00f5es de acesso \u00e0 sala de Webconf da UFPel.<\/p>\n<p><strong><span style=\"color: #ff6600\"><a style=\"color: #ff6600\" href=\"https:\/\/wp.ufpel.edu.br\/progep\/files\/2021\/03\/Curso-Estudos-de-Genero.pdf\">INSCRI\u00c7\u00d5ES HOMOLOGADAS<\/a><\/span><\/strong><\/p>\n<p>&nbsp;<\/p>\n<p>&nbsp;<\/p>\n","protected":false},"excerpt":{"rendered":"<p>Ministrante(s): Prof\u00aa Rejane Barreto jardim Modalidade: Online Carga hor\u00e1ria: 20 horas Per\u00edodo: 22 de mar\u00e7o a 30 de mar\u00e7o de 2021 Aulas S\u00edncronas: Ser\u00e3o realizadas das\u00a014 h \u00e0s 16h nos seguintes dias: 22, 23, 26,\u00a029 e 30 de mar\u00e7o de 2021 . Ainda ser\u00e3o realizados encontros ass\u00edncronos, nos quais os participantes receber\u00e3o material de apoio [&hellip;]<\/p>\n","protected":false},"author":21,"featured_media":0,"parent":0,"menu_order":0,"comment_status":"closed","ping_status":"closed","template":"","meta":{"footnotes":""},"class_list":["post-17026","page","type-page","status-publish","hentry"],"_links":{"self":[{"href":"https:\/\/wp.ufpel.edu.br\/progep\/wp-json\/wp\/v2\/pages\/17026","targetHints":{"allow":["GET"]}}],"collection":[{"href":"https:\/\/wp.ufpel.edu.br\/progep\/wp-json\/wp\/v2\/pages"}],"about":[{"href":"https:\/\/wp.ufpel.edu.br\/progep\/wp-json\/wp\/v2\/types\/page"}],"author":[{"embeddable":true,"href":"https:\/\/wp.ufpel.edu.br\/progep\/wp-json\/wp\/v2\/users\/21"}],"replies":[{"embeddable":true,"href":"https:\/\/wp.ufpel.edu.br\/progep\/wp-json\/wp\/v2\/comments?post=17026"}],"version-history":[{"count":14,"href":"https:\/\/wp.ufpel.edu.br\/progep\/wp-json\/wp\/v2\/pages\/17026\/revisions"}],"predecessor-version":[{"id":33917,"href":"https:\/\/wp.ufpel.edu.br\/progep\/wp-json\/wp\/v2\/pages\/17026\/revisions\/33917"}],"wp:attachment":[{"href":"https:\/\/wp.ufpel.edu.br\/progep\/wp-json\/wp\/v2\/media?parent=17026"}],"curies":[{"name":"wp","href":"https:\/\/api.w.org\/{rel}","templated":true}]}}