{"id":16969,"date":"2021-03-02T14:28:35","date_gmt":"2021-03-02T17:28:35","guid":{"rendered":"https:\/\/wp.ufpel.edu.br\/progep\/?page_id=16969"},"modified":"2025-06-30T13:45:31","modified_gmt":"2025-06-30T16:45:31","slug":"roda-de-conversa-saude-da-mulher-prevencao","status":"publish","type":"page","link":"https:\/\/wp.ufpel.edu.br\/progep\/roda-de-conversa-saude-da-mulher-prevencao\/","title":{"rendered":"Capacita\u00e7\u00e3o: Roda de Conversa:  Sa\u00fade da mulher: preven\u00e7\u00e3o nas diferentes faixas et\u00e1rias"},"content":{"rendered":"<p><strong>Facilitadores: <\/strong>Lara Florio Real Loyola<\/p>\n<p><strong>Data:<\/strong> 15\/03\/2021 (segunda-feira) <strong>NOVA DATA<br \/>\n<\/strong>Servidores anteriormente inscritos est\u00e3o confirmados para a nova data e receber\u00e3o instru\u00e7\u00f5es de acesso ao evento na data da homologa\u00e7\u00e3o (12\/03).<strong><br \/>\n<\/strong><\/p>\n<p><strong>Hora:\u00a0<\/strong>das 14h \u00e0s 15h e 30min<\/p>\n<p><strong>Realiza\u00e7\u00e3o:<\/strong>\u00a0plataforma Webconf da UFPel (na modalidade\u00a0<em>on-line)<\/em><\/p>\n<p><strong>Ementa:\u00a0<\/strong>Cuidados com a sa\u00fade da mulher, a import\u00e2ncia da preven\u00e7\u00e3o nas diferentes faixas et\u00e1rias<\/p>\n<p><strong>P\u00fablico Alvo<\/strong>: Servidores docentes e TAE\u2019s ativos*<\/p>\n<p><strong>Per\u00edodo de inscri\u00e7\u00e3o<\/strong>: 08\/03 a 11\/03\/2021<\/p>\n<p><strong>Divulga\u00e7\u00e3o das inscri\u00e7\u00f5es homologadas<\/strong>: 12\/03**, nesta p\u00e1gina.<\/p>\n<p>*Considerando a Pol\u00edtica Nacional de Desenvolvimento de Pessoas, conforme Decreto n\u00ba 9.991\/19, somente ser\u00e3o certificados os servidores p\u00fablicos pertencentes ao Quadro Efetivo da UFPel.<\/p>\n<p>**Quando homologadas as inscri\u00e7\u00f5es, os selecionados receber\u00e3o e-mail com instru\u00e7\u00f5es de acesso \u00e0 sala de Webconf da UFPel.<\/p>\n<p><strong><span style=\"color: #ff6600\"><a style=\"color: #ff6600\" href=\"https:\/\/wp.ufpel.edu.br\/progep\/files\/2021\/03\/homologa-inscritos_Roda-de-Conversa-Saude-da-mulher-15-marco-2021.pdf\">INSCRI\u00c7\u00d5ES HOMOLOGADAS<\/a><\/span><\/strong><\/p>\n<p>&nbsp;<\/p>\n<p>&nbsp;<\/p>\n<p>&nbsp;<\/p>\n","protected":false},"excerpt":{"rendered":"<p>Facilitadores: Lara Florio Real Loyola Data: 15\/03\/2021 (segunda-feira) NOVA DATA Servidores anteriormente inscritos est\u00e3o confirmados para a nova data e receber\u00e3o instru\u00e7\u00f5es de acesso ao evento na data da homologa\u00e7\u00e3o (12\/03). Hora:\u00a0das 14h \u00e0s 15h e 30min Realiza\u00e7\u00e3o:\u00a0plataforma Webconf da UFPel (na modalidade\u00a0on-line) Ementa:\u00a0Cuidados com a sa\u00fade da mulher, a import\u00e2ncia da preven\u00e7\u00e3o nas diferentes [&hellip;]<\/p>\n","protected":false},"author":21,"featured_media":0,"parent":0,"menu_order":0,"comment_status":"closed","ping_status":"closed","template":"","meta":{"footnotes":""},"class_list":["post-16969","page","type-page","status-publish","hentry"],"_links":{"self":[{"href":"https:\/\/wp.ufpel.edu.br\/progep\/wp-json\/wp\/v2\/pages\/16969","targetHints":{"allow":["GET"]}}],"collection":[{"href":"https:\/\/wp.ufpel.edu.br\/progep\/wp-json\/wp\/v2\/pages"}],"about":[{"href":"https:\/\/wp.ufpel.edu.br\/progep\/wp-json\/wp\/v2\/types\/page"}],"author":[{"embeddable":true,"href":"https:\/\/wp.ufpel.edu.br\/progep\/wp-json\/wp\/v2\/users\/21"}],"replies":[{"embeddable":true,"href":"https:\/\/wp.ufpel.edu.br\/progep\/wp-json\/wp\/v2\/comments?post=16969"}],"version-history":[{"count":16,"href":"https:\/\/wp.ufpel.edu.br\/progep\/wp-json\/wp\/v2\/pages\/16969\/revisions"}],"predecessor-version":[{"id":33918,"href":"https:\/\/wp.ufpel.edu.br\/progep\/wp-json\/wp\/v2\/pages\/16969\/revisions\/33918"}],"wp:attachment":[{"href":"https:\/\/wp.ufpel.edu.br\/progep\/wp-json\/wp\/v2\/media?parent=16969"}],"curies":[{"name":"wp","href":"https:\/\/api.w.org\/{rel}","templated":true}]}}