{"id":16680,"date":"2020-11-19T17:18:49","date_gmt":"2020-11-19T20:18:49","guid":{"rendered":"https:\/\/wp.ufpel.edu.br\/progep\/?page_id=16680"},"modified":"2025-06-30T13:45:45","modified_gmt":"2025-06-30T16:45:45","slug":"roda-de-conversa-cancer-de-pele-o-que-eu-preciso-saber","status":"publish","type":"page","link":"https:\/\/wp.ufpel.edu.br\/progep\/roda-de-conversa-cancer-de-pele-o-que-eu-preciso-saber\/","title":{"rendered":"Capacita\u00e7\u00e3o: Roda de Conversa: C\u00e2ncer de pele: o que eu preciso saber?"},"content":{"rendered":"<p><strong>Facilitadora: <\/strong>Prof\u00aa Cristiane Rios Petrarca<\/p>\n<p><strong>Data:<\/strong> 09\/12\/2020 (quarta-feira)<\/p>\n<p><strong>Hora:\u00a0<\/strong>das 09h \u00e0s 10h30min<\/p>\n<p><strong>Realiza\u00e7\u00e3o:<\/strong>\u00a0plataforma Webconf da UFPel (na modalidade\u00a0<em>on-line)<\/em><\/p>\n<p><strong>Ementa: <\/strong>O encontro tem o intuito de promover o conhecimento sobre como prevenir o c\u00e2ncer de pele (cuidados, h\u00e1bitos de vida, rastreio), quando suspeitar de les\u00f5es da pele.<\/p>\n<p><strong>P\u00fablico Alvo<\/strong>: Servidores docentes e TAE\u2019s ativos*<\/p>\n<p><strong>Per\u00edodo de inscri\u00e7\u00e3o<\/strong>: 19\/11 a 07\/12\/2020<\/p>\n<p><strong>Divulga\u00e7\u00e3o das inscri\u00e7\u00f5es homologadas<\/strong>: 08\/12**, nesta p\u00e1gina.<\/p>\n<p>*Considerando a Pol\u00edtica Nacional de Desenvolvimento de Pessoas, conforme Decreto n\u00ba 9.991\/19, somente ser\u00e3o certificados os servidores p\u00fablicos pertencentes ao Quadro Efetivo da UFPel.<\/p>\n<p>**Quando homologadas as inscri\u00e7\u00f5es, os selecionados receber\u00e3o e-mail com instru\u00e7\u00f5es de acesso \u00e0 sala de Webconf da UFPel.<\/p>\n<p><strong><span style=\"color: #ff6600\"><a style=\"color: #ff6600\" href=\"https:\/\/wp.ufpel.edu.br\/progep\/files\/2020\/12\/homologa-inscritos_Roda-de-Conversa-Cancer-de-pele-o-que-eu-preciso-saber.pdf\">INSCRI\u00c7\u00d5ES HOMOLOGADAS<\/a><\/span><\/strong><\/p>\n<p><img class=\"aligncenter wp-image-16700\" src=\"https:\/\/wp.ufpel.edu.br\/progep\/files\/2020\/11\/simbolo-acessivel-em-libras.jpg\" alt=\"\" width=\"114\" height=\"172\" srcset=\"https:\/\/wp.ufpel.edu.br\/progep\/files\/2020\/11\/simbolo-acessivel-em-libras.jpg 469w, https:\/\/wp.ufpel.edu.br\/progep\/files\/2020\/11\/simbolo-acessivel-em-libras-266x400.jpg 266w\" sizes=\"(max-width: 114px) 100vw, 114px\" \/><\/p>\n","protected":false},"excerpt":{"rendered":"<p>Facilitadora: Prof\u00aa Cristiane Rios Petrarca Data: 09\/12\/2020 (quarta-feira) Hora:\u00a0das 09h \u00e0s 10h30min Realiza\u00e7\u00e3o:\u00a0plataforma Webconf da UFPel (na modalidade\u00a0on-line) Ementa: O encontro tem o intuito de promover o conhecimento sobre como prevenir o c\u00e2ncer de pele (cuidados, h\u00e1bitos de vida, rastreio), quando suspeitar de les\u00f5es da pele. P\u00fablico Alvo: Servidores docentes e TAE\u2019s ativos* Per\u00edodo de [&hellip;]<\/p>\n","protected":false},"author":21,"featured_media":0,"parent":0,"menu_order":0,"comment_status":"closed","ping_status":"closed","template":"","meta":{"footnotes":""},"class_list":["post-16680","page","type-page","status-publish","hentry"],"_links":{"self":[{"href":"https:\/\/wp.ufpel.edu.br\/progep\/wp-json\/wp\/v2\/pages\/16680","targetHints":{"allow":["GET"]}}],"collection":[{"href":"https:\/\/wp.ufpel.edu.br\/progep\/wp-json\/wp\/v2\/pages"}],"about":[{"href":"https:\/\/wp.ufpel.edu.br\/progep\/wp-json\/wp\/v2\/types\/page"}],"author":[{"embeddable":true,"href":"https:\/\/wp.ufpel.edu.br\/progep\/wp-json\/wp\/v2\/users\/21"}],"replies":[{"embeddable":true,"href":"https:\/\/wp.ufpel.edu.br\/progep\/wp-json\/wp\/v2\/comments?post=16680"}],"version-history":[{"count":5,"href":"https:\/\/wp.ufpel.edu.br\/progep\/wp-json\/wp\/v2\/pages\/16680\/revisions"}],"predecessor-version":[{"id":33919,"href":"https:\/\/wp.ufpel.edu.br\/progep\/wp-json\/wp\/v2\/pages\/16680\/revisions\/33919"}],"wp:attachment":[{"href":"https:\/\/wp.ufpel.edu.br\/progep\/wp-json\/wp\/v2\/media?parent=16680"}],"curies":[{"name":"wp","href":"https:\/\/api.w.org\/{rel}","templated":true}]}}