{"id":16664,"date":"2020-11-19T14:25:19","date_gmt":"2020-11-19T17:25:19","guid":{"rendered":"https:\/\/wp.ufpel.edu.br\/progep\/?page_id=16664"},"modified":"2025-06-30T13:46:00","modified_gmt":"2025-06-30T16:46:00","slug":"roda-de-conversa-processo-de-ensino-aprendizagem-em-tempos-de-pandemia","status":"publish","type":"page","link":"https:\/\/wp.ufpel.edu.br\/progep\/roda-de-conversa-processo-de-ensino-aprendizagem-em-tempos-de-pandemia\/","title":{"rendered":"Capacita\u00e7\u00e3o: Roda de conversa: Processo de ensino-aprendizagem em tempos de Pandemia"},"content":{"rendered":"<p><strong>Facilitadora:\u00a0<\/strong>Prof\u00aa. Silvia Nara Siqueira Pinheiro<\/p>\n<p><strong>Data:<\/strong> 02\/12\/2020 (quarta-feira)<\/p>\n<p><strong>Hora:\u00a0<\/strong>das 15h \u00e0s 16h30min<\/p>\n<p><strong>Realiza\u00e7\u00e3o:<\/strong>\u00a0plataforma Webconf da UFPel (na modalidade\u00a0<em>on-line)<\/em><\/p>\n<p><strong>Ementa: <\/strong>Contextualiza\u00e7\u00e3o do momento atual e consequ\u00eancias para o processo de ensino-aprendizagem e sa\u00fade mental dos envolvidos.<\/p>\n<p><strong>P\u00fablico Alvo<\/strong>: Servidores docentes e TAE\u2019s ativos*<\/p>\n<p><strong>Per\u00edodo de inscri\u00e7\u00e3o<\/strong>: 19\/11 a 29\/11\/2020<\/p>\n<p><strong>Divulga\u00e7\u00e3o das inscri\u00e7\u00f5es homologadas<\/strong>: 01\/12**, nesta p\u00e1gina.<\/p>\n<p>*Considerando a Pol\u00edtica Nacional de Desenvolvimento de Pessoas, conforme Decreto n\u00ba 9.991\/19, somente ser\u00e3o certificados os servidores p\u00fablicos pertencentes ao Quadro Efetivo da UFPel.<\/p>\n<p>**Quando homologadas as inscri\u00e7\u00f5es, os selecionados receber\u00e3o e-mail com instru\u00e7\u00f5es de acesso \u00e0 sala de Webconf da UFPel.<\/p>\n<p><span style=\"color: #ff6600\"><strong><a style=\"color: #ff6600\" href=\"https:\/\/wp.ufpel.edu.br\/progep\/files\/2020\/12\/Homologacao.pdf\">Inscri\u00e7\u00f5es homologadas<\/a><\/strong><\/span><\/p>\n<p>&nbsp;<\/p>\n<p><img class=\"aligncenter wp-image-16700\" src=\"https:\/\/wp.ufpel.edu.br\/progep\/files\/2020\/11\/simbolo-acessivel-em-libras.jpg\" alt=\"\" width=\"131\" height=\"197\" srcset=\"https:\/\/wp.ufpel.edu.br\/progep\/files\/2020\/11\/simbolo-acessivel-em-libras.jpg 469w, https:\/\/wp.ufpel.edu.br\/progep\/files\/2020\/11\/simbolo-acessivel-em-libras-266x400.jpg 266w\" sizes=\"(max-width: 131px) 100vw, 131px\" \/><\/p>\n","protected":false},"excerpt":{"rendered":"<p>Facilitadora:\u00a0Prof\u00aa. Silvia Nara Siqueira Pinheiro Data: 02\/12\/2020 (quarta-feira) Hora:\u00a0das 15h \u00e0s 16h30min Realiza\u00e7\u00e3o:\u00a0plataforma Webconf da UFPel (na modalidade\u00a0on-line) Ementa: Contextualiza\u00e7\u00e3o do momento atual e consequ\u00eancias para o processo de ensino-aprendizagem e sa\u00fade mental dos envolvidos. P\u00fablico Alvo: Servidores docentes e TAE\u2019s ativos* Per\u00edodo de inscri\u00e7\u00e3o: 19\/11 a 29\/11\/2020 Divulga\u00e7\u00e3o das inscri\u00e7\u00f5es homologadas: 01\/12**, nesta p\u00e1gina. [&hellip;]<\/p>\n","protected":false},"author":21,"featured_media":0,"parent":0,"menu_order":0,"comment_status":"closed","ping_status":"closed","template":"","meta":{"footnotes":""},"class_list":["post-16664","page","type-page","status-publish","hentry"],"_links":{"self":[{"href":"https:\/\/wp.ufpel.edu.br\/progep\/wp-json\/wp\/v2\/pages\/16664","targetHints":{"allow":["GET"]}}],"collection":[{"href":"https:\/\/wp.ufpel.edu.br\/progep\/wp-json\/wp\/v2\/pages"}],"about":[{"href":"https:\/\/wp.ufpel.edu.br\/progep\/wp-json\/wp\/v2\/types\/page"}],"author":[{"embeddable":true,"href":"https:\/\/wp.ufpel.edu.br\/progep\/wp-json\/wp\/v2\/users\/21"}],"replies":[{"embeddable":true,"href":"https:\/\/wp.ufpel.edu.br\/progep\/wp-json\/wp\/v2\/comments?post=16664"}],"version-history":[{"count":6,"href":"https:\/\/wp.ufpel.edu.br\/progep\/wp-json\/wp\/v2\/pages\/16664\/revisions"}],"predecessor-version":[{"id":33922,"href":"https:\/\/wp.ufpel.edu.br\/progep\/wp-json\/wp\/v2\/pages\/16664\/revisions\/33922"}],"wp:attachment":[{"href":"https:\/\/wp.ufpel.edu.br\/progep\/wp-json\/wp\/v2\/media?parent=16664"}],"curies":[{"name":"wp","href":"https:\/\/api.w.org\/{rel}","templated":true}]}}