{"id":16612,"date":"2020-11-11T14:27:08","date_gmt":"2020-11-11T17:27:08","guid":{"rendered":"https:\/\/wp.ufpel.edu.br\/progep\/?page_id=16612"},"modified":"2025-06-30T13:46:11","modified_gmt":"2025-06-30T16:46:11","slug":"capacita-na-web-utilizacao-de-videos-no-ensino-de-graduacao","status":"publish","type":"page","link":"https:\/\/wp.ufpel.edu.br\/progep\/capacita-na-web-utilizacao-de-videos-no-ensino-de-graduacao\/","title":{"rendered":"Capacita\u00e7\u00e3o: Capacita na web: Utiliza\u00e7\u00e3o de v\u00eddeos no ensino de gradua\u00e7\u00e3o"},"content":{"rendered":"<p><strong>Facilitadores: <\/strong>Prof\u00aa Rozane da Silveira Alves (IFM) e Cau\u00ea Duarte (PROGIC)<\/p>\n<p><strong>Data:<\/strong> 27\/11\/2020 (sexta-feira)<\/p>\n<p><strong>Hora:\u00a0<\/strong>das 14h30min \u00e0s 16h<\/p>\n<p><strong>Realiza\u00e7\u00e3o:<\/strong>\u00a0plataforma Webconf da UFPel (na modalidade\u00a0on-line<em>)<\/em><\/p>\n<p><strong>Ementa: <\/strong>Nesta roda de conversa ser\u00e3o abordados os desafios do professor em tempos de isolamento social: como usar v\u00eddeos nas minhas disciplinas?\u00a0 E como utiliz\u00e1-los de forma pedag\u00f3gica? Como eu fa\u00e7o para produzir um v\u00eddeo?<\/p>\n<p><strong>P\u00fablico Alvo<\/strong>: Servidores docentes e TAE\u2019s ativos*<\/p>\n<p><strong>Per\u00edodo de inscri\u00e7\u00e3o<\/strong>: 11\/11 a 24\/11\/2020<\/p>\n<p><strong>Divulga\u00e7\u00e3o das inscri\u00e7\u00f5es homologadas<\/strong>: 25\/11**, nesta p\u00e1gina.<\/p>\n<p>*Considerando a Pol\u00edtica Nacional de Desenvolvimento de Pessoas, conforme Decreto n\u00ba 9.991\/19, somente ser\u00e3o certificados os servidores p\u00fablicos pertencentes ao Quadro Efetivo da UFPel.<\/p>\n<p>**Quando homologadas as inscri\u00e7\u00f5es, os selecionados receber\u00e3o e-mail com instru\u00e7\u00f5es de acesso \u00e0 sala de Webconf da UFPel.<\/p>\n<p><strong><span style=\"color: #ff6600\"><a style=\"color: #ff6600\" href=\"https:\/\/wp.ufpel.edu.br\/progep\/files\/2020\/11\/Homologacao-1-1.pdf\">Inscri\u00e7\u00f5es Homologadas!<\/a><\/span><\/strong><\/p>\n","protected":false},"excerpt":{"rendered":"<p>Facilitadores: Prof\u00aa Rozane da Silveira Alves (IFM) e Cau\u00ea Duarte (PROGIC) Data: 27\/11\/2020 (sexta-feira) Hora:\u00a0das 14h30min \u00e0s 16h Realiza\u00e7\u00e3o:\u00a0plataforma Webconf da UFPel (na modalidade\u00a0on-line) Ementa: Nesta roda de conversa ser\u00e3o abordados os desafios do professor em tempos de isolamento social: como usar v\u00eddeos nas minhas disciplinas?\u00a0 E como utiliz\u00e1-los de forma pedag\u00f3gica? Como eu fa\u00e7o [&hellip;]<\/p>\n","protected":false},"author":21,"featured_media":0,"parent":0,"menu_order":0,"comment_status":"closed","ping_status":"closed","template":"","meta":{"footnotes":""},"class_list":["post-16612","page","type-page","status-publish","hentry"],"_links":{"self":[{"href":"https:\/\/wp.ufpel.edu.br\/progep\/wp-json\/wp\/v2\/pages\/16612","targetHints":{"allow":["GET"]}}],"collection":[{"href":"https:\/\/wp.ufpel.edu.br\/progep\/wp-json\/wp\/v2\/pages"}],"about":[{"href":"https:\/\/wp.ufpel.edu.br\/progep\/wp-json\/wp\/v2\/types\/page"}],"author":[{"embeddable":true,"href":"https:\/\/wp.ufpel.edu.br\/progep\/wp-json\/wp\/v2\/users\/21"}],"replies":[{"embeddable":true,"href":"https:\/\/wp.ufpel.edu.br\/progep\/wp-json\/wp\/v2\/comments?post=16612"}],"version-history":[{"count":5,"href":"https:\/\/wp.ufpel.edu.br\/progep\/wp-json\/wp\/v2\/pages\/16612\/revisions"}],"predecessor-version":[{"id":33924,"href":"https:\/\/wp.ufpel.edu.br\/progep\/wp-json\/wp\/v2\/pages\/16612\/revisions\/33924"}],"wp:attachment":[{"href":"https:\/\/wp.ufpel.edu.br\/progep\/wp-json\/wp\/v2\/media?parent=16612"}],"curies":[{"name":"wp","href":"https:\/\/api.w.org\/{rel}","templated":true}]}}