{"id":16608,"date":"2020-11-11T13:49:51","date_gmt":"2020-11-11T16:49:51","guid":{"rendered":"https:\/\/wp.ufpel.edu.br\/progep\/?page_id=16608"},"modified":"2025-06-30T13:46:16","modified_gmt":"2025-06-30T16:46:16","slug":"capacita-na-web-principais-residuos-gerados-na-ufpel-manejo-e-destinacao-com-enfase-em-residuos-perigosos","status":"publish","type":"page","link":"https:\/\/wp.ufpel.edu.br\/progep\/capacita-na-web-principais-residuos-gerados-na-ufpel-manejo-e-destinacao-com-enfase-em-residuos-perigosos\/","title":{"rendered":"Capacita\u00e7\u00e3o: Capacita na web: Principais Res\u00edduos gerados na UFPel: Manejo e destina\u00e7\u00e3o &#8211; com \u00eanfase em Res\u00edduos Perigosos"},"content":{"rendered":"<p><strong>Facilitadores: \u00a0<\/strong>Ver\u00f4nica Caldeira Leite Christino, Tatiane Lotufo Leite e Franco Goulart Knuth<\/p>\n<p><strong>D<\/strong><strong>ata:<\/strong> 26\/11\/2020 (quinta-feira)<\/p>\n<p><strong>Hora:\u00a0<\/strong>das 14h \u00e0s 18h<\/p>\n<p><strong>Realiza\u00e7\u00e3o:<\/strong>\u00a0plataforma Webconf da UFPel (na modalidade\u00a0on-line<em>)<\/em><\/p>\n<p><strong>Ementa: <\/strong>Ser\u00e3o abordados os seguintes temas:<strong><br \/>\n<\/strong>1. Gest\u00e3o de Res\u00edduos na UFPel \u2013 Manual de Gerenciamento dos Res\u00edduos Perigosos e Cartilha de Manejo Interno de Res\u00edduos S\u00f3lidos na UFPel;<br \/>\n2. Res\u00edduos S\u00f3lidos Urbanos (Org\u00e2nicos, rejeitos e recicl\u00e1veis)<br \/>\n3. Res\u00edduos Perigosos<br \/>\na) L\u00e2mpadas Fluorescentes<br \/>\nb) Pilhas e baterias<br \/>\nc) Equipamentos eletr\u00f4nicos e perif\u00e9ricos<br \/>\nd) Tonners e cartuchos<br \/>\ne) Res\u00edduos de Servi\u00e7os de Sa\u00fade<br \/>\ni. Biol\u00f3gicos<br \/>\nii. Qu\u00edmicos<br \/>\niii.Perfurocortantes<br \/>\nf) Outros res\u00edduos<br \/>\ng)Identifica\u00e7\u00e3o de passivos qu\u00edmicos<br \/>\n4. Re-partilhar (proposta de trocas e doa\u00e7\u00f5es de insumos de laborat\u00f3rio)<br \/>\n5. Planos de Gerenciamento de Res\u00edduos \u2013 exemplos e formula\u00e7\u00e3o<strong><br \/>\n<\/strong><\/p>\n<p><strong>P\u00fablico Alvo<\/strong>: Servidores docentes e TAE\u2019s ativos*<\/p>\n<p><strong>Per\u00edodo de inscri\u00e7\u00e3o<\/strong>: 11\/11 a 23\/11\/2020 <span style=\"color: #ff0000\">(Inscri\u00e7\u00f5es encerradas antecipadamente, a pedido dos facilitadores, em raz\u00e3o do n\u00famero de inscritos)<\/span><\/p>\n<p><strong>Divulga\u00e7\u00e3o das inscri\u00e7\u00f5es homologadas<\/strong>: 24\/11**, nesta p\u00e1gina.<\/p>\n<p>*Considerando a Pol\u00edtica Nacional de Desenvolvimento de Pessoas, conforme Decreto n\u00ba 9.991\/19, somente ser\u00e3o certificados os servidores p\u00fablicos pertencentes ao Quadro Efetivo da UFPel.<\/p>\n<p>**Quando homologadas as inscri\u00e7\u00f5es, os selecionados receber\u00e3o e-mail com instru\u00e7\u00f5es de acesso \u00e0 sala de Webconf da UFPel.<\/p>\n<p><span style=\"color: #ff6600\"><strong><a style=\"color: #ff6600\" href=\"https:\/\/wp.ufpel.edu.br\/progep\/files\/2020\/11\/Homologacao-1.pdf\">Inscri\u00e7\u00f5es Homologadas<\/a><\/strong><\/span><\/p>\n","protected":false},"excerpt":{"rendered":"<p>Facilitadores: \u00a0Ver\u00f4nica Caldeira Leite Christino, Tatiane Lotufo Leite e Franco Goulart Knuth Data: 26\/11\/2020 (quinta-feira) Hora:\u00a0das 14h \u00e0s 18h Realiza\u00e7\u00e3o:\u00a0plataforma Webconf da UFPel (na modalidade\u00a0on-line) Ementa: Ser\u00e3o abordados os seguintes temas: 1. Gest\u00e3o de Res\u00edduos na UFPel \u2013 Manual de Gerenciamento dos Res\u00edduos Perigosos e Cartilha de Manejo Interno de Res\u00edduos S\u00f3lidos na UFPel; 2. [&hellip;]<\/p>\n","protected":false},"author":21,"featured_media":0,"parent":0,"menu_order":0,"comment_status":"closed","ping_status":"closed","template":"","meta":{"footnotes":""},"class_list":["post-16608","page","type-page","status-publish","hentry"],"_links":{"self":[{"href":"https:\/\/wp.ufpel.edu.br\/progep\/wp-json\/wp\/v2\/pages\/16608","targetHints":{"allow":["GET"]}}],"collection":[{"href":"https:\/\/wp.ufpel.edu.br\/progep\/wp-json\/wp\/v2\/pages"}],"about":[{"href":"https:\/\/wp.ufpel.edu.br\/progep\/wp-json\/wp\/v2\/types\/page"}],"author":[{"embeddable":true,"href":"https:\/\/wp.ufpel.edu.br\/progep\/wp-json\/wp\/v2\/users\/21"}],"replies":[{"embeddable":true,"href":"https:\/\/wp.ufpel.edu.br\/progep\/wp-json\/wp\/v2\/comments?post=16608"}],"version-history":[{"count":5,"href":"https:\/\/wp.ufpel.edu.br\/progep\/wp-json\/wp\/v2\/pages\/16608\/revisions"}],"predecessor-version":[{"id":33925,"href":"https:\/\/wp.ufpel.edu.br\/progep\/wp-json\/wp\/v2\/pages\/16608\/revisions\/33925"}],"wp:attachment":[{"href":"https:\/\/wp.ufpel.edu.br\/progep\/wp-json\/wp\/v2\/media?parent=16608"}],"curies":[{"name":"wp","href":"https:\/\/api.w.org\/{rel}","templated":true}]}}