{"id":16578,"date":"2020-11-11T11:34:09","date_gmt":"2020-11-11T14:34:09","guid":{"rendered":"https:\/\/wp.ufpel.edu.br\/progep\/?page_id=16578"},"modified":"2025-06-30T13:46:22","modified_gmt":"2025-06-30T16:46:22","slug":"capacita-na-web-recursos-educacionais-abertos-rea-e-direitos-autorias-criar-adaptar-utilizar-e-compartilhar","status":"publish","type":"page","link":"https:\/\/wp.ufpel.edu.br\/progep\/capacita-na-web-recursos-educacionais-abertos-rea-e-direitos-autorias-criar-adaptar-utilizar-e-compartilhar\/","title":{"rendered":"Capacita\u00e7\u00e3o: Capacita na web &#8211; Recursos Educacionais Abertos (REA) e Direitos Autorias: criar, adaptar, utilizar e compartilhar"},"content":{"rendered":"<p><strong>Facilitador: <\/strong>Prof Dr Raymundo Carlos Machado Ferreira Filho &#8211; CaVG\/IFSul<\/p>\n<p><strong>Data:<\/strong> <del>25\/11\/2020 (quarta-feira)<\/del>\u00a0 <span style=\"background-color: #ffff00\">ADIADA PARA O DIA 08\/12 (ter\u00e7a-feira) a confirmar<\/span><\/p>\n<p><strong>Hora:\u00a0<\/strong>das 15h30min \u00e0s 17h<\/p>\n<p><strong>Realiza\u00e7\u00e3o:<\/strong>\u00a0plataforma Webconf da UFPel (na modalidade\u00a0on-line<em>)<\/em><\/p>\n<p><strong>Ementa: <\/strong>Ser\u00e3o abordados os seguintes t\u00f3picos:<\/p>\n<div>&#8211; Conhecimento livre;<\/div>\n<div>&#8211; Direitos Autorais;<\/div>\n<div>&#8211; Creative Commons;<\/div>\n<div>&#8211; Recursos Educacionais Abertos;<\/div>\n<div>&#8211; Curadoria; e<\/div>\n<div>&#8211; PROEDU &#8211; Reposit\u00f3rio de Recursos Educacionais Abertos para EPT.<\/div>\n<p><strong>P\u00fablico Alvo<\/strong>: Servidores docentes e TAE\u2019s ativos*<\/p>\n<p><strong>Per\u00edodo de inscri\u00e7\u00e3o<\/strong>: 11\/11 a 22\/11\/2020<\/p>\n<p><strong>Divulga\u00e7\u00e3o das inscri\u00e7\u00f5es homologadas<\/strong>: 23\/11**, nesta p\u00e1gina.<\/p>\n<p>*Considerando a Pol\u00edtica Nacional de Desenvolvimento de Pessoas, conforme Decreto n\u00ba 9.991\/19, somente ser\u00e3o certificados os servidores p\u00fablicos pertencentes ao Quadro Efetivo da UFPel.<\/p>\n<p>**Quando homologadas as inscri\u00e7\u00f5es, os selecionados receber\u00e3o e-mail com instru\u00e7\u00f5es de acesso \u00e0 sala de Webconf da UFPel.<\/p>\n<p><span style=\"color: #ff6600\"><strong><a style=\"color: #ff6600\" href=\"https:\/\/wp.ufpel.edu.br\/progep\/files\/2020\/11\/Homologacao.pdf\">Inscri\u00e7\u00f5es homologadas<\/a><\/strong><\/span><\/p>\n","protected":false},"excerpt":{"rendered":"<p>Facilitador: Prof Dr Raymundo Carlos Machado Ferreira Filho &#8211; CaVG\/IFSul Data: 25\/11\/2020 (quarta-feira)\u00a0 ADIADA PARA O DIA 08\/12 (ter\u00e7a-feira) a confirmar Hora:\u00a0das 15h30min \u00e0s 17h Realiza\u00e7\u00e3o:\u00a0plataforma Webconf da UFPel (na modalidade\u00a0on-line) Ementa: Ser\u00e3o abordados os seguintes t\u00f3picos: &#8211; Conhecimento livre; &#8211; Direitos Autorais; &#8211; Creative Commons; &#8211; Recursos Educacionais Abertos; &#8211; Curadoria; e &#8211; PROEDU [&hellip;]<\/p>\n","protected":false},"author":21,"featured_media":0,"parent":0,"menu_order":0,"comment_status":"closed","ping_status":"closed","template":"","meta":{"footnotes":""},"class_list":["post-16578","page","type-page","status-publish","hentry"],"_links":{"self":[{"href":"https:\/\/wp.ufpel.edu.br\/progep\/wp-json\/wp\/v2\/pages\/16578","targetHints":{"allow":["GET"]}}],"collection":[{"href":"https:\/\/wp.ufpel.edu.br\/progep\/wp-json\/wp\/v2\/pages"}],"about":[{"href":"https:\/\/wp.ufpel.edu.br\/progep\/wp-json\/wp\/v2\/types\/page"}],"author":[{"embeddable":true,"href":"https:\/\/wp.ufpel.edu.br\/progep\/wp-json\/wp\/v2\/users\/21"}],"replies":[{"embeddable":true,"href":"https:\/\/wp.ufpel.edu.br\/progep\/wp-json\/wp\/v2\/comments?post=16578"}],"version-history":[{"count":5,"href":"https:\/\/wp.ufpel.edu.br\/progep\/wp-json\/wp\/v2\/pages\/16578\/revisions"}],"predecessor-version":[{"id":33926,"href":"https:\/\/wp.ufpel.edu.br\/progep\/wp-json\/wp\/v2\/pages\/16578\/revisions\/33926"}],"wp:attachment":[{"href":"https:\/\/wp.ufpel.edu.br\/progep\/wp-json\/wp\/v2\/media?parent=16578"}],"curies":[{"name":"wp","href":"https:\/\/api.w.org\/{rel}","templated":true}]}}