{"id":16576,"date":"2020-11-10T17:56:16","date_gmt":"2020-11-10T20:56:16","guid":{"rendered":"https:\/\/wp.ufpel.edu.br\/progep\/?page_id=16576"},"modified":"2025-06-30T13:46:41","modified_gmt":"2025-06-30T16:46:41","slug":"roda-de-conversa-dia-da-consciencia-negra-e-os-impactos-das-acoes-afirmativas-no-dia-a-dia-da-universidade","status":"publish","type":"page","link":"https:\/\/wp.ufpel.edu.br\/progep\/roda-de-conversa-dia-da-consciencia-negra-e-os-impactos-das-acoes-afirmativas-no-dia-a-dia-da-universidade\/","title":{"rendered":"Capacita\u00e7\u00e3o: Roda de Conversa: Dia da Consci\u00eancia Negra e os impactos das a\u00e7\u00f5es afirmativas no dia a dia da Universidade"},"content":{"rendered":"<p><strong>Facilitadores: <\/strong>Eraldo Pinheiro (NUAAD-UFPel), Cassiane de Freitas Paix\u00e3o (FURG) e Edilson Nabarro (CAF-UFRGS)<\/p>\n<p><strong>Data:<\/strong> 20\/11\/2020 (sexta-feira)<\/p>\n<p><strong>Hora:\u00a0<\/strong>das 10h \u00e0s 11h30min<\/p>\n<p><strong>Realiza\u00e7\u00e3o:<\/strong>\u00a0plataforma Webconf da UFPel (na modalidade\u00a0<em>on-line)<\/em><\/p>\n<p style=\"text-align: justify\"><strong>Ementa:<br \/>\n<\/strong>A universidade vem recebendo estudantes de diversas origens. Ao mesmo tempo tem uma estrutura consolidada h\u00e1 anos e as pessoas que comp\u00f5em o grupo de servidores da Universidade est\u00e3o precisando se reinventar, se adaptar \u00e0 novas rotinas. Neste sentido, em alus\u00e3o ao dia da Consci\u00eancia Negra, a roda de conversa tem o intuito de trocar ideias de como as a\u00e7\u00f5es afirmativas est\u00e3o modificando os saberes e a forma de intera\u00e7\u00e3o dentro e fora das Universidades. A a\u00e7\u00e3o de desenvolvimento ser\u00e1 conduzida pelos professores Eraldo Pinheiro (NUAAD-UFPel), Cassiane de Freitas Paix\u00e3o (FURG) e Edilson Nabarro (CAF-UFRGS).<\/p>\n<p><strong>P\u00fablico Alvo<\/strong>: Servidores docentes e TAE\u2019s ativos*<\/p>\n<p><strong>Per\u00edodo de inscri\u00e7\u00e3o<\/strong>: 10\/11 a 18\/11\/2020<\/p>\n<p><strong>Divulga\u00e7\u00e3o das inscri\u00e7\u00f5es homologadas<\/strong>: 19\/11**, nesta p\u00e1gina.<\/p>\n<p>*Considerando a Pol\u00edtica Nacional de Desenvolvimento de Pessoas, conforme Decreto n\u00ba 9.991\/19, somente ser\u00e3o certificados os servidores p\u00fablicos pertencentes ao Quadro Efetivo da UFPel.<\/p>\n<p>**Quando homologadas as inscri\u00e7\u00f5es, os selecionados receber\u00e3o e-mail com instru\u00e7\u00f5es de acesso \u00e0 sala de Webconf da UFPel.<\/p>\n<p><strong><span style=\"color: #ff6600\"><a style=\"color: #ff6600\" href=\"https:\/\/wp.ufpel.edu.br\/progep\/files\/2020\/11\/homologa-inscritos_Dia-da-Consciencia-Negra-e-os-impactos-das-acoes-afirmativas-no-dia-a-dia-da-Universidade.pdf\">INSCRI\u00c7\u00d5ES HOMOLOGADAS<\/a><\/span><\/strong><\/p>\n","protected":false},"excerpt":{"rendered":"<p>Facilitadores: Eraldo Pinheiro (NUAAD-UFPel), Cassiane de Freitas Paix\u00e3o (FURG) e Edilson Nabarro (CAF-UFRGS) Data: 20\/11\/2020 (sexta-feira) Hora:\u00a0das 10h \u00e0s 11h30min Realiza\u00e7\u00e3o:\u00a0plataforma Webconf da UFPel (na modalidade\u00a0on-line) Ementa: A universidade vem recebendo estudantes de diversas origens. Ao mesmo tempo tem uma estrutura consolidada h\u00e1 anos e as pessoas que comp\u00f5em o grupo de servidores da Universidade [&hellip;]<\/p>\n","protected":false},"author":21,"featured_media":0,"parent":0,"menu_order":0,"comment_status":"closed","ping_status":"closed","template":"","meta":{"footnotes":""},"class_list":["post-16576","page","type-page","status-publish","hentry"],"_links":{"self":[{"href":"https:\/\/wp.ufpel.edu.br\/progep\/wp-json\/wp\/v2\/pages\/16576","targetHints":{"allow":["GET"]}}],"collection":[{"href":"https:\/\/wp.ufpel.edu.br\/progep\/wp-json\/wp\/v2\/pages"}],"about":[{"href":"https:\/\/wp.ufpel.edu.br\/progep\/wp-json\/wp\/v2\/types\/page"}],"author":[{"embeddable":true,"href":"https:\/\/wp.ufpel.edu.br\/progep\/wp-json\/wp\/v2\/users\/21"}],"replies":[{"embeddable":true,"href":"https:\/\/wp.ufpel.edu.br\/progep\/wp-json\/wp\/v2\/comments?post=16576"}],"version-history":[{"count":6,"href":"https:\/\/wp.ufpel.edu.br\/progep\/wp-json\/wp\/v2\/pages\/16576\/revisions"}],"predecessor-version":[{"id":33929,"href":"https:\/\/wp.ufpel.edu.br\/progep\/wp-json\/wp\/v2\/pages\/16576\/revisions\/33929"}],"wp:attachment":[{"href":"https:\/\/wp.ufpel.edu.br\/progep\/wp-json\/wp\/v2\/media?parent=16576"}],"curies":[{"name":"wp","href":"https:\/\/api.w.org\/{rel}","templated":true}]}}