{"id":16550,"date":"2020-11-05T14:12:32","date_gmt":"2020-11-05T17:12:32","guid":{"rendered":"https:\/\/wp.ufpel.edu.br\/progep\/?page_id=16550"},"modified":"2025-06-30T13:46:33","modified_gmt":"2025-06-30T16:46:33","slug":"capacita-na-web-parceria-entre-docente-e-interprete-de-libras-estrategias-de-trabalho","status":"publish","type":"page","link":"https:\/\/wp.ufpel.edu.br\/progep\/capacita-na-web-parceria-entre-docente-e-interprete-de-libras-estrategias-de-trabalho\/","title":{"rendered":"Capacita\u00e7\u00e3o: Capacita na web: Parceria entre docente e int\u00e9rprete de Libras: estrat\u00e9gias de trabalho"},"content":{"rendered":"<p><strong>Facilitador(a): <\/strong>Tradutora e int\u00e9rprete de Libras Joseane Maciel Viana<\/p>\n<p><strong>Data:<\/strong> 19\/11\/2020 (quinta-feira)<\/p>\n<p><strong>Hora:\u00a0<\/strong>das 14:30 h \u00e0s 16:30h<\/p>\n<p><strong>Realiza\u00e7\u00e3o:<\/strong>\u00a0plataforma Webconf da UFPel (na modalidade\u00a0on-line<em>)<\/em><\/p>\n<p><strong>Ementa: <\/strong>Apontamentos sobre o planejamento e a pr\u00e1tica em salas de aula, presenciais e virtuais, em contextos de uso dos servi\u00e7os de tradu\u00e7\u00e3o e interpreta\u00e7\u00e3o de Libras e Portugu\u00eas. Ferramentas de apoio e estrat\u00e9gias de parceria com a Equipe de profissionais da UFPEL.<\/p>\n<p><strong>P\u00fablico Alvo<\/strong>: Servidores docentes e TAE\u2019s ativos*<\/p>\n<p><strong>Per\u00edodo de inscri\u00e7\u00e3o<\/strong>: 05\/11 a\u00a0 17\/11\/2020<\/p>\n<p><strong>Divulga\u00e7\u00e3o das inscri\u00e7\u00f5es homologadas<\/strong>: 18\/11**, nesta p\u00e1gina.<\/p>\n<p>*Considerando a Pol\u00edtica Nacional de Desenvolvimento de Pessoas, conforme Decreto n\u00ba 9.991\/19, somente ser\u00e3o certificados os servidores p\u00fablicos pertencentes ao Quadro Efetivo da UFPel.<\/p>\n<p>**Quando homologadas as inscri\u00e7\u00f5es, os selecionados receber\u00e3o e-mail com instru\u00e7\u00f5es de acesso \u00e0 sala de Webconf da UFPel.<\/p>\n<p><strong><span style=\"color: #ff6600\"><a style=\"color: #ff6600\" href=\"https:\/\/wp.ufpel.edu.br\/progep\/files\/2020\/11\/homologa-inscritos_Parceria-entre-docente-e-interprete-de-Libras.pdf\">INSCRI\u00c7\u00d5ES HOMOLOGADAS<\/a><\/span><\/strong><\/p>\n","protected":false},"excerpt":{"rendered":"<p>Facilitador(a): Tradutora e int\u00e9rprete de Libras Joseane Maciel Viana Data: 19\/11\/2020 (quinta-feira) Hora:\u00a0das 14:30 h \u00e0s 16:30h Realiza\u00e7\u00e3o:\u00a0plataforma Webconf da UFPel (na modalidade\u00a0on-line) Ementa: Apontamentos sobre o planejamento e a pr\u00e1tica em salas de aula, presenciais e virtuais, em contextos de uso dos servi\u00e7os de tradu\u00e7\u00e3o e interpreta\u00e7\u00e3o de Libras e Portugu\u00eas. Ferramentas de apoio [&hellip;]<\/p>\n","protected":false},"author":21,"featured_media":0,"parent":0,"menu_order":0,"comment_status":"closed","ping_status":"closed","template":"","meta":{"footnotes":""},"class_list":["post-16550","page","type-page","status-publish","hentry"],"_links":{"self":[{"href":"https:\/\/wp.ufpel.edu.br\/progep\/wp-json\/wp\/v2\/pages\/16550","targetHints":{"allow":["GET"]}}],"collection":[{"href":"https:\/\/wp.ufpel.edu.br\/progep\/wp-json\/wp\/v2\/pages"}],"about":[{"href":"https:\/\/wp.ufpel.edu.br\/progep\/wp-json\/wp\/v2\/types\/page"}],"author":[{"embeddable":true,"href":"https:\/\/wp.ufpel.edu.br\/progep\/wp-json\/wp\/v2\/users\/21"}],"replies":[{"embeddable":true,"href":"https:\/\/wp.ufpel.edu.br\/progep\/wp-json\/wp\/v2\/comments?post=16550"}],"version-history":[{"count":4,"href":"https:\/\/wp.ufpel.edu.br\/progep\/wp-json\/wp\/v2\/pages\/16550\/revisions"}],"predecessor-version":[{"id":33928,"href":"https:\/\/wp.ufpel.edu.br\/progep\/wp-json\/wp\/v2\/pages\/16550\/revisions\/33928"}],"wp:attachment":[{"href":"https:\/\/wp.ufpel.edu.br\/progep\/wp-json\/wp\/v2\/media?parent=16550"}],"curies":[{"name":"wp","href":"https:\/\/api.w.org\/{rel}","templated":true}]}}